{"id":7057,"date":"2023-04-19T09:56:20","date_gmt":"2023-04-19T07:56:20","guid":{"rendered":"https:\/\/www.tepo-consulting.ch\/?page_id=7057"},"modified":"2023-07-01T20:27:42","modified_gmt":"2023-07-01T18:27:42","slug":"nachhaltigkeit","status":"publish","type":"page","link":"https:\/\/www.tepo-consulting.ch\/de\/services\/tepo-vertrauenswuerdige-partner\/nachhaltigkeit\/","title":{"rendered":"Nachhaltigkeit"},"content":{"rendered":"\t\t<div data-elementor-type=\"wp-page\" data-elementor-id=\"7057\" class=\"elementor elementor-7057 elementor-4017\">\n\t\t\t\t\t\t\t<div class=\"elementor-element elementor-element-d33fb8e e-con-full e-flex e-con\" data-id=\"d33fb8e\" data-element_type=\"container\" data-settings=\"{&quot;content_width&quot;:&quot;full&quot;}\">\n\t\t<div class=\"elementor-element elementor-element-d07458c e-con-full e-flex e-con\" data-id=\"d07458c\" data-element_type=\"container\" data-settings=\"{&quot;content_width&quot;:&quot;full&quot;}\">\n\t\t\t\t<div class=\"elementor-element elementor-element-eaee9bd elementor-widget-divider--view-line elementor-widget elementor-widget-divider\" data-id=\"eaee9bd\" data-element_type=\"widget\" data-widget_type=\"divider.default\">\n\t\t\t\t<div class=\"elementor-widget-container\">\n\t\t\t<style>\/*! elementor - v3.13.3 - 28-05-2023 *\/\n.elementor-widget-divider{--divider-border-style:none;--divider-border-width:1px;--divider-color:#0c0d0e;--divider-icon-size:20px;--divider-element-spacing:10px;--divider-pattern-height:24px;--divider-pattern-size:20px;--divider-pattern-url:none;--divider-pattern-repeat:repeat-x}.elementor-widget-divider .elementor-divider{display:flex}.elementor-widget-divider .elementor-divider__text{font-size:15px;line-height:1;max-width:95%}.elementor-widget-divider .elementor-divider__element{margin:0 var(--divider-element-spacing);flex-shrink:0}.elementor-widget-divider .elementor-icon{font-size:var(--divider-icon-size)}.elementor-widget-divider .elementor-divider-separator{display:flex;margin:0;direction:ltr}.elementor-widget-divider--view-line_icon .elementor-divider-separator,.elementor-widget-divider--view-line_text .elementor-divider-separator{align-items:center}.elementor-widget-divider--view-line_icon .elementor-divider-separator:after,.elementor-widget-divider--view-line_icon .elementor-divider-separator:before,.elementor-widget-divider--view-line_text .elementor-divider-separator:after,.elementor-widget-divider--view-line_text .elementor-divider-separator:before{display:block;content:\"\";border-bottom:0;flex-grow:1;border-top:var(--divider-border-width) var(--divider-border-style) var(--divider-color)}.elementor-widget-divider--element-align-left .elementor-divider .elementor-divider-separator>.elementor-divider__svg:first-of-type{flex-grow:0;flex-shrink:100}.elementor-widget-divider--element-align-left .elementor-divider-separator:before{content:none}.elementor-widget-divider--element-align-left .elementor-divider__element{margin-left:0}.elementor-widget-divider--element-align-right .elementor-divider .elementor-divider-separator>.elementor-divider__svg:last-of-type{flex-grow:0;flex-shrink:100}.elementor-widget-divider--element-align-right .elementor-divider-separator:after{content:none}.elementor-widget-divider--element-align-right .elementor-divider__element{margin-right:0}.elementor-widget-divider:not(.elementor-widget-divider--view-line_text):not(.elementor-widget-divider--view-line_icon) .elementor-divider-separator{border-top:var(--divider-border-width) var(--divider-border-style) var(--divider-color)}.elementor-widget-divider--separator-type-pattern{--divider-border-style:none}.elementor-widget-divider--separator-type-pattern.elementor-widget-divider--view-line .elementor-divider-separator,.elementor-widget-divider--separator-type-pattern:not(.elementor-widget-divider--view-line) .elementor-divider-separator:after,.elementor-widget-divider--separator-type-pattern:not(.elementor-widget-divider--view-line) .elementor-divider-separator:before,.elementor-widget-divider--separator-type-pattern:not([class*=elementor-widget-divider--view]) .elementor-divider-separator{width:100%;min-height:var(--divider-pattern-height);-webkit-mask-size:var(--divider-pattern-size) 100%;mask-size:var(--divider-pattern-size) 100%;-webkit-mask-repeat:var(--divider-pattern-repeat);mask-repeat:var(--divider-pattern-repeat);background-color:var(--divider-color);-webkit-mask-image:var(--divider-pattern-url);mask-image:var(--divider-pattern-url)}.elementor-widget-divider--no-spacing{--divider-pattern-size:auto}.elementor-widget-divider--bg-round{--divider-pattern-repeat:round}.rtl .elementor-widget-divider .elementor-divider__text{direction:rtl}.e-con-inner>.elementor-widget-divider,.e-con>.elementor-widget-divider{width:var(--container-widget-width,100%);--flex-grow:var(--container-widget-flex-grow)}<\/style>\t\t<div class=\"elementor-divider\">\n\t\t\t<span class=\"elementor-divider-separator\">\n\t\t\t\t\t\t<\/span>\n\t\t<\/div>\n\t\t\t\t<\/div>\n\t\t\t\t<\/div>\n\t\t\t\t<div class=\"elementor-element elementor-element-e218b3b elementor-widget elementor-widget-heading\" data-id=\"e218b3b\" data-element_type=\"widget\" data-widget_type=\"heading.default\">\n\t\t\t\t<div class=\"elementor-widget-container\">\n\t\t\t<style>\/*! elementor - v3.13.3 - 28-05-2023 *\/\n.elementor-heading-title{padding:0;margin:0;line-height:1}.elementor-widget-heading .elementor-heading-title[class*=elementor-size-]>a{color:inherit;font-size:inherit;line-height:inherit}.elementor-widget-heading .elementor-heading-title.elementor-size-small{font-size:15px}.elementor-widget-heading .elementor-heading-title.elementor-size-medium{font-size:19px}.elementor-widget-heading .elementor-heading-title.elementor-size-large{font-size:29px}.elementor-widget-heading .elementor-heading-title.elementor-size-xl{font-size:39px}.elementor-widget-heading .elementor-heading-title.elementor-size-xxl{font-size:59px}<\/style><h1 class=\"elementor-heading-title elementor-size-default\">Nachhaltigkeit<\/h1>\t\t<\/div>\n\t\t\t\t<\/div>\n\t\t\t\t<div class=\"elementor-element elementor-element-c542259 elementor-widget elementor-widget-text-editor\" data-id=\"c542259\" data-element_type=\"widget\" data-widget_type=\"text-editor.default\">\n\t\t\t\t<div class=\"elementor-widget-container\">\n\t\t\t<style>\/*! elementor - v3.13.3 - 28-05-2023 *\/\n.elementor-widget-text-editor.elementor-drop-cap-view-stacked .elementor-drop-cap{background-color:#69727d;color:#fff}.elementor-widget-text-editor.elementor-drop-cap-view-framed .elementor-drop-cap{color:#69727d;border:3px solid;background-color:transparent}.elementor-widget-text-editor:not(.elementor-drop-cap-view-default) .elementor-drop-cap{margin-top:8px}.elementor-widget-text-editor:not(.elementor-drop-cap-view-default) .elementor-drop-cap-letter{width:1em;height:1em}.elementor-widget-text-editor .elementor-drop-cap{float:left;text-align:center;line-height:1;font-size:50px}.elementor-widget-text-editor .elementor-drop-cap-letter{display:inline-block}<\/style>\t\t\t\t<p>Die Nachhaltigkeit in all ihren Formen ist zu Recht zu einem immer wichtigeren Thema in der Bildung geworden, insbesondere f\u00fcr Studenten. Zahlreiche Studien legen nahe, dass Nachhaltigkeit nun eine ernsthafte Angelegenheit f\u00fcr Studenten der Generation Z (1995-2010) und der Generation Alpha (2010-2025) ist.<\/p><p>Der Klimawandel wird in der Regel als eine der f\u00fcnf wichtigsten Anliegen von Jugendlichen aufgef\u00fchrt, und die Anzahl derer, die Kurse und Karrieren im Zusammenhang mit Umwelt und Nachhaltigkeit suchen, nimmt stetig zu. Die gute Nachricht ist, dass viele Schulen in der Schweiz weltweit f\u00fchrend sind und Preise f\u00fcr innovative Umweltinitiativen gewinnen.<\/p><p>Dazu geh\u00f6ren unter anderem die Integration von Nachhaltigkeit in den Lehrplan, Abfallreduzierung, F\u00f6rderung der Energieeinsparung, nachhaltige Verkehrsmittel und messbare nachhaltige Praktiken.<\/p><p>Viele Schulen erkennen die Bedeutung der Kommunikation ihrer Umwelt- und Sozialpraktiken an, um Studenten und Lehrkr\u00e4fte anzuziehen und zu binden. Sie differenzieren sich und verbessern ihren Ruf, indem sie Akkreditierungen und Zertifizierungen erlangen und kommunizieren und messen, was sie im Rahmen des Prozesses tun.<\/p><p>Effektive nachhaltige Praktiken sollten zeit- und zielorientiert sein und als zentrale Ma\u00dfnahme in den wichtigsten Leistungsindikatoren aller Schulen integriert werden.<\/p>\t\t\t\t\t\t<\/div>\n\t\t\t\t<\/div>\n\t\t\t\t<\/div>\n\t\t<div class=\"elementor-element elementor-element-5d1e48f e-con-full e-flex e-con\" data-id=\"5d1e48f\" data-element_type=\"container\" data-settings=\"{&quot;content_width&quot;:&quot;full&quot;}\">\n\t\t\t\t<\/div>\n\t\t\t\t<\/div>\n\t\t<div class=\"elementor-element elementor-element-d80174a e-con-boxed e-flex e-con\" data-id=\"d80174a\" data-element_type=\"container\" data-settings=\"{&quot;background_background&quot;:&quot;classic&quot;,&quot;content_width&quot;:&quot;boxed&quot;}\">\n\t\t\t\t\t<div class=\"e-con-inner\">\n\t\t\t\t<div class=\"elementor-element elementor-element-d28ec03 elementor-widget elementor-widget-image\" data-id=\"d28ec03\" data-element_type=\"widget\" data-widget_type=\"image.default\">\n\t\t\t\t<div class=\"elementor-widget-container\">\n\t\t\t<style>\/*! elementor - v3.13.3 - 28-05-2023 *\/\n.elementor-widget-image{text-align:center}.elementor-widget-image a{display:inline-block}.elementor-widget-image a img[src$=\".svg\"]{width:48px}.elementor-widget-image img{vertical-align:middle;display:inline-block}<\/style>\t\t\t\t\t\t\t\t\t\t\t\t<img loading=\"lazy\" decoding=\"async\" width=\"96\" height=\"96\" src=\"https:\/\/www.tepo-consulting.ch\/wp-content\/uploads\/2023\/03\/Groupe-161.svg\" class=\"attachment-large size-large wp-image-531\" alt=\"\" \/>\t\t\t\t\t\t\t\t\t\t\t\t\t\t\t<\/div>\n\t\t\t\t<\/div>\n\t\t\t\t<div class=\"elementor-element elementor-element-0dd0680 elementor-widget elementor-widget-heading\" data-id=\"0dd0680\" data-element_type=\"widget\" data-widget_type=\"heading.default\">\n\t\t\t\t<div class=\"elementor-widget-container\">\n\t\t\t<h2 class=\"elementor-heading-title elementor-size-default\">Wie kann Tepo <br>Consulting helfen?<\/h2>\t\t<\/div>\n\t\t\t\t<\/div>\n\t\t\t\t\t<\/div>\n\t\t\t\t<\/div>\n\t\t<div class=\"elementor-element elementor-element-42b45c0 e-con-boxed e-flex e-con\" data-id=\"42b45c0\" data-element_type=\"container\" data-settings=\"{&quot;background_background&quot;:&quot;classic&quot;,&quot;content_width&quot;:&quot;boxed&quot;}\">\n\t\t\t\t\t<div class=\"e-con-inner\">\n\t\t<div class=\"elementor-element elementor-element-f0097ce e-con-full e-flex e-con\" data-id=\"f0097ce\" data-element_type=\"container\" data-settings=\"{&quot;content_width&quot;:&quot;full&quot;}\">\n\t\t\t\t<div class=\"elementor-element elementor-element-1a15690 elementor-widget elementor-widget-text-editor\" data-id=\"1a15690\" data-element_type=\"widget\" data-mh=\"text\" data-widget_type=\"text-editor.default\">\n\t\t\t\t<div class=\"elementor-widget-container\">\n\t\t\t\t\t\t\t<p>Neben der Identifizierung klassischer Leistungskennzahlen f\u00fcr Energieeinsparung und Abfallreduzierung verf\u00fcgt Tepo \u00fcber eine Checkliste f\u00fcr Umwelt- und Sozialindikatoren, mit der potenzielle Verbesserungsbereiche Ihrer Schule auf oberster Ebene ermittelt werden k\u00f6nnen.<\/p><p>Auch soziale und p\u00e4dagogische Indikatoren sind wichtige \u00dcberlegungen, und Tepo wird Elemente wie Mitarbeiterfluktuation, Vielfalt und Inklusion sowie Bem\u00fchungen um Gemeinschaftsbeteiligung in den wichtigen Indikatoren f\u00fcr soziale Nachhaltigkeit ber\u00fccksichtigen.<\/p>\t\t\t\t\t\t<\/div>\n\t\t\t\t<\/div>\n\t\t\t\t<div class=\"elementor-element elementor-element-01292b4 elementor-widget elementor-widget-image\" data-id=\"01292b4\" data-element_type=\"widget\" data-widget_type=\"image.default\">\n\t\t\t\t<div class=\"elementor-widget-container\">\n\t\t\t\t\t\t\t\t\t\t\t\t\t\t\t<img loading=\"lazy\" decoding=\"async\" width=\"800\" height=\"534\" src=\"https:\/\/www.tepo-consulting.ch\/wp-content\/uploads\/2023\/04\/shutterstock_1293471346-1024x683.jpg\" class=\"attachment-large size-large wp-image-4023\" alt=\"\" srcset=\"https:\/\/www.tepo-consulting.ch\/wp-content\/uploads\/2023\/04\/shutterstock_1293471346-1024x683.jpg 1024w, https:\/\/www.tepo-consulting.ch\/wp-content\/uploads\/2023\/04\/shutterstock_1293471346-300x200.jpg 300w, https:\/\/www.tepo-consulting.ch\/wp-content\/uploads\/2023\/04\/shutterstock_1293471346-768x512.jpg 768w, https:\/\/www.tepo-consulting.ch\/wp-content\/uploads\/2023\/04\/shutterstock_1293471346-1536x1024.jpg 1536w, https:\/\/www.tepo-consulting.ch\/wp-content\/uploads\/2023\/04\/shutterstock_1293471346-2048x1365.jpg 2048w\" sizes=\"auto, (max-width: 800px) 100vw, 800px\" \/>\t\t\t\t\t\t\t\t\t\t\t\t\t\t\t<\/div>\n\t\t\t\t<\/div>\n\t\t\t\t<\/div>\n\t\t<div class=\"elementor-element elementor-element-89477d7 e-con-full e-flex e-con\" data-id=\"89477d7\" data-element_type=\"container\" data-settings=\"{&quot;content_width&quot;:&quot;full&quot;}\">\n\t\t\t\t<div class=\"elementor-element elementor-element-a58b82d elementor-widget elementor-widget-text-editor\" data-id=\"a58b82d\" data-element_type=\"widget\" data-mh=\"text\" data-widget_type=\"text-editor.default\">\n\t\t\t\t<div class=\"elementor-widget-container\">\n\t\t\t\t\t\t\t<p>Tepo erkennt, dass unabh\u00e4ngig von der Gr\u00f6\u00dfe Ihrer Schule eine nachhaltige Aktivit\u00e4t oft eine Investition in Zeit und Ressourcen erfordert. Die Ergebnisse einer solchen Aktivit\u00e4t f\u00fchren jedoch zu Einsparungen (in Bereichen wie Energieeffizienz und Abfallreduzierung) sowie einer Steigerung der Einnahmen durch die Anziehung hochwertiger Lehrkr\u00e4fte und engagierter Sch\u00fcler.<\/p><p>Um Ihnen bei der Steigerung Ihrer Nachhaltigkeitsbem\u00fchungen zu helfen, hat sich Tepo mit einem der f\u00fchrenden Nachhaltigkeitsberater der Schweiz zusammengetan. <strong>Annabell Cox<\/strong> von Leadwise verf\u00fcgt \u00fcber Erfahrung sowohl im Gesch\u00e4ftsbereich als auch in Schulen und unterst\u00fctzt diese dabei, umweltbezogene Strategien und nachhaltige Praktiken zu entwickeln und umzusetzen.<\/p>\t\t\t\t\t\t<\/div>\n\t\t\t\t<\/div>\n\t\t\t\t<div class=\"elementor-element elementor-element-a5e5ab1 elementor-widget elementor-widget-image\" data-id=\"a5e5ab1\" data-element_type=\"widget\" data-widget_type=\"image.default\">\n\t\t\t\t<div class=\"elementor-widget-container\">\n\t\t\t\t\t\t\t\t\t\t\t\t\t\t\t<img loading=\"lazy\" decoding=\"async\" width=\"800\" height=\"541\" src=\"https:\/\/www.tepo-consulting.ch\/wp-content\/uploads\/2023\/04\/shutterstock_604290230-1024x693.jpg\" class=\"attachment-large size-large wp-image-4024\" alt=\"\" srcset=\"https:\/\/www.tepo-consulting.ch\/wp-content\/uploads\/2023\/04\/shutterstock_604290230-1024x693.jpg 1024w, https:\/\/www.tepo-consulting.ch\/wp-content\/uploads\/2023\/04\/shutterstock_604290230-300x203.jpg 300w, https:\/\/www.tepo-consulting.ch\/wp-content\/uploads\/2023\/04\/shutterstock_604290230-768x520.jpg 768w, https:\/\/www.tepo-consulting.ch\/wp-content\/uploads\/2023\/04\/shutterstock_604290230-1536x1039.jpg 1536w, https:\/\/www.tepo-consulting.ch\/wp-content\/uploads\/2023\/04\/shutterstock_604290230-2048x1386.jpg 2048w\" sizes=\"auto, (max-width: 800px) 100vw, 800px\" \/>\t\t\t\t\t\t\t\t\t\t\t\t\t\t\t<\/div>\n\t\t\t\t<\/div>\n\t\t\t\t<div class=\"elementor-element elementor-element-eb96e68 elementor-widget elementor-widget-text-editor\" data-id=\"eb96e68\" data-element_type=\"widget\" data-widget_type=\"text-editor.default\">\n\t\t\t\t<div class=\"elementor-widget-container\">\n\t\t\t\t\t\t\t<p>Bitte kontaktieren Sie Tepo, wenn Sie sich hierf\u00fcr interessieren und die Kontaktinformationen erhalten m\u00f6chten.<\/p>\t\t\t\t\t\t<\/div>\n\t\t\t\t<\/div>\n\t\t\t\t<\/div>\n\t\t\t\t\t<\/div>\n\t\t\t\t<\/div>\n\t\t\t\t\t\t\t<\/div>\n\t\t","protected":false},"excerpt":{"rendered":"<p>Nachhaltigkeit Die Nachhaltigkeit in all ihren Formen ist zu Recht zu einem immer wichtigeren Thema in der Bildung geworden, insbesondere f\u00fcr Studenten. Zahlreiche Studien legen nahe, dass Nachhaltigkeit nun eine ernsthafte Angelegenheit f\u00fcr Studenten der Generation Z (1995-2010) und der Generation Alpha (2010-2025) ist. Der Klimawandel wird in der Regel als eine der f\u00fcnf wichtigsten [&hellip;]<\/p>\n","protected":false},"author":6,"featured_media":0,"parent":7018,"menu_order":10,"comment_status":"closed","ping_status":"closed","template":"","meta":{"footnotes":""},"class_list":["post-7057","page","type-page","status-publish","hentry"],"acf":[],"yoast_head":"<!-- This site is optimized with the Yoast SEO plugin v21.9.1 - https:\/\/yoast.com\/wordpress\/plugins\/seo\/ -->\n<title>Nachhaltigkeit - Tepo consulting<\/title>\n<meta name=\"robots\" content=\"index, follow, max-snippet:-1, max-image-preview:large, max-video-preview:-1\" \/>\n<link rel=\"canonical\" href=\"https:\/\/www.tepo-consulting.ch\/de\/services\/tepo-vertrauenswuerdige-partner\/nachhaltigkeit\/\" \/>\n<meta property=\"og:locale\" content=\"de_DE\" \/>\n<meta property=\"og:type\" content=\"article\" \/>\n<meta property=\"og:title\" content=\"Nachhaltigkeit - Tepo consulting\" \/>\n<meta property=\"og:description\" content=\"Nachhaltigkeit Die Nachhaltigkeit in all ihren Formen ist zu Recht zu einem immer wichtigeren Thema in der Bildung geworden, insbesondere f\u00fcr Studenten. Zahlreiche Studien legen nahe, dass Nachhaltigkeit nun eine ernsthafte Angelegenheit f\u00fcr Studenten der Generation Z (1995-2010) und der Generation Alpha (2010-2025) ist. Der Klimawandel wird in der Regel als eine der f\u00fcnf wichtigsten [&hellip;]\" \/>\n<meta property=\"og:url\" content=\"https:\/\/www.tepo-consulting.ch\/de\/services\/tepo-vertrauenswuerdige-partner\/nachhaltigkeit\/\" \/>\n<meta property=\"og:site_name\" content=\"Tepo consulting\" \/>\n<meta property=\"article:modified_time\" content=\"2023-07-01T18:27:42+00:00\" \/>\n<meta property=\"og:image\" content=\"https:\/\/www.tepo-consulting.ch\/wp-content\/uploads\/2023\/03\/Groupe-161.svg\" \/>\n<meta name=\"twitter:card\" content=\"summary_large_image\" \/>\n<meta name=\"twitter:label1\" content=\"Gesch\u00e4tzte Lesezeit\" \/>\n\t<meta name=\"twitter:data1\" content=\"2\u00a0Minuten\" \/>\n<script type=\"application\/ld+json\" class=\"yoast-schema-graph\">{\"@context\":\"https:\/\/schema.org\",\"@graph\":[{\"@type\":\"WebPage\",\"@id\":\"https:\/\/www.tepo-consulting.ch\/de\/services\/tepo-vertrauenswuerdige-partner\/nachhaltigkeit\/\",\"url\":\"https:\/\/www.tepo-consulting.ch\/de\/services\/tepo-vertrauenswuerdige-partner\/nachhaltigkeit\/\",\"name\":\"Nachhaltigkeit - Tepo consulting\",\"isPartOf\":{\"@id\":\"https:\/\/www.tepo-consulting.ch\/#website\"},\"datePublished\":\"2023-04-19T07:56:20+00:00\",\"dateModified\":\"2023-07-01T18:27:42+00:00\",\"breadcrumb\":{\"@id\":\"https:\/\/www.tepo-consulting.ch\/de\/services\/tepo-vertrauenswuerdige-partner\/nachhaltigkeit\/#breadcrumb\"},\"inLanguage\":\"de\",\"potentialAction\":[{\"@type\":\"ReadAction\",\"target\":[\"https:\/\/www.tepo-consulting.ch\/de\/services\/tepo-vertrauenswuerdige-partner\/nachhaltigkeit\/\"]}]},{\"@type\":\"BreadcrumbList\",\"@id\":\"https:\/\/www.tepo-consulting.ch\/de\/services\/tepo-vertrauenswuerdige-partner\/nachhaltigkeit\/#breadcrumb\",\"itemListElement\":[{\"@type\":\"ListItem\",\"position\":1,\"name\":\"Home\",\"item\":\"https:\/\/www.tepo-consulting.ch\/de\/home\/\"},{\"@type\":\"ListItem\",\"position\":2,\"name\":\"Dienstleistungen\",\"item\":\"https:\/\/www.tepo-consulting.ch\/de\/services\/\"},{\"@type\":\"ListItem\",\"position\":3,\"name\":\"Tepo-vertrauensw\u00fcrdige Partner\",\"item\":\"https:\/\/www.tepo-consulting.ch\/de\/services\/tepo-vertrauenswuerdige-partner\/\"},{\"@type\":\"ListItem\",\"position\":4,\"name\":\"Nachhaltigkeit\"}]},{\"@type\":\"WebSite\",\"@id\":\"https:\/\/www.tepo-consulting.ch\/#website\",\"url\":\"https:\/\/www.tepo-consulting.ch\/\",\"name\":\"Tepo consulting\",\"description\":\"\",\"publisher\":{\"@id\":\"https:\/\/www.tepo-consulting.ch\/#organization\"},\"potentialAction\":[{\"@type\":\"SearchAction\",\"target\":{\"@type\":\"EntryPoint\",\"urlTemplate\":\"https:\/\/www.tepo-consulting.ch\/?s={search_term_string}\"},\"query-input\":\"required name=search_term_string\"}],\"inLanguage\":\"de\"},{\"@type\":\"Organization\",\"@id\":\"https:\/\/www.tepo-consulting.ch\/#organization\",\"name\":\"Tepo consulting\",\"url\":\"https:\/\/www.tepo-consulting.ch\/\",\"logo\":{\"@type\":\"ImageObject\",\"inLanguage\":\"de\",\"@id\":\"https:\/\/www.tepo-consulting.ch\/#\/schema\/logo\/image\/\",\"url\":\"https:\/\/www.tepo-consulting.ch\/wp-content\/uploads\/2023\/03\/white-Logo.svg\",\"contentUrl\":\"https:\/\/www.tepo-consulting.ch\/wp-content\/uploads\/2023\/03\/white-Logo.svg\",\"width\":226,\"height\":92,\"caption\":\"Tepo consulting\"},\"image\":{\"@id\":\"https:\/\/www.tepo-consulting.ch\/#\/schema\/logo\/image\/\"}}]}<\/script>\n<!-- \/ Yoast SEO plugin. -->","yoast_head_json":{"title":"Nachhaltigkeit - Tepo consulting","robots":{"index":"index","follow":"follow","max-snippet":"max-snippet:-1","max-image-preview":"max-image-preview:large","max-video-preview":"max-video-preview:-1"},"canonical":"https:\/\/www.tepo-consulting.ch\/de\/services\/tepo-vertrauenswuerdige-partner\/nachhaltigkeit\/","og_locale":"de_DE","og_type":"article","og_title":"Nachhaltigkeit - Tepo consulting","og_description":"Nachhaltigkeit Die Nachhaltigkeit in all ihren Formen ist zu Recht zu einem immer wichtigeren Thema in der Bildung geworden, insbesondere f\u00fcr Studenten. Zahlreiche Studien legen nahe, dass Nachhaltigkeit nun eine ernsthafte Angelegenheit f\u00fcr Studenten der Generation Z (1995-2010) und der Generation Alpha (2010-2025) ist. Der Klimawandel wird in der Regel als eine der f\u00fcnf wichtigsten [&hellip;]","og_url":"https:\/\/www.tepo-consulting.ch\/de\/services\/tepo-vertrauenswuerdige-partner\/nachhaltigkeit\/","og_site_name":"Tepo consulting","article_modified_time":"2023-07-01T18:27:42+00:00","og_image":[{"url":"https:\/\/www.tepo-consulting.ch\/wp-content\/uploads\/2023\/03\/Groupe-161.svg"}],"twitter_card":"summary_large_image","twitter_misc":{"Gesch\u00e4tzte Lesezeit":"2\u00a0Minuten"},"schema":{"@context":"https:\/\/schema.org","@graph":[{"@type":"WebPage","@id":"https:\/\/www.tepo-consulting.ch\/de\/services\/tepo-vertrauenswuerdige-partner\/nachhaltigkeit\/","url":"https:\/\/www.tepo-consulting.ch\/de\/services\/tepo-vertrauenswuerdige-partner\/nachhaltigkeit\/","name":"Nachhaltigkeit - Tepo consulting","isPartOf":{"@id":"https:\/\/www.tepo-consulting.ch\/#website"},"datePublished":"2023-04-19T07:56:20+00:00","dateModified":"2023-07-01T18:27:42+00:00","breadcrumb":{"@id":"https:\/\/www.tepo-consulting.ch\/de\/services\/tepo-vertrauenswuerdige-partner\/nachhaltigkeit\/#breadcrumb"},"inLanguage":"de","potentialAction":[{"@type":"ReadAction","target":["https:\/\/www.tepo-consulting.ch\/de\/services\/tepo-vertrauenswuerdige-partner\/nachhaltigkeit\/"]}]},{"@type":"BreadcrumbList","@id":"https:\/\/www.tepo-consulting.ch\/de\/services\/tepo-vertrauenswuerdige-partner\/nachhaltigkeit\/#breadcrumb","itemListElement":[{"@type":"ListItem","position":1,"name":"Home","item":"https:\/\/www.tepo-consulting.ch\/de\/home\/"},{"@type":"ListItem","position":2,"name":"Dienstleistungen","item":"https:\/\/www.tepo-consulting.ch\/de\/services\/"},{"@type":"ListItem","position":3,"name":"Tepo-vertrauensw\u00fcrdige Partner","item":"https:\/\/www.tepo-consulting.ch\/de\/services\/tepo-vertrauenswuerdige-partner\/"},{"@type":"ListItem","position":4,"name":"Nachhaltigkeit"}]},{"@type":"WebSite","@id":"https:\/\/www.tepo-consulting.ch\/#website","url":"https:\/\/www.tepo-consulting.ch\/","name":"Tepo consulting","description":"","publisher":{"@id":"https:\/\/www.tepo-consulting.ch\/#organization"},"potentialAction":[{"@type":"SearchAction","target":{"@type":"EntryPoint","urlTemplate":"https:\/\/www.tepo-consulting.ch\/?s={search_term_string}"},"query-input":"required name=search_term_string"}],"inLanguage":"de"},{"@type":"Organization","@id":"https:\/\/www.tepo-consulting.ch\/#organization","name":"Tepo consulting","url":"https:\/\/www.tepo-consulting.ch\/","logo":{"@type":"ImageObject","inLanguage":"de","@id":"https:\/\/www.tepo-consulting.ch\/#\/schema\/logo\/image\/","url":"https:\/\/www.tepo-consulting.ch\/wp-content\/uploads\/2023\/03\/white-Logo.svg","contentUrl":"https:\/\/www.tepo-consulting.ch\/wp-content\/uploads\/2023\/03\/white-Logo.svg","width":226,"height":92,"caption":"Tepo consulting"},"image":{"@id":"https:\/\/www.tepo-consulting.ch\/#\/schema\/logo\/image\/"}}]}},"_links":{"self":[{"href":"https:\/\/www.tepo-consulting.ch\/de\/wp-json\/wp\/v2\/pages\/7057","targetHints":{"allow":["GET"]}}],"collection":[{"href":"https:\/\/www.tepo-consulting.ch\/de\/wp-json\/wp\/v2\/pages"}],"about":[{"href":"https:\/\/www.tepo-consulting.ch\/de\/wp-json\/wp\/v2\/types\/page"}],"author":[{"embeddable":true,"href":"https:\/\/www.tepo-consulting.ch\/de\/wp-json\/wp\/v2\/users\/6"}],"replies":[{"embeddable":true,"href":"https:\/\/www.tepo-consulting.ch\/de\/wp-json\/wp\/v2\/comments?post=7057"}],"version-history":[{"count":13,"href":"https:\/\/www.tepo-consulting.ch\/de\/wp-json\/wp\/v2\/pages\/7057\/revisions"}],"predecessor-version":[{"id":7279,"href":"https:\/\/www.tepo-consulting.ch\/de\/wp-json\/wp\/v2\/pages\/7057\/revisions\/7279"}],"up":[{"embeddable":true,"href":"https:\/\/www.tepo-consulting.ch\/de\/wp-json\/wp\/v2\/pages\/7018"}],"wp:attachment":[{"href":"https:\/\/www.tepo-consulting.ch\/de\/wp-json\/wp\/v2\/media?parent=7057"}],"curies":[{"name":"wp","href":"https:\/\/api.w.org\/{rel}","templated":true}]}}