{"id":7069,"date":"2023-03-29T14:03:33","date_gmt":"2023-03-29T12:03:33","guid":{"rendered":"https:\/\/www.tepo-consulting.ch\/?page_id=7069"},"modified":"2023-07-01T20:21:46","modified_gmt":"2023-07-01T18:21:46","slug":"energie","status":"publish","type":"page","link":"https:\/\/www.tepo-consulting.ch\/de\/services\/tepo-vertrauenswuerdige-partner\/energie\/","title":{"rendered":"\u00c9nergie"},"content":{"rendered":"\t\t<div data-elementor-type=\"wp-page\" data-elementor-id=\"7069\" class=\"elementor elementor-7069 elementor-252\">\n\t\t\t\t\t\t\t<div class=\"elementor-element elementor-element-1ab071d e-con-full e-flex e-con\" data-id=\"1ab071d\" data-element_type=\"container\" data-settings=\"{&quot;content_width&quot;:&quot;full&quot;}\">\n\t\t<div class=\"elementor-element elementor-element-a715c48 e-con-full e-flex e-con\" data-id=\"a715c48\" data-element_type=\"container\" data-settings=\"{&quot;content_width&quot;:&quot;full&quot;}\">\n\t\t\t\t<div class=\"elementor-element elementor-element-c2fc3ef elementor-widget-divider--view-line elementor-widget elementor-widget-divider\" data-id=\"c2fc3ef\" data-element_type=\"widget\" data-widget_type=\"divider.default\">\n\t\t\t\t<div class=\"elementor-widget-container\">\n\t\t\t<style>\/*! elementor - v3.13.3 - 28-05-2023 *\/\n.elementor-widget-divider{--divider-border-style:none;--divider-border-width:1px;--divider-color:#0c0d0e;--divider-icon-size:20px;--divider-element-spacing:10px;--divider-pattern-height:24px;--divider-pattern-size:20px;--divider-pattern-url:none;--divider-pattern-repeat:repeat-x}.elementor-widget-divider .elementor-divider{display:flex}.elementor-widget-divider .elementor-divider__text{font-size:15px;line-height:1;max-width:95%}.elementor-widget-divider .elementor-divider__element{margin:0 var(--divider-element-spacing);flex-shrink:0}.elementor-widget-divider .elementor-icon{font-size:var(--divider-icon-size)}.elementor-widget-divider .elementor-divider-separator{display:flex;margin:0;direction:ltr}.elementor-widget-divider--view-line_icon .elementor-divider-separator,.elementor-widget-divider--view-line_text .elementor-divider-separator{align-items:center}.elementor-widget-divider--view-line_icon .elementor-divider-separator:after,.elementor-widget-divider--view-line_icon .elementor-divider-separator:before,.elementor-widget-divider--view-line_text .elementor-divider-separator:after,.elementor-widget-divider--view-line_text .elementor-divider-separator:before{display:block;content:\"\";border-bottom:0;flex-grow:1;border-top:var(--divider-border-width) var(--divider-border-style) var(--divider-color)}.elementor-widget-divider--element-align-left .elementor-divider .elementor-divider-separator>.elementor-divider__svg:first-of-type{flex-grow:0;flex-shrink:100}.elementor-widget-divider--element-align-left .elementor-divider-separator:before{content:none}.elementor-widget-divider--element-align-left .elementor-divider__element{margin-left:0}.elementor-widget-divider--element-align-right .elementor-divider .elementor-divider-separator>.elementor-divider__svg:last-of-type{flex-grow:0;flex-shrink:100}.elementor-widget-divider--element-align-right .elementor-divider-separator:after{content:none}.elementor-widget-divider--element-align-right .elementor-divider__element{margin-right:0}.elementor-widget-divider:not(.elementor-widget-divider--view-line_text):not(.elementor-widget-divider--view-line_icon) .elementor-divider-separator{border-top:var(--divider-border-width) var(--divider-border-style) var(--divider-color)}.elementor-widget-divider--separator-type-pattern{--divider-border-style:none}.elementor-widget-divider--separator-type-pattern.elementor-widget-divider--view-line .elementor-divider-separator,.elementor-widget-divider--separator-type-pattern:not(.elementor-widget-divider--view-line) .elementor-divider-separator:after,.elementor-widget-divider--separator-type-pattern:not(.elementor-widget-divider--view-line) .elementor-divider-separator:before,.elementor-widget-divider--separator-type-pattern:not([class*=elementor-widget-divider--view]) .elementor-divider-separator{width:100%;min-height:var(--divider-pattern-height);-webkit-mask-size:var(--divider-pattern-size) 100%;mask-size:var(--divider-pattern-size) 100%;-webkit-mask-repeat:var(--divider-pattern-repeat);mask-repeat:var(--divider-pattern-repeat);background-color:var(--divider-color);-webkit-mask-image:var(--divider-pattern-url);mask-image:var(--divider-pattern-url)}.elementor-widget-divider--no-spacing{--divider-pattern-size:auto}.elementor-widget-divider--bg-round{--divider-pattern-repeat:round}.rtl .elementor-widget-divider .elementor-divider__text{direction:rtl}.e-con-inner>.elementor-widget-divider,.e-con>.elementor-widget-divider{width:var(--container-widget-width,100%);--flex-grow:var(--container-widget-flex-grow)}<\/style>\t\t<div class=\"elementor-divider\">\n\t\t\t<span class=\"elementor-divider-separator\">\n\t\t\t\t\t\t<\/span>\n\t\t<\/div>\n\t\t\t\t<\/div>\n\t\t\t\t<\/div>\n\t\t\t\t<div class=\"elementor-element elementor-element-06a99cc elementor-widget elementor-widget-heading\" data-id=\"06a99cc\" data-element_type=\"widget\" data-widget_type=\"heading.default\">\n\t\t\t\t<div class=\"elementor-widget-container\">\n\t\t\t<style>\/*! elementor - v3.13.3 - 28-05-2023 *\/\n.elementor-heading-title{padding:0;margin:0;line-height:1}.elementor-widget-heading .elementor-heading-title[class*=elementor-size-]>a{color:inherit;font-size:inherit;line-height:inherit}.elementor-widget-heading .elementor-heading-title.elementor-size-small{font-size:15px}.elementor-widget-heading .elementor-heading-title.elementor-size-medium{font-size:19px}.elementor-widget-heading .elementor-heading-title.elementor-size-large{font-size:29px}.elementor-widget-heading .elementor-heading-title.elementor-size-xl{font-size:39px}.elementor-widget-heading .elementor-heading-title.elementor-size-xxl{font-size:59px}<\/style><h1 class=\"elementor-heading-title elementor-size-default\">Energie<\/h1>\t\t<\/div>\n\t\t\t\t<\/div>\n\t\t\t\t<div class=\"elementor-element elementor-element-f8e6367 elementor-widget elementor-widget-text-editor\" data-id=\"f8e6367\" data-element_type=\"widget\" data-widget_type=\"text-editor.default\">\n\t\t\t\t<div class=\"elementor-widget-container\">\n\t\t\t<style>\/*! elementor - v3.13.3 - 28-05-2023 *\/\n.elementor-widget-text-editor.elementor-drop-cap-view-stacked .elementor-drop-cap{background-color:#69727d;color:#fff}.elementor-widget-text-editor.elementor-drop-cap-view-framed .elementor-drop-cap{color:#69727d;border:3px solid;background-color:transparent}.elementor-widget-text-editor:not(.elementor-drop-cap-view-default) .elementor-drop-cap{margin-top:8px}.elementor-widget-text-editor:not(.elementor-drop-cap-view-default) .elementor-drop-cap-letter{width:1em;height:1em}.elementor-widget-text-editor .elementor-drop-cap{float:left;text-align:center;line-height:1;font-size:50px}.elementor-widget-text-editor .elementor-drop-cap-letter{display:inline-block}<\/style>\t\t\t\t<p>Es ist keine \u00dcbertreibung zu sagen, dass Energiekosten nicht nur f\u00fcr Schulen (insbesondere in j\u00fcngster Zeit) erhebliche Kosten darstellen, sondern auch der Gebrauch und Missbrauch von Energie wesentlich zum CO2-Fu\u00dfabdruck der Schule beitragen kann.<\/p>\n<p>Es ist auch allgemein bekannt, dass Organisationen mit Zielen f\u00fcr nachhaltige Entwicklung (SDGs) und Energieeinsparung immer mehr sowohl von Eltern als auch von Sch\u00fclern bei der Auswahl ihrer Schule gesch\u00e4tzt werden.<\/p>\n<p>Daher sind Energiemessgr\u00f6\u00dfen (KPIs) sowohl aus wirtschaftlicher als auch aus CSR-Sicht f\u00fcr Schulen wichtig. Das Benchmarking der Gesamtkosten f\u00fcr Energie pro Jahr (Gas, Strom, Wasser) und der Energiekosten pro Sch\u00fcler pro Jahr sind zwei einfache finanzielle Kennzahlen. Der CO2-Fu\u00dfabdruck pro Sch\u00fcler, abgeleitet aus Energie und anderen Eing\u00e4ngen, ist auch eine wichtige Nachhaltigkeitskennzahl, die die meisten Schulen heute messen.<\/p>\t\t\t\t\t\t<\/div>\n\t\t\t\t<\/div>\n\t\t\t\t<\/div>\n\t\t<div class=\"elementor-element elementor-element-868458f e-con-full e-flex e-con\" data-id=\"868458f\" data-element_type=\"container\" data-settings=\"{&quot;content_width&quot;:&quot;full&quot;}\">\n\t\t\t\t<\/div>\n\t\t\t\t<\/div>\n\t\t<div class=\"elementor-element elementor-element-2f4c123 e-con-boxed e-flex e-con\" data-id=\"2f4c123\" data-element_type=\"container\" data-settings=\"{&quot;background_background&quot;:&quot;classic&quot;,&quot;content_width&quot;:&quot;boxed&quot;}\">\n\t\t\t\t\t<div class=\"e-con-inner\">\n\t\t\t\t<div class=\"elementor-element elementor-element-d83654d elementor-widget elementor-widget-image\" data-id=\"d83654d\" data-element_type=\"widget\" data-widget_type=\"image.default\">\n\t\t\t\t<div class=\"elementor-widget-container\">\n\t\t\t<style>\/*! elementor - v3.13.3 - 28-05-2023 *\/\n.elementor-widget-image{text-align:center}.elementor-widget-image a{display:inline-block}.elementor-widget-image a img[src$=\".svg\"]{width:48px}.elementor-widget-image img{vertical-align:middle;display:inline-block}<\/style>\t\t\t\t\t\t\t\t\t\t\t\t<img loading=\"lazy\" decoding=\"async\" width=\"96\" height=\"96\" src=\"https:\/\/www.tepo-consulting.ch\/wp-content\/uploads\/2023\/03\/Groupe-161.svg\" class=\"attachment-large size-large wp-image-531\" alt=\"\" \/>\t\t\t\t\t\t\t\t\t\t\t\t\t\t\t<\/div>\n\t\t\t\t<\/div>\n\t\t\t\t<div class=\"elementor-element elementor-element-d6b1866 elementor-widget elementor-widget-heading\" data-id=\"d6b1866\" data-element_type=\"widget\" data-widget_type=\"heading.default\">\n\t\t\t\t<div class=\"elementor-widget-container\">\n\t\t\t<h2 class=\"elementor-heading-title elementor-size-default\">Wie kann Tepo Consulting helfen?<\/h2>\t\t<\/div>\n\t\t\t\t<\/div>\n\t\t\t\t\t<\/div>\n\t\t\t\t<\/div>\n\t\t<div class=\"elementor-element elementor-element-42b45c0 e-con-boxed e-flex e-con\" data-id=\"42b45c0\" data-element_type=\"container\" data-settings=\"{&quot;background_background&quot;:&quot;classic&quot;,&quot;content_width&quot;:&quot;boxed&quot;}\">\n\t\t\t\t\t<div class=\"e-con-inner\">\n\t\t<div class=\"elementor-element elementor-element-f0097ce e-con-full e-flex e-con\" data-id=\"f0097ce\" data-element_type=\"container\" data-settings=\"{&quot;content_width&quot;:&quot;full&quot;}\">\n\t\t\t\t<div class=\"elementor-element elementor-element-1a15690 elementor-widget elementor-widget-text-editor\" data-id=\"1a15690\" data-element_type=\"widget\" data-mh=\"text\" data-widget_type=\"text-editor.default\">\n\t\t\t\t<div class=\"elementor-widget-container\">\n\t\t\t\t\t\t\t<p>In der Schweiz wird der Energiepreis weitgehend von den f\u00f6deralen und kantonalen Beh\u00f6rden reguliert, daher gibt es nur begrenzte M\u00f6glichkeiten, den Preis pro Energieeinheit zu beeinflussen.<\/p><p>Es gibt jedoch verschiedene kantonale und f\u00f6derale Subventionen, die dazu beitragen k\u00f6nnen, die Gesamtkosten zu senken, in der Regel durch eine Bewertung der Geb\u00e4udeeffizienz (CECB) und\/oder der Ger\u00e4teeffizienz (PEIK).<\/p>\t\t\t\t\t\t<\/div>\n\t\t\t\t<\/div>\n\t\t\t\t<div class=\"elementor-element elementor-element-01292b4 elementor-widget elementor-widget-image\" data-id=\"01292b4\" data-element_type=\"widget\" data-widget_type=\"image.default\">\n\t\t\t\t<div class=\"elementor-widget-container\">\n\t\t\t\t\t\t\t\t\t\t\t\t\t\t\t<img loading=\"lazy\" decoding=\"async\" width=\"800\" height=\"534\" src=\"https:\/\/www.tepo-consulting.ch\/wp-content\/uploads\/2023\/03\/shutterstock_321286316-1024x683.jpg\" class=\"attachment-large size-large wp-image-516\" alt=\"\" srcset=\"https:\/\/www.tepo-consulting.ch\/wp-content\/uploads\/2023\/03\/shutterstock_321286316-1024x683.jpg 1024w, https:\/\/www.tepo-consulting.ch\/wp-content\/uploads\/2023\/03\/shutterstock_321286316-300x200.jpg 300w, https:\/\/www.tepo-consulting.ch\/wp-content\/uploads\/2023\/03\/shutterstock_321286316-768x513.jpg 768w, https:\/\/www.tepo-consulting.ch\/wp-content\/uploads\/2023\/03\/shutterstock_321286316-1536x1025.jpg 1536w, https:\/\/www.tepo-consulting.ch\/wp-content\/uploads\/2023\/03\/shutterstock_321286316-2048x1367.jpg 2048w\" sizes=\"auto, (max-width: 800px) 100vw, 800px\" \/>\t\t\t\t\t\t\t\t\t\t\t\t\t\t\t<\/div>\n\t\t\t\t<\/div>\n\t\t\t\t<\/div>\n\t\t<div class=\"elementor-element elementor-element-89477d7 e-con-full e-flex e-con\" data-id=\"89477d7\" data-element_type=\"container\" data-settings=\"{&quot;content_width&quot;:&quot;full&quot;}\">\n\t\t\t\t<div class=\"elementor-element elementor-element-a58b82d elementor-widget elementor-widget-text-editor\" data-id=\"a58b82d\" data-element_type=\"widget\" data-mh=\"text\" data-widget_type=\"text-editor.default\">\n\t\t\t\t<div class=\"elementor-widget-container\">\n\t\t\t\t\t\t\t<p>Tepo Consulting hat sich mit einem spezialisierten unabh\u00e4ngigen zertifizierten Energieeffizienzberater, Dario Santandrea, zusammengetan, der Schweizer Privatschulen mit einer ma\u00dfgeschneiderten \u00dcberpr\u00fcfung der Kosten und des CO2-Fu\u00dfabdrucks sowie Empfehlungen zur Verbesserung versorgt.<\/p><p>Diese Kosteneinsparungen f\u00fchren in der Regel zu j\u00e4hrlichen Einsparungen von mehr als 30%, verbessern Ihre SDG-Kennzahlen mit einer schnellen Amortisation und am besten ist, dass der Bericht selbst unvoreingenommen ist und weniger kostet als das, was Energieunternehmen liefern k\u00f6nnen.<\/p>\t\t\t\t\t\t<\/div>\n\t\t\t\t<\/div>\n\t\t\t\t<div class=\"elementor-element elementor-element-a5e5ab1 elementor-widget elementor-widget-image\" data-id=\"a5e5ab1\" data-element_type=\"widget\" data-widget_type=\"image.default\">\n\t\t\t\t<div class=\"elementor-widget-container\">\n\t\t\t\t\t\t\t\t\t\t\t\t\t\t\t<img loading=\"lazy\" decoding=\"async\" width=\"800\" height=\"534\" src=\"https:\/\/www.tepo-consulting.ch\/wp-content\/uploads\/2023\/03\/shutterstock_2043167513-1024x683.jpg\" class=\"attachment-large size-large wp-image-524\" alt=\"\" srcset=\"https:\/\/www.tepo-consulting.ch\/wp-content\/uploads\/2023\/03\/shutterstock_2043167513-1024x683.jpg 1024w, https:\/\/www.tepo-consulting.ch\/wp-content\/uploads\/2023\/03\/shutterstock_2043167513-300x200.jpg 300w, https:\/\/www.tepo-consulting.ch\/wp-content\/uploads\/2023\/03\/shutterstock_2043167513-768x512.jpg 768w, https:\/\/www.tepo-consulting.ch\/wp-content\/uploads\/2023\/03\/shutterstock_2043167513-1536x1024.jpg 1536w, https:\/\/www.tepo-consulting.ch\/wp-content\/uploads\/2023\/03\/shutterstock_2043167513-2048x1365.jpg 2048w\" sizes=\"auto, (max-width: 800px) 100vw, 800px\" \/>\t\t\t\t\t\t\t\t\t\t\t\t\t\t\t<\/div>\n\t\t\t\t<\/div>\n\t\t\t\t<div class=\"elementor-element elementor-element-eb96e68 elementor-widget elementor-widget-text-editor\" data-id=\"eb96e68\" data-element_type=\"widget\" data-widget_type=\"text-editor.default\">\n\t\t\t\t<div class=\"elementor-widget-container\">\n\t\t\t\t\t\t\t<p>F\u00fcr weitere Informationen kontaktieren Sie bitte Dario Santandrea unter <a href=\"https:\/\/santandrea-expert-energie.ch\/\">https:\/\/santandrea-expert-energie.ch\/<\/a>.<\/p>\t\t\t\t\t\t<\/div>\n\t\t\t\t<\/div>\n\t\t\t\t<\/div>\n\t\t\t\t\t<\/div>\n\t\t\t\t<\/div>\n\t\t\t\t\t\t\t<\/div>\n\t\t","protected":false},"excerpt":{"rendered":"<p>Energie Es ist keine \u00dcbertreibung zu sagen, dass Energiekosten nicht nur f\u00fcr Schulen (insbesondere in j\u00fcngster Zeit) erhebliche Kosten darstellen, sondern auch der Gebrauch und Missbrauch von Energie wesentlich zum CO2-Fu\u00dfabdruck der Schule beitragen kann. Es ist auch allgemein bekannt, dass Organisationen mit Zielen f\u00fcr nachhaltige Entwicklung (SDGs) und Energieeinsparung immer mehr sowohl von Eltern [&hellip;]<\/p>\n","protected":false},"author":6,"featured_media":0,"parent":7018,"menu_order":10,"comment_status":"closed","ping_status":"closed","template":"","meta":{"footnotes":""},"class_list":["post-7069","page","type-page","status-publish","hentry"],"acf":[],"yoast_head":"<!-- This site is optimized with the Yoast SEO plugin v21.9.1 - https:\/\/yoast.com\/wordpress\/plugins\/seo\/ -->\n<title>\u00c9nergie - Tepo consulting<\/title>\n<meta name=\"robots\" content=\"index, follow, max-snippet:-1, max-image-preview:large, max-video-preview:-1\" \/>\n<link rel=\"canonical\" href=\"https:\/\/www.tepo-consulting.ch\/de\/services\/tepo-vertrauenswuerdige-partner\/energie\/\" \/>\n<meta property=\"og:locale\" content=\"de_DE\" \/>\n<meta property=\"og:type\" content=\"article\" \/>\n<meta property=\"og:title\" content=\"\u00c9nergie - Tepo consulting\" \/>\n<meta property=\"og:description\" content=\"Energie Es ist keine \u00dcbertreibung zu sagen, dass Energiekosten nicht nur f\u00fcr Schulen (insbesondere in j\u00fcngster Zeit) erhebliche Kosten darstellen, sondern auch der Gebrauch und Missbrauch von Energie wesentlich zum CO2-Fu\u00dfabdruck der Schule beitragen kann. Es ist auch allgemein bekannt, dass Organisationen mit Zielen f\u00fcr nachhaltige Entwicklung (SDGs) und Energieeinsparung immer mehr sowohl von Eltern [&hellip;]\" \/>\n<meta property=\"og:url\" content=\"https:\/\/www.tepo-consulting.ch\/de\/services\/tepo-vertrauenswuerdige-partner\/energie\/\" \/>\n<meta property=\"og:site_name\" content=\"Tepo consulting\" \/>\n<meta property=\"article:modified_time\" content=\"2023-07-01T18:21:46+00:00\" \/>\n<meta property=\"og:image\" content=\"https:\/\/www.tepo-consulting.ch\/wp-content\/uploads\/2023\/03\/Groupe-161.svg\" \/>\n<meta name=\"twitter:card\" content=\"summary_large_image\" \/>\n<meta name=\"twitter:label1\" content=\"Gesch\u00e4tzte Lesezeit\" \/>\n\t<meta name=\"twitter:data1\" content=\"1\u00a0Minute\" \/>\n<script type=\"application\/ld+json\" class=\"yoast-schema-graph\">{\"@context\":\"https:\/\/schema.org\",\"@graph\":[{\"@type\":\"WebPage\",\"@id\":\"https:\/\/www.tepo-consulting.ch\/de\/services\/tepo-vertrauenswuerdige-partner\/energie\/\",\"url\":\"https:\/\/www.tepo-consulting.ch\/de\/services\/tepo-vertrauenswuerdige-partner\/energie\/\",\"name\":\"\u00c9nergie - Tepo consulting\",\"isPartOf\":{\"@id\":\"https:\/\/www.tepo-consulting.ch\/#website\"},\"datePublished\":\"2023-03-29T12:03:33+00:00\",\"dateModified\":\"2023-07-01T18:21:46+00:00\",\"breadcrumb\":{\"@id\":\"https:\/\/www.tepo-consulting.ch\/de\/services\/tepo-vertrauenswuerdige-partner\/energie\/#breadcrumb\"},\"inLanguage\":\"de\",\"potentialAction\":[{\"@type\":\"ReadAction\",\"target\":[\"https:\/\/www.tepo-consulting.ch\/de\/services\/tepo-vertrauenswuerdige-partner\/energie\/\"]}]},{\"@type\":\"BreadcrumbList\",\"@id\":\"https:\/\/www.tepo-consulting.ch\/de\/services\/tepo-vertrauenswuerdige-partner\/energie\/#breadcrumb\",\"itemListElement\":[{\"@type\":\"ListItem\",\"position\":1,\"name\":\"Home\",\"item\":\"https:\/\/www.tepo-consulting.ch\/de\/home\/\"},{\"@type\":\"ListItem\",\"position\":2,\"name\":\"Dienstleistungen\",\"item\":\"https:\/\/www.tepo-consulting.ch\/de\/services\/\"},{\"@type\":\"ListItem\",\"position\":3,\"name\":\"Tepo-vertrauensw\u00fcrdige Partner\",\"item\":\"https:\/\/www.tepo-consulting.ch\/de\/services\/tepo-vertrauenswuerdige-partner\/\"},{\"@type\":\"ListItem\",\"position\":4,\"name\":\"\u00c9nergie\"}]},{\"@type\":\"WebSite\",\"@id\":\"https:\/\/www.tepo-consulting.ch\/#website\",\"url\":\"https:\/\/www.tepo-consulting.ch\/\",\"name\":\"Tepo consulting\",\"description\":\"\",\"publisher\":{\"@id\":\"https:\/\/www.tepo-consulting.ch\/#organization\"},\"potentialAction\":[{\"@type\":\"SearchAction\",\"target\":{\"@type\":\"EntryPoint\",\"urlTemplate\":\"https:\/\/www.tepo-consulting.ch\/?s={search_term_string}\"},\"query-input\":\"required name=search_term_string\"}],\"inLanguage\":\"de\"},{\"@type\":\"Organization\",\"@id\":\"https:\/\/www.tepo-consulting.ch\/#organization\",\"name\":\"Tepo consulting\",\"url\":\"https:\/\/www.tepo-consulting.ch\/\",\"logo\":{\"@type\":\"ImageObject\",\"inLanguage\":\"de\",\"@id\":\"https:\/\/www.tepo-consulting.ch\/#\/schema\/logo\/image\/\",\"url\":\"https:\/\/www.tepo-consulting.ch\/wp-content\/uploads\/2023\/03\/white-Logo.svg\",\"contentUrl\":\"https:\/\/www.tepo-consulting.ch\/wp-content\/uploads\/2023\/03\/white-Logo.svg\",\"width\":226,\"height\":92,\"caption\":\"Tepo consulting\"},\"image\":{\"@id\":\"https:\/\/www.tepo-consulting.ch\/#\/schema\/logo\/image\/\"}}]}<\/script>\n<!-- \/ Yoast SEO plugin. -->","yoast_head_json":{"title":"\u00c9nergie - Tepo consulting","robots":{"index":"index","follow":"follow","max-snippet":"max-snippet:-1","max-image-preview":"max-image-preview:large","max-video-preview":"max-video-preview:-1"},"canonical":"https:\/\/www.tepo-consulting.ch\/de\/services\/tepo-vertrauenswuerdige-partner\/energie\/","og_locale":"de_DE","og_type":"article","og_title":"\u00c9nergie - Tepo consulting","og_description":"Energie Es ist keine \u00dcbertreibung zu sagen, dass Energiekosten nicht nur f\u00fcr Schulen (insbesondere in j\u00fcngster Zeit) erhebliche Kosten darstellen, sondern auch der Gebrauch und Missbrauch von Energie wesentlich zum CO2-Fu\u00dfabdruck der Schule beitragen kann. Es ist auch allgemein bekannt, dass Organisationen mit Zielen f\u00fcr nachhaltige Entwicklung (SDGs) und Energieeinsparung immer mehr sowohl von Eltern [&hellip;]","og_url":"https:\/\/www.tepo-consulting.ch\/de\/services\/tepo-vertrauenswuerdige-partner\/energie\/","og_site_name":"Tepo consulting","article_modified_time":"2023-07-01T18:21:46+00:00","og_image":[{"url":"https:\/\/www.tepo-consulting.ch\/wp-content\/uploads\/2023\/03\/Groupe-161.svg"}],"twitter_card":"summary_large_image","twitter_misc":{"Gesch\u00e4tzte Lesezeit":"1\u00a0Minute"},"schema":{"@context":"https:\/\/schema.org","@graph":[{"@type":"WebPage","@id":"https:\/\/www.tepo-consulting.ch\/de\/services\/tepo-vertrauenswuerdige-partner\/energie\/","url":"https:\/\/www.tepo-consulting.ch\/de\/services\/tepo-vertrauenswuerdige-partner\/energie\/","name":"\u00c9nergie - Tepo consulting","isPartOf":{"@id":"https:\/\/www.tepo-consulting.ch\/#website"},"datePublished":"2023-03-29T12:03:33+00:00","dateModified":"2023-07-01T18:21:46+00:00","breadcrumb":{"@id":"https:\/\/www.tepo-consulting.ch\/de\/services\/tepo-vertrauenswuerdige-partner\/energie\/#breadcrumb"},"inLanguage":"de","potentialAction":[{"@type":"ReadAction","target":["https:\/\/www.tepo-consulting.ch\/de\/services\/tepo-vertrauenswuerdige-partner\/energie\/"]}]},{"@type":"BreadcrumbList","@id":"https:\/\/www.tepo-consulting.ch\/de\/services\/tepo-vertrauenswuerdige-partner\/energie\/#breadcrumb","itemListElement":[{"@type":"ListItem","position":1,"name":"Home","item":"https:\/\/www.tepo-consulting.ch\/de\/home\/"},{"@type":"ListItem","position":2,"name":"Dienstleistungen","item":"https:\/\/www.tepo-consulting.ch\/de\/services\/"},{"@type":"ListItem","position":3,"name":"Tepo-vertrauensw\u00fcrdige Partner","item":"https:\/\/www.tepo-consulting.ch\/de\/services\/tepo-vertrauenswuerdige-partner\/"},{"@type":"ListItem","position":4,"name":"\u00c9nergie"}]},{"@type":"WebSite","@id":"https:\/\/www.tepo-consulting.ch\/#website","url":"https:\/\/www.tepo-consulting.ch\/","name":"Tepo consulting","description":"","publisher":{"@id":"https:\/\/www.tepo-consulting.ch\/#organization"},"potentialAction":[{"@type":"SearchAction","target":{"@type":"EntryPoint","urlTemplate":"https:\/\/www.tepo-consulting.ch\/?s={search_term_string}"},"query-input":"required name=search_term_string"}],"inLanguage":"de"},{"@type":"Organization","@id":"https:\/\/www.tepo-consulting.ch\/#organization","name":"Tepo consulting","url":"https:\/\/www.tepo-consulting.ch\/","logo":{"@type":"ImageObject","inLanguage":"de","@id":"https:\/\/www.tepo-consulting.ch\/#\/schema\/logo\/image\/","url":"https:\/\/www.tepo-consulting.ch\/wp-content\/uploads\/2023\/03\/white-Logo.svg","contentUrl":"https:\/\/www.tepo-consulting.ch\/wp-content\/uploads\/2023\/03\/white-Logo.svg","width":226,"height":92,"caption":"Tepo consulting"},"image":{"@id":"https:\/\/www.tepo-consulting.ch\/#\/schema\/logo\/image\/"}}]}},"_links":{"self":[{"href":"https:\/\/www.tepo-consulting.ch\/de\/wp-json\/wp\/v2\/pages\/7069","targetHints":{"allow":["GET"]}}],"collection":[{"href":"https:\/\/www.tepo-consulting.ch\/de\/wp-json\/wp\/v2\/pages"}],"about":[{"href":"https:\/\/www.tepo-consulting.ch\/de\/wp-json\/wp\/v2\/types\/page"}],"author":[{"embeddable":true,"href":"https:\/\/www.tepo-consulting.ch\/de\/wp-json\/wp\/v2\/users\/6"}],"replies":[{"embeddable":true,"href":"https:\/\/www.tepo-consulting.ch\/de\/wp-json\/wp\/v2\/comments?post=7069"}],"version-history":[{"count":7,"href":"https:\/\/www.tepo-consulting.ch\/de\/wp-json\/wp\/v2\/pages\/7069\/revisions"}],"predecessor-version":[{"id":7276,"href":"https:\/\/www.tepo-consulting.ch\/de\/wp-json\/wp\/v2\/pages\/7069\/revisions\/7276"}],"up":[{"embeddable":true,"href":"https:\/\/www.tepo-consulting.ch\/de\/wp-json\/wp\/v2\/pages\/7018"}],"wp:attachment":[{"href":"https:\/\/www.tepo-consulting.ch\/de\/wp-json\/wp\/v2\/media?parent=7069"}],"curies":[{"name":"wp","href":"https:\/\/api.w.org\/{rel}","templated":true}]}}