{"id":7143,"date":"2023-04-11T11:46:17","date_gmt":"2023-04-11T09:46:17","guid":{"rendered":"https:\/\/www.tepo-consulting.ch\/?page_id=7143"},"modified":"2023-07-01T21:10:23","modified_gmt":"2023-07-01T19:10:23","slug":"software-edtech","status":"publish","type":"page","link":"https:\/\/www.tepo-consulting.ch\/de\/services\/tepo-vertrauenswuerdige-partner\/software-edtech\/","title":{"rendered":"Software &#8211; EdTech"},"content":{"rendered":"\t\t<div data-elementor-type=\"wp-page\" data-elementor-id=\"7143\" class=\"elementor elementor-7143 elementor-783\">\n\t\t\t\t\t\t\t<div class=\"elementor-element elementor-element-d8e9fe8 e-con-full e-flex e-con\" data-id=\"d8e9fe8\" data-element_type=\"container\" data-settings=\"{&quot;content_width&quot;:&quot;full&quot;}\">\n\t\t<div class=\"elementor-element elementor-element-f8a2aec e-con-full e-flex e-con\" data-id=\"f8a2aec\" data-element_type=\"container\" data-settings=\"{&quot;content_width&quot;:&quot;full&quot;}\">\n\t\t\t\t<div class=\"elementor-element elementor-element-9961637 elementor-widget-divider--view-line elementor-widget elementor-widget-divider\" data-id=\"9961637\" data-element_type=\"widget\" data-widget_type=\"divider.default\">\n\t\t\t\t<div class=\"elementor-widget-container\">\n\t\t\t<style>\/*! elementor - v3.13.3 - 28-05-2023 *\/\n.elementor-widget-divider{--divider-border-style:none;--divider-border-width:1px;--divider-color:#0c0d0e;--divider-icon-size:20px;--divider-element-spacing:10px;--divider-pattern-height:24px;--divider-pattern-size:20px;--divider-pattern-url:none;--divider-pattern-repeat:repeat-x}.elementor-widget-divider .elementor-divider{display:flex}.elementor-widget-divider .elementor-divider__text{font-size:15px;line-height:1;max-width:95%}.elementor-widget-divider .elementor-divider__element{margin:0 var(--divider-element-spacing);flex-shrink:0}.elementor-widget-divider .elementor-icon{font-size:var(--divider-icon-size)}.elementor-widget-divider .elementor-divider-separator{display:flex;margin:0;direction:ltr}.elementor-widget-divider--view-line_icon .elementor-divider-separator,.elementor-widget-divider--view-line_text .elementor-divider-separator{align-items:center}.elementor-widget-divider--view-line_icon .elementor-divider-separator:after,.elementor-widget-divider--view-line_icon .elementor-divider-separator:before,.elementor-widget-divider--view-line_text .elementor-divider-separator:after,.elementor-widget-divider--view-line_text .elementor-divider-separator:before{display:block;content:\"\";border-bottom:0;flex-grow:1;border-top:var(--divider-border-width) var(--divider-border-style) var(--divider-color)}.elementor-widget-divider--element-align-left .elementor-divider .elementor-divider-separator>.elementor-divider__svg:first-of-type{flex-grow:0;flex-shrink:100}.elementor-widget-divider--element-align-left .elementor-divider-separator:before{content:none}.elementor-widget-divider--element-align-left .elementor-divider__element{margin-left:0}.elementor-widget-divider--element-align-right .elementor-divider .elementor-divider-separator>.elementor-divider__svg:last-of-type{flex-grow:0;flex-shrink:100}.elementor-widget-divider--element-align-right .elementor-divider-separator:after{content:none}.elementor-widget-divider--element-align-right .elementor-divider__element{margin-right:0}.elementor-widget-divider:not(.elementor-widget-divider--view-line_text):not(.elementor-widget-divider--view-line_icon) .elementor-divider-separator{border-top:var(--divider-border-width) var(--divider-border-style) var(--divider-color)}.elementor-widget-divider--separator-type-pattern{--divider-border-style:none}.elementor-widget-divider--separator-type-pattern.elementor-widget-divider--view-line .elementor-divider-separator,.elementor-widget-divider--separator-type-pattern:not(.elementor-widget-divider--view-line) .elementor-divider-separator:after,.elementor-widget-divider--separator-type-pattern:not(.elementor-widget-divider--view-line) .elementor-divider-separator:before,.elementor-widget-divider--separator-type-pattern:not([class*=elementor-widget-divider--view]) .elementor-divider-separator{width:100%;min-height:var(--divider-pattern-height);-webkit-mask-size:var(--divider-pattern-size) 100%;mask-size:var(--divider-pattern-size) 100%;-webkit-mask-repeat:var(--divider-pattern-repeat);mask-repeat:var(--divider-pattern-repeat);background-color:var(--divider-color);-webkit-mask-image:var(--divider-pattern-url);mask-image:var(--divider-pattern-url)}.elementor-widget-divider--no-spacing{--divider-pattern-size:auto}.elementor-widget-divider--bg-round{--divider-pattern-repeat:round}.rtl .elementor-widget-divider .elementor-divider__text{direction:rtl}.e-con-inner>.elementor-widget-divider,.e-con>.elementor-widget-divider{width:var(--container-widget-width,100%);--flex-grow:var(--container-widget-flex-grow)}<\/style>\t\t<div class=\"elementor-divider\">\n\t\t\t<span class=\"elementor-divider-separator\">\n\t\t\t\t\t\t<\/span>\n\t\t<\/div>\n\t\t\t\t<\/div>\n\t\t\t\t<\/div>\n\t\t\t\t<div class=\"elementor-element elementor-element-b93f1bb elementor-widget elementor-widget-heading\" data-id=\"b93f1bb\" data-element_type=\"widget\" data-widget_type=\"heading.default\">\n\t\t\t\t<div class=\"elementor-widget-container\">\n\t\t\t<style>\/*! elementor - v3.13.3 - 28-05-2023 *\/\n.elementor-heading-title{padding:0;margin:0;line-height:1}.elementor-widget-heading .elementor-heading-title[class*=elementor-size-]>a{color:inherit;font-size:inherit;line-height:inherit}.elementor-widget-heading .elementor-heading-title.elementor-size-small{font-size:15px}.elementor-widget-heading .elementor-heading-title.elementor-size-medium{font-size:19px}.elementor-widget-heading .elementor-heading-title.elementor-size-large{font-size:29px}.elementor-widget-heading .elementor-heading-title.elementor-size-xl{font-size:39px}.elementor-widget-heading .elementor-heading-title.elementor-size-xxl{font-size:59px}<\/style><h1 class=\"elementor-heading-title elementor-size-default\">Software - EdTech<\/h1>\t\t<\/div>\n\t\t\t\t<\/div>\n\t\t\t\t<div class=\"elementor-element elementor-element-57243ee elementor-widget elementor-widget-text-editor\" data-id=\"57243ee\" data-element_type=\"widget\" data-widget_type=\"text-editor.default\">\n\t\t\t\t<div class=\"elementor-widget-container\">\n\t\t\t<style>\/*! elementor - v3.13.3 - 28-05-2023 *\/\n.elementor-widget-text-editor.elementor-drop-cap-view-stacked .elementor-drop-cap{background-color:#69727d;color:#fff}.elementor-widget-text-editor.elementor-drop-cap-view-framed .elementor-drop-cap{color:#69727d;border:3px solid;background-color:transparent}.elementor-widget-text-editor:not(.elementor-drop-cap-view-default) .elementor-drop-cap{margin-top:8px}.elementor-widget-text-editor:not(.elementor-drop-cap-view-default) .elementor-drop-cap-letter{width:1em;height:1em}.elementor-widget-text-editor .elementor-drop-cap{float:left;text-align:center;line-height:1;font-size:50px}.elementor-widget-text-editor .elementor-drop-cap-letter{display:inline-block}<\/style>\t\t\t\t<p>\u00a0<\/p><p>\u00a0<\/p><p>Seit der Pandemie ist die Edtech-Branche buchst\u00e4blich explodiert, und fast t\u00e4glich kommt neue On-Premise- und Cloud-basierte Software auf den Markt. Mit den Trends und Richtungen im Bereich der Bildungssoftware (auch bekannt als Edtech) Schritt zu halten, kann ein Vollzeitjob sein.<\/p><p>F\u00fcr viele Schulen kann die Wahl der richtigen Software zu einer Lotterie werden, da jeder Softwareanbieter behauptet, sein Produkt sei das beste auf dem Markt. Bei \u00fcber 20 Spezialkategorien von Edtech, die Tausende von m\u00f6glichen Softwareoptionen abdecken, ist es nicht einfach, einen klaren \u00dcberblick \u00fcber die besten Verfahren und die geeignete Software f\u00fcr Ihre Schule zu haben.<\/p><p>Aus diesem Grund wird Tepo einen umfassenden \u00dcberblick \u00fcber die an Ihrer Schule vorhandene Bildungssoftware geben und einfache KPIs in den 4 wichtigsten und sich oft \u00fcberschneidenden Edtech-Dachgruppen in dieser Kategorie untersuchen. Diese Dachgruppen k\u00f6nnen in folgende Kategorien eingeteilt werden:\u00a0<\/p>\t\t\t\t\t\t<\/div>\n\t\t\t\t<\/div>\n\t\t\t\t<\/div>\n\t\t<div class=\"elementor-element elementor-element-bb9ab4a e-con-full e-flex e-con\" data-id=\"bb9ab4a\" data-element_type=\"container\" data-settings=\"{&quot;content_width&quot;:&quot;full&quot;}\">\n\t\t\t\t<\/div>\n\t\t\t\t<\/div>\n\t\t<div class=\"elementor-element elementor-element-9817476 e-con-boxed e-flex e-con\" data-id=\"9817476\" data-element_type=\"container\" data-settings=\"{&quot;background_background&quot;:&quot;classic&quot;,&quot;content_width&quot;:&quot;boxed&quot;}\">\n\t\t\t\t\t<div class=\"e-con-inner\">\n\t\t\t\t<div class=\"elementor-element elementor-element-9f981c2 elementor-widget elementor-widget-image\" data-id=\"9f981c2\" data-element_type=\"widget\" data-widget_type=\"image.default\">\n\t\t\t\t<div class=\"elementor-widget-container\">\n\t\t\t<style>\/*! elementor - v3.13.3 - 28-05-2023 *\/\n.elementor-widget-image{text-align:center}.elementor-widget-image a{display:inline-block}.elementor-widget-image a img[src$=\".svg\"]{width:48px}.elementor-widget-image img{vertical-align:middle;display:inline-block}<\/style>\t\t\t\t\t\t\t\t\t\t\t\t<img loading=\"lazy\" decoding=\"async\" width=\"96\" height=\"96\" src=\"https:\/\/www.tepo-consulting.ch\/wp-content\/uploads\/2023\/03\/Groupe-161.svg\" class=\"attachment-large size-large wp-image-531\" alt=\"\" \/>\t\t\t\t\t\t\t\t\t\t\t\t\t\t\t<\/div>\n\t\t\t\t<\/div>\n\t\t\t\t<div class=\"elementor-element elementor-element-b078f96 elementor-widget elementor-widget-heading\" data-id=\"b078f96\" data-element_type=\"widget\" data-widget_type=\"heading.default\">\n\t\t\t\t<div class=\"elementor-widget-container\">\n\t\t\t<h2 class=\"elementor-heading-title elementor-size-default\">Wie also kann <br>Tepo Consulting helfen?<\/h2>\t\t<\/div>\n\t\t\t\t<\/div>\n\t\t\t\t\t<\/div>\n\t\t\t\t<\/div>\n\t\t<div class=\"elementor-element elementor-element-42b45c0 e-con-boxed e-flex e-con\" data-id=\"42b45c0\" data-element_type=\"container\" data-settings=\"{&quot;background_background&quot;:&quot;classic&quot;,&quot;content_width&quot;:&quot;boxed&quot;}\">\n\t\t\t\t\t<div class=\"e-con-inner\">\n\t\t<div class=\"elementor-element elementor-element-f0097ce e-con-full e-flex e-con\" data-id=\"f0097ce\" data-element_type=\"container\" data-settings=\"{&quot;content_width&quot;:&quot;full&quot;}\">\n\t\t\t\t<div class=\"elementor-element elementor-element-1a15690 elementor-widget elementor-widget-text-editor\" data-id=\"1a15690\" data-element_type=\"widget\" data-mh=\"text\" data-widget_type=\"text-editor.default\">\n\t\t\t\t<div class=\"elementor-widget-container\">\n\t\t\t\t\t\t\t<p>Tepo kann auf zweierlei Weise helfen . Zun\u00e4chst empfiehlt Tepo&nbsp;<strong>Edtech Impact<\/strong> (https:\/\/edtechimpact.com), eine unabh\u00e4ngige \u00dcberpr\u00fcfungs-Plattform. EdTech Impact ist kostenfrei und offen f\u00fcr jedermann mit der weltweit gr\u00f6\u00dften Datenbank f\u00fcr EdTech-Produkte.&nbsp;<\/p>\n<p>Sie bietet eine unabh\u00e4ngige \u00dcberpr\u00fcfung von EdTech-Software in leichtverst\u00e4ndlichen Kategorien an und dies sogar nach Altersgruppen sortiert. Jede \u00dcberpr\u00fcfung gibt ein qualitatives und quantitatives Feedback an mit der Angabe, welche Auswirkungen dieses Produkt auf Sch\u00fcler, Lehrer und Eltern hat.<\/p>\t\t\t\t\t\t<\/div>\n\t\t\t\t<\/div>\n\t\t\t\t<div class=\"elementor-element elementor-element-01292b4 elementor-widget elementor-widget-image\" data-id=\"01292b4\" data-element_type=\"widget\" data-widget_type=\"image.default\">\n\t\t\t\t<div class=\"elementor-widget-container\">\n\t\t\t\t\t\t\t\t\t\t\t\t\t\t\t<img loading=\"lazy\" decoding=\"async\" width=\"800\" height=\"534\" src=\"https:\/\/www.tepo-consulting.ch\/wp-content\/uploads\/2023\/04\/shutterstock_2050062719-1024x683.jpg\" class=\"attachment-large size-large wp-image-801\" alt=\"\" srcset=\"https:\/\/www.tepo-consulting.ch\/wp-content\/uploads\/2023\/04\/shutterstock_2050062719-1024x683.jpg 1024w, https:\/\/www.tepo-consulting.ch\/wp-content\/uploads\/2023\/04\/shutterstock_2050062719-300x200.jpg 300w, https:\/\/www.tepo-consulting.ch\/wp-content\/uploads\/2023\/04\/shutterstock_2050062719-768x512.jpg 768w, https:\/\/www.tepo-consulting.ch\/wp-content\/uploads\/2023\/04\/shutterstock_2050062719-1536x1024.jpg 1536w, https:\/\/www.tepo-consulting.ch\/wp-content\/uploads\/2023\/04\/shutterstock_2050062719-2048x1365.jpg 2048w\" sizes=\"auto, (max-width: 800px) 100vw, 800px\" \/>\t\t\t\t\t\t\t\t\t\t\t\t\t\t\t<\/div>\n\t\t\t\t<\/div>\n\t\t\t\t<\/div>\n\t\t<div class=\"elementor-element elementor-element-89477d7 e-con-full e-flex e-con\" data-id=\"89477d7\" data-element_type=\"container\" data-settings=\"{&quot;content_width&quot;:&quot;full&quot;}\">\n\t\t\t\t<div class=\"elementor-element elementor-element-a58b82d elementor-widget elementor-widget-text-editor\" data-id=\"a58b82d\" data-element_type=\"widget\" data-mh=\"text\" data-widget_type=\"text-editor.default\">\n\t\t\t\t<div class=\"elementor-widget-container\">\n\t\t\t\t\t\t\t<p>Dar\u00fcber hinaus hat sich Edtech Impact bereit erkl\u00e4rt, exklusiv f\u00fcr Tepo-Schulen einen Fragebogen zur Selbsteinsch\u00e4tzung zu erstellen, anhand dessen Sie St\u00e4rken und Schw\u00e4chen identifizieren k\u00f6nnen, um sie mit den Edtech Impact-Beratern zu besprechen, die die Schweizer Privatschulen unterst\u00fctzen werden.<\/p><p>Zweitens hat sich Tepo mit Elca Informatique SA (https:\/\/www.elca.ch\/en) zusammengetan, um spezielle Preise, Schulungen und Post-Sales-Wartung f\u00fcr Software anzubieten.<\/p>\t\t\t\t\t\t<\/div>\n\t\t\t\t<\/div>\n\t\t\t\t<div class=\"elementor-element elementor-element-a5e5ab1 elementor-widget elementor-widget-image\" data-id=\"a5e5ab1\" data-element_type=\"widget\" data-widget_type=\"image.default\">\n\t\t\t\t<div class=\"elementor-widget-container\">\n\t\t\t\t\t\t\t\t\t\t\t\t\t\t\t<img loading=\"lazy\" decoding=\"async\" width=\"800\" height=\"534\" src=\"https:\/\/www.tepo-consulting.ch\/wp-content\/uploads\/2023\/04\/shutterstock_1448047388-1024x683.jpg\" class=\"attachment-large size-large wp-image-802\" alt=\"\" srcset=\"https:\/\/www.tepo-consulting.ch\/wp-content\/uploads\/2023\/04\/shutterstock_1448047388-1024x683.jpg 1024w, https:\/\/www.tepo-consulting.ch\/wp-content\/uploads\/2023\/04\/shutterstock_1448047388-300x200.jpg 300w, https:\/\/www.tepo-consulting.ch\/wp-content\/uploads\/2023\/04\/shutterstock_1448047388-768x512.jpg 768w, https:\/\/www.tepo-consulting.ch\/wp-content\/uploads\/2023\/04\/shutterstock_1448047388-1536x1024.jpg 1536w, https:\/\/www.tepo-consulting.ch\/wp-content\/uploads\/2023\/04\/shutterstock_1448047388-2048x1365.jpg 2048w\" sizes=\"auto, (max-width: 800px) 100vw, 800px\" \/>\t\t\t\t\t\t\t\t\t\t\t\t\t\t\t<\/div>\n\t\t\t\t<\/div>\n\t\t\t\t<div class=\"elementor-element elementor-element-eb96e68 elementor-widget elementor-widget-text-editor\" data-id=\"eb96e68\" data-element_type=\"widget\" data-widget_type=\"text-editor.default\">\n\t\t\t\t<div class=\"elementor-widget-container\">\n\t\t\t\t\t\t\t<p>Wenn Sie mehr \u00fcber dieses Thema erfahren m\u00f6chten, wenden Sie sich bitte an Tepo Consulting oder kontaktieren Sie Edtech Impact oder Alexis Thabut (Alexis.thabut@elca.ch) bei Elca Informatique SA.<\/p>\t\t\t\t\t\t<\/div>\n\t\t\t\t<\/div>\n\t\t\t\t<\/div>\n\t\t\t\t\t<\/div>\n\t\t\t\t<\/div>\n\t\t\t\t\t\t\t<\/div>\n\t\t","protected":false},"excerpt":{"rendered":"<p>Software &#8211; EdTech \u00a0 \u00a0 Seit der Pandemie ist die Edtech-Branche buchst\u00e4blich explodiert, und fast t\u00e4glich kommt neue On-Premise- und Cloud-basierte Software auf den Markt. Mit den Trends und Richtungen im Bereich der Bildungssoftware (auch bekannt als Edtech) Schritt zu halten, kann ein Vollzeitjob sein. F\u00fcr viele Schulen kann die Wahl der richtigen Software zu [&hellip;]<\/p>\n","protected":false},"author":6,"featured_media":0,"parent":7018,"menu_order":70,"comment_status":"closed","ping_status":"closed","template":"","meta":{"footnotes":""},"class_list":["post-7143","page","type-page","status-publish","hentry"],"acf":[],"yoast_head":"<!-- This site is optimized with the Yoast SEO plugin v21.9.1 - https:\/\/yoast.com\/wordpress\/plugins\/seo\/ -->\n<title>Software - EdTech - Tepo consulting<\/title>\n<meta name=\"robots\" content=\"index, follow, max-snippet:-1, max-image-preview:large, max-video-preview:-1\" \/>\n<link rel=\"canonical\" href=\"https:\/\/www.tepo-consulting.ch\/de\/services\/tepo-vertrauenswuerdige-partner\/software-edtech\/\" \/>\n<meta property=\"og:locale\" content=\"de_DE\" \/>\n<meta property=\"og:type\" content=\"article\" \/>\n<meta property=\"og:title\" content=\"Software - EdTech - Tepo consulting\" \/>\n<meta property=\"og:description\" content=\"Software &#8211; EdTech \u00a0 \u00a0 Seit der Pandemie ist die Edtech-Branche buchst\u00e4blich explodiert, und fast t\u00e4glich kommt neue On-Premise- und Cloud-basierte Software auf den Markt. Mit den Trends und Richtungen im Bereich der Bildungssoftware (auch bekannt als Edtech) Schritt zu halten, kann ein Vollzeitjob sein. F\u00fcr viele Schulen kann die Wahl der richtigen Software zu [&hellip;]\" \/>\n<meta property=\"og:url\" content=\"https:\/\/www.tepo-consulting.ch\/de\/services\/tepo-vertrauenswuerdige-partner\/software-edtech\/\" \/>\n<meta property=\"og:site_name\" content=\"Tepo consulting\" \/>\n<meta property=\"article:modified_time\" content=\"2023-07-01T19:10:23+00:00\" \/>\n<meta property=\"og:image\" content=\"https:\/\/www.tepo-consulting.ch\/wp-content\/uploads\/2023\/03\/Groupe-161.svg\" \/>\n<meta name=\"twitter:card\" content=\"summary_large_image\" \/>\n<meta name=\"twitter:label1\" content=\"Gesch\u00e4tzte Lesezeit\" \/>\n\t<meta name=\"twitter:data1\" content=\"2\u00a0Minuten\" \/>\n<script type=\"application\/ld+json\" class=\"yoast-schema-graph\">{\"@context\":\"https:\/\/schema.org\",\"@graph\":[{\"@type\":\"WebPage\",\"@id\":\"https:\/\/www.tepo-consulting.ch\/de\/services\/tepo-vertrauenswuerdige-partner\/software-edtech\/\",\"url\":\"https:\/\/www.tepo-consulting.ch\/de\/services\/tepo-vertrauenswuerdige-partner\/software-edtech\/\",\"name\":\"Software - EdTech - Tepo consulting\",\"isPartOf\":{\"@id\":\"https:\/\/www.tepo-consulting.ch\/#website\"},\"datePublished\":\"2023-04-11T09:46:17+00:00\",\"dateModified\":\"2023-07-01T19:10:23+00:00\",\"breadcrumb\":{\"@id\":\"https:\/\/www.tepo-consulting.ch\/de\/services\/tepo-vertrauenswuerdige-partner\/software-edtech\/#breadcrumb\"},\"inLanguage\":\"de\",\"potentialAction\":[{\"@type\":\"ReadAction\",\"target\":[\"https:\/\/www.tepo-consulting.ch\/de\/services\/tepo-vertrauenswuerdige-partner\/software-edtech\/\"]}]},{\"@type\":\"BreadcrumbList\",\"@id\":\"https:\/\/www.tepo-consulting.ch\/de\/services\/tepo-vertrauenswuerdige-partner\/software-edtech\/#breadcrumb\",\"itemListElement\":[{\"@type\":\"ListItem\",\"position\":1,\"name\":\"Home\",\"item\":\"https:\/\/www.tepo-consulting.ch\/de\/home\/\"},{\"@type\":\"ListItem\",\"position\":2,\"name\":\"Dienstleistungen\",\"item\":\"https:\/\/www.tepo-consulting.ch\/de\/services\/\"},{\"@type\":\"ListItem\",\"position\":3,\"name\":\"Tepo-vertrauensw\u00fcrdige Partner\",\"item\":\"https:\/\/www.tepo-consulting.ch\/de\/services\/tepo-vertrauenswuerdige-partner\/\"},{\"@type\":\"ListItem\",\"position\":4,\"name\":\"Software &#8211; EdTech\"}]},{\"@type\":\"WebSite\",\"@id\":\"https:\/\/www.tepo-consulting.ch\/#website\",\"url\":\"https:\/\/www.tepo-consulting.ch\/\",\"name\":\"Tepo consulting\",\"description\":\"\",\"publisher\":{\"@id\":\"https:\/\/www.tepo-consulting.ch\/#organization\"},\"potentialAction\":[{\"@type\":\"SearchAction\",\"target\":{\"@type\":\"EntryPoint\",\"urlTemplate\":\"https:\/\/www.tepo-consulting.ch\/?s={search_term_string}\"},\"query-input\":\"required name=search_term_string\"}],\"inLanguage\":\"de\"},{\"@type\":\"Organization\",\"@id\":\"https:\/\/www.tepo-consulting.ch\/#organization\",\"name\":\"Tepo consulting\",\"url\":\"https:\/\/www.tepo-consulting.ch\/\",\"logo\":{\"@type\":\"ImageObject\",\"inLanguage\":\"de\",\"@id\":\"https:\/\/www.tepo-consulting.ch\/#\/schema\/logo\/image\/\",\"url\":\"https:\/\/www.tepo-consulting.ch\/wp-content\/uploads\/2023\/03\/white-Logo.svg\",\"contentUrl\":\"https:\/\/www.tepo-consulting.ch\/wp-content\/uploads\/2023\/03\/white-Logo.svg\",\"width\":226,\"height\":92,\"caption\":\"Tepo consulting\"},\"image\":{\"@id\":\"https:\/\/www.tepo-consulting.ch\/#\/schema\/logo\/image\/\"}}]}<\/script>\n<!-- \/ Yoast SEO plugin. -->","yoast_head_json":{"title":"Software - EdTech - Tepo consulting","robots":{"index":"index","follow":"follow","max-snippet":"max-snippet:-1","max-image-preview":"max-image-preview:large","max-video-preview":"max-video-preview:-1"},"canonical":"https:\/\/www.tepo-consulting.ch\/de\/services\/tepo-vertrauenswuerdige-partner\/software-edtech\/","og_locale":"de_DE","og_type":"article","og_title":"Software - EdTech - Tepo consulting","og_description":"Software &#8211; EdTech \u00a0 \u00a0 Seit der Pandemie ist die Edtech-Branche buchst\u00e4blich explodiert, und fast t\u00e4glich kommt neue On-Premise- und Cloud-basierte Software auf den Markt. Mit den Trends und Richtungen im Bereich der Bildungssoftware (auch bekannt als Edtech) Schritt zu halten, kann ein Vollzeitjob sein. F\u00fcr viele Schulen kann die Wahl der richtigen Software zu [&hellip;]","og_url":"https:\/\/www.tepo-consulting.ch\/de\/services\/tepo-vertrauenswuerdige-partner\/software-edtech\/","og_site_name":"Tepo consulting","article_modified_time":"2023-07-01T19:10:23+00:00","og_image":[{"url":"https:\/\/www.tepo-consulting.ch\/wp-content\/uploads\/2023\/03\/Groupe-161.svg"}],"twitter_card":"summary_large_image","twitter_misc":{"Gesch\u00e4tzte Lesezeit":"2\u00a0Minuten"},"schema":{"@context":"https:\/\/schema.org","@graph":[{"@type":"WebPage","@id":"https:\/\/www.tepo-consulting.ch\/de\/services\/tepo-vertrauenswuerdige-partner\/software-edtech\/","url":"https:\/\/www.tepo-consulting.ch\/de\/services\/tepo-vertrauenswuerdige-partner\/software-edtech\/","name":"Software - EdTech - Tepo consulting","isPartOf":{"@id":"https:\/\/www.tepo-consulting.ch\/#website"},"datePublished":"2023-04-11T09:46:17+00:00","dateModified":"2023-07-01T19:10:23+00:00","breadcrumb":{"@id":"https:\/\/www.tepo-consulting.ch\/de\/services\/tepo-vertrauenswuerdige-partner\/software-edtech\/#breadcrumb"},"inLanguage":"de","potentialAction":[{"@type":"ReadAction","target":["https:\/\/www.tepo-consulting.ch\/de\/services\/tepo-vertrauenswuerdige-partner\/software-edtech\/"]}]},{"@type":"BreadcrumbList","@id":"https:\/\/www.tepo-consulting.ch\/de\/services\/tepo-vertrauenswuerdige-partner\/software-edtech\/#breadcrumb","itemListElement":[{"@type":"ListItem","position":1,"name":"Home","item":"https:\/\/www.tepo-consulting.ch\/de\/home\/"},{"@type":"ListItem","position":2,"name":"Dienstleistungen","item":"https:\/\/www.tepo-consulting.ch\/de\/services\/"},{"@type":"ListItem","position":3,"name":"Tepo-vertrauensw\u00fcrdige Partner","item":"https:\/\/www.tepo-consulting.ch\/de\/services\/tepo-vertrauenswuerdige-partner\/"},{"@type":"ListItem","position":4,"name":"Software &#8211; EdTech"}]},{"@type":"WebSite","@id":"https:\/\/www.tepo-consulting.ch\/#website","url":"https:\/\/www.tepo-consulting.ch\/","name":"Tepo consulting","description":"","publisher":{"@id":"https:\/\/www.tepo-consulting.ch\/#organization"},"potentialAction":[{"@type":"SearchAction","target":{"@type":"EntryPoint","urlTemplate":"https:\/\/www.tepo-consulting.ch\/?s={search_term_string}"},"query-input":"required name=search_term_string"}],"inLanguage":"de"},{"@type":"Organization","@id":"https:\/\/www.tepo-consulting.ch\/#organization","name":"Tepo consulting","url":"https:\/\/www.tepo-consulting.ch\/","logo":{"@type":"ImageObject","inLanguage":"de","@id":"https:\/\/www.tepo-consulting.ch\/#\/schema\/logo\/image\/","url":"https:\/\/www.tepo-consulting.ch\/wp-content\/uploads\/2023\/03\/white-Logo.svg","contentUrl":"https:\/\/www.tepo-consulting.ch\/wp-content\/uploads\/2023\/03\/white-Logo.svg","width":226,"height":92,"caption":"Tepo consulting"},"image":{"@id":"https:\/\/www.tepo-consulting.ch\/#\/schema\/logo\/image\/"}}]}},"_links":{"self":[{"href":"https:\/\/www.tepo-consulting.ch\/de\/wp-json\/wp\/v2\/pages\/7143","targetHints":{"allow":["GET"]}}],"collection":[{"href":"https:\/\/www.tepo-consulting.ch\/de\/wp-json\/wp\/v2\/pages"}],"about":[{"href":"https:\/\/www.tepo-consulting.ch\/de\/wp-json\/wp\/v2\/types\/page"}],"author":[{"embeddable":true,"href":"https:\/\/www.tepo-consulting.ch\/de\/wp-json\/wp\/v2\/users\/6"}],"replies":[{"embeddable":true,"href":"https:\/\/www.tepo-consulting.ch\/de\/wp-json\/wp\/v2\/comments?post=7143"}],"version-history":[{"count":13,"href":"https:\/\/www.tepo-consulting.ch\/de\/wp-json\/wp\/v2\/pages\/7143\/revisions"}],"predecessor-version":[{"id":7301,"href":"https:\/\/www.tepo-consulting.ch\/de\/wp-json\/wp\/v2\/pages\/7143\/revisions\/7301"}],"up":[{"embeddable":true,"href":"https:\/\/www.tepo-consulting.ch\/de\/wp-json\/wp\/v2\/pages\/7018"}],"wp:attachment":[{"href":"https:\/\/www.tepo-consulting.ch\/de\/wp-json\/wp\/v2\/media?parent=7143"}],"curies":[{"name":"wp","href":"https:\/\/api.w.org\/{rel}","templated":true}]}}