{"id":7168,"date":"2023-04-11T13:12:38","date_gmt":"2023-04-11T11:12:38","guid":{"rendered":"https:\/\/www.tepo-consulting.ch\/?page_id=7168"},"modified":"2023-06-13T09:39:41","modified_gmt":"2023-06-13T07:39:41","slug":"lehrmaterial-und-buerobedarf","status":"publish","type":"page","link":"https:\/\/www.tepo-consulting.ch\/de\/services\/tepo-vertrauenswuerdige-partner\/lehrmaterial-und-buerobedarf\/","title":{"rendered":"Lehrmaterial und B\u00fcrobedarf"},"content":{"rendered":"\t\t<div data-elementor-type=\"wp-page\" data-elementor-id=\"7168\" class=\"elementor elementor-7168 elementor-821\">\n\t\t\t\t\t\t\t<div class=\"elementor-element elementor-element-9c888c0 e-con-full e-flex e-con\" data-id=\"9c888c0\" data-element_type=\"container\" data-settings=\"{&quot;content_width&quot;:&quot;full&quot;}\">\n\t\t<div class=\"elementor-element elementor-element-f8dac12 e-con-full e-flex e-con\" data-id=\"f8dac12\" data-element_type=\"container\" data-settings=\"{&quot;content_width&quot;:&quot;full&quot;}\">\n\t\t\t\t<div class=\"elementor-element elementor-element-dc05897 elementor-widget-divider--view-line elementor-widget elementor-widget-divider\" data-id=\"dc05897\" data-element_type=\"widget\" data-widget_type=\"divider.default\">\n\t\t\t\t<div class=\"elementor-widget-container\">\n\t\t\t<style>\/*! elementor - v3.13.3 - 28-05-2023 *\/\n.elementor-widget-divider{--divider-border-style:none;--divider-border-width:1px;--divider-color:#0c0d0e;--divider-icon-size:20px;--divider-element-spacing:10px;--divider-pattern-height:24px;--divider-pattern-size:20px;--divider-pattern-url:none;--divider-pattern-repeat:repeat-x}.elementor-widget-divider .elementor-divider{display:flex}.elementor-widget-divider .elementor-divider__text{font-size:15px;line-height:1;max-width:95%}.elementor-widget-divider .elementor-divider__element{margin:0 var(--divider-element-spacing);flex-shrink:0}.elementor-widget-divider .elementor-icon{font-size:var(--divider-icon-size)}.elementor-widget-divider .elementor-divider-separator{display:flex;margin:0;direction:ltr}.elementor-widget-divider--view-line_icon .elementor-divider-separator,.elementor-widget-divider--view-line_text .elementor-divider-separator{align-items:center}.elementor-widget-divider--view-line_icon .elementor-divider-separator:after,.elementor-widget-divider--view-line_icon .elementor-divider-separator:before,.elementor-widget-divider--view-line_text .elementor-divider-separator:after,.elementor-widget-divider--view-line_text .elementor-divider-separator:before{display:block;content:\"\";border-bottom:0;flex-grow:1;border-top:var(--divider-border-width) var(--divider-border-style) var(--divider-color)}.elementor-widget-divider--element-align-left .elementor-divider .elementor-divider-separator>.elementor-divider__svg:first-of-type{flex-grow:0;flex-shrink:100}.elementor-widget-divider--element-align-left .elementor-divider-separator:before{content:none}.elementor-widget-divider--element-align-left .elementor-divider__element{margin-left:0}.elementor-widget-divider--element-align-right .elementor-divider .elementor-divider-separator>.elementor-divider__svg:last-of-type{flex-grow:0;flex-shrink:100}.elementor-widget-divider--element-align-right .elementor-divider-separator:after{content:none}.elementor-widget-divider--element-align-right .elementor-divider__element{margin-right:0}.elementor-widget-divider:not(.elementor-widget-divider--view-line_text):not(.elementor-widget-divider--view-line_icon) .elementor-divider-separator{border-top:var(--divider-border-width) var(--divider-border-style) var(--divider-color)}.elementor-widget-divider--separator-type-pattern{--divider-border-style:none}.elementor-widget-divider--separator-type-pattern.elementor-widget-divider--view-line .elementor-divider-separator,.elementor-widget-divider--separator-type-pattern:not(.elementor-widget-divider--view-line) .elementor-divider-separator:after,.elementor-widget-divider--separator-type-pattern:not(.elementor-widget-divider--view-line) .elementor-divider-separator:before,.elementor-widget-divider--separator-type-pattern:not([class*=elementor-widget-divider--view]) .elementor-divider-separator{width:100%;min-height:var(--divider-pattern-height);-webkit-mask-size:var(--divider-pattern-size) 100%;mask-size:var(--divider-pattern-size) 100%;-webkit-mask-repeat:var(--divider-pattern-repeat);mask-repeat:var(--divider-pattern-repeat);background-color:var(--divider-color);-webkit-mask-image:var(--divider-pattern-url);mask-image:var(--divider-pattern-url)}.elementor-widget-divider--no-spacing{--divider-pattern-size:auto}.elementor-widget-divider--bg-round{--divider-pattern-repeat:round}.rtl .elementor-widget-divider .elementor-divider__text{direction:rtl}.e-con-inner>.elementor-widget-divider,.e-con>.elementor-widget-divider{width:var(--container-widget-width,100%);--flex-grow:var(--container-widget-flex-grow)}<\/style>\t\t<div class=\"elementor-divider\">\n\t\t\t<span class=\"elementor-divider-separator\">\n\t\t\t\t\t\t<\/span>\n\t\t<\/div>\n\t\t\t\t<\/div>\n\t\t\t\t<\/div>\n\t\t\t\t<div class=\"elementor-element elementor-element-22e7140 elementor-widget elementor-widget-heading\" data-id=\"22e7140\" data-element_type=\"widget\" data-widget_type=\"heading.default\">\n\t\t\t\t<div class=\"elementor-widget-container\">\n\t\t\t<style>\/*! elementor - v3.13.3 - 28-05-2023 *\/\n.elementor-heading-title{padding:0;margin:0;line-height:1}.elementor-widget-heading .elementor-heading-title[class*=elementor-size-]>a{color:inherit;font-size:inherit;line-height:inherit}.elementor-widget-heading .elementor-heading-title.elementor-size-small{font-size:15px}.elementor-widget-heading .elementor-heading-title.elementor-size-medium{font-size:19px}.elementor-widget-heading .elementor-heading-title.elementor-size-large{font-size:29px}.elementor-widget-heading .elementor-heading-title.elementor-size-xl{font-size:39px}.elementor-widget-heading .elementor-heading-title.elementor-size-xxl{font-size:59px}<\/style><h1 class=\"elementor-heading-title elementor-size-default\">Lehrmaterial und B\u00fcrobedarf<\/h1>\t\t<\/div>\n\t\t\t\t<\/div>\n\t\t\t\t<div class=\"elementor-element elementor-element-393e398 elementor-widget elementor-widget-text-editor\" data-id=\"393e398\" data-element_type=\"widget\" data-widget_type=\"text-editor.default\">\n\t\t\t\t<div class=\"elementor-widget-container\">\n\t\t\t<style>\/*! elementor - v3.13.3 - 28-05-2023 *\/\n.elementor-widget-text-editor.elementor-drop-cap-view-stacked .elementor-drop-cap{background-color:#69727d;color:#fff}.elementor-widget-text-editor.elementor-drop-cap-view-framed .elementor-drop-cap{color:#69727d;border:3px solid;background-color:transparent}.elementor-widget-text-editor:not(.elementor-drop-cap-view-default) .elementor-drop-cap{margin-top:8px}.elementor-widget-text-editor:not(.elementor-drop-cap-view-default) .elementor-drop-cap-letter{width:1em;height:1em}.elementor-widget-text-editor .elementor-drop-cap{float:left;text-align:center;line-height:1;font-size:50px}.elementor-widget-text-editor .elementor-drop-cap-letter{display:inline-block}<\/style>\t\t\t\t<p><\/p><p><\/p><p>Vor nicht allzu vielen Jahren bestand das TLM lediglich aus Lehrpl\u00e4nen und Bibliotheksb\u00fcchern, unterst\u00fctzt von einer Tafel und Kreide! Die Zeiten haben sich ge\u00e4ndert, und das Spektrum der Produkte und Dienstleistungen ist zusammen mit den Kosten erheblich gewachsen: Je umfangreicher der Lehrplan, desto h\u00f6her die durchschnittlichen Kosten pro Sch\u00fcler.<\/p><p>In Anbetracht der Tatsache, dass viele Schulen in der Schweiz mehrsprachige Lehrpl\u00e4ne anbieten (bereits ab dem Vorschulalter), ist das Abw\u00e4gen von Kosten und Qualit\u00e4t eine wichtige \u00dcberlegung. Au\u00dferdem beziehen viele Schulen ihr englisch-, franz\u00f6sisch- und deutschsprachiges Material aus den jeweiligen L\u00e4ndern.<\/p><p>In seiner einfachsten Form l\u00e4sst sich der Gro\u00dfteil der Unterrichtsmaterialien nach wie vor in zwei grundlegende Kategorien einteilen. Die erste Kategorie sind B\u00fccher (und E-Books), die zweite Kategorie ist Lehrmaterial. Dieses Material reicht von der Grundausstattung des Klassenzimmers bis hin zum Bedarf der Fachabteilungen, z. B. Kunst, Musik, MINT, Sport &amp; SEN.<\/p><p>Leider wird die Auswahl und Verwaltung der Lieferanten oft einzelnen Lehrern \u00fcberlassen, die verst\u00e4ndlicherweise nicht die Zeit haben, sich umzusehen und das beste Preis-Leistungs-Verh\u00e4ltnis f\u00fcr die Schule zu finden.<\/p><p><\/p><p><\/p>\t\t\t\t\t\t<\/div>\n\t\t\t\t<\/div>\n\t\t\t\t<\/div>\n\t\t<div class=\"elementor-element elementor-element-535fea9 e-con-full e-flex e-con\" data-id=\"535fea9\" data-element_type=\"container\" data-settings=\"{&quot;content_width&quot;:&quot;full&quot;}\">\n\t\t\t\t<\/div>\n\t\t\t\t<\/div>\n\t\t<div class=\"elementor-element elementor-element-5b2871b e-con-boxed e-flex e-con\" data-id=\"5b2871b\" data-element_type=\"container\" data-settings=\"{&quot;background_background&quot;:&quot;classic&quot;,&quot;content_width&quot;:&quot;boxed&quot;}\">\n\t\t\t\t\t<div class=\"e-con-inner\">\n\t\t\t\t<div class=\"elementor-element elementor-element-2706017 elementor-widget elementor-widget-image\" data-id=\"2706017\" data-element_type=\"widget\" data-widget_type=\"image.default\">\n\t\t\t\t<div class=\"elementor-widget-container\">\n\t\t\t<style>\/*! elementor - v3.13.3 - 28-05-2023 *\/\n.elementor-widget-image{text-align:center}.elementor-widget-image a{display:inline-block}.elementor-widget-image a img[src$=\".svg\"]{width:48px}.elementor-widget-image img{vertical-align:middle;display:inline-block}<\/style>\t\t\t\t\t\t\t\t\t\t\t\t<img loading=\"lazy\" decoding=\"async\" width=\"96\" height=\"96\" src=\"https:\/\/www.tepo-consulting.ch\/wp-content\/uploads\/2023\/03\/Groupe-161.svg\" class=\"attachment-large size-large wp-image-531\" alt=\"\" \/>\t\t\t\t\t\t\t\t\t\t\t\t\t\t\t<\/div>\n\t\t\t\t<\/div>\n\t\t\t\t<div class=\"elementor-element elementor-element-f5b2931 elementor-widget elementor-widget-heading\" data-id=\"f5b2931\" data-element_type=\"widget\" data-widget_type=\"heading.default\">\n\t\t\t\t<div class=\"elementor-widget-container\">\n\t\t\t<h2 class=\"elementor-heading-title elementor-size-default\">Wie also kann <br>Tepo Consulting helfen?<\/h2>\t\t<\/div>\n\t\t\t\t<\/div>\n\t\t\t\t\t<\/div>\n\t\t\t\t<\/div>\n\t\t<div class=\"elementor-element elementor-element-42b45c0 e-con-boxed e-flex e-con\" data-id=\"42b45c0\" data-element_type=\"container\" data-settings=\"{&quot;background_background&quot;:&quot;classic&quot;,&quot;content_width&quot;:&quot;boxed&quot;}\">\n\t\t\t\t\t<div class=\"e-con-inner\">\n\t\t<div class=\"elementor-element elementor-element-f0097ce e-con-full e-flex e-con\" data-id=\"f0097ce\" data-element_type=\"container\" data-settings=\"{&quot;content_width&quot;:&quot;full&quot;}\">\n\t\t\t\t<div class=\"elementor-element elementor-element-1a15690 elementor-widget elementor-widget-text-editor\" data-id=\"1a15690\" data-element_type=\"widget\" data-mh=\"text\" data-widget_type=\"text-editor.default\">\n\t\t\t\t<div class=\"elementor-widget-container\">\n\t\t\t\t\t\t\t<p>Obwohl Ihre Materialien sowohl lokal in der Schweiz als auch aus dem Ausland bezogen werden k\u00f6nnen, empfiehlt Tepo immer, als ersten Schritt die TLM-Anbieter zu identifizieren und priorisieren, die den Gro\u00dfteil Ihres Bedarfs decken k\u00f6nnen. Weniger Lieferanten zu haben bedeutet gr\u00f6\u00dfere Bestellungen, was gr\u00f6\u00dfere Rabatte und erheblich weniger Verwaltungsaufwand mit sich bringt.<\/p><p>F\u00fcr <strong>B\u00fccher<\/strong> hat Tepo eine Auswahl von 2 strategischen Lieferanten &#8211; 2 im Vereinigten K\u00f6nigreich und 2 in der Schweiz &#8211; die den Gro\u00dfteil der Lehrpl\u00e4ne sowie Bibliotheks- und E-Books sowohl f\u00fcr die Primar- als auch f\u00fcr die Sekundarstufe zu \u00e4u\u00dferst wettbewerbsf\u00e4higen Preisen beschaffen k\u00f6nnen und sogar eine Preisgarantie bieten, um den Preis von Wettbewerbern zu unterbieten.<\/p>\t\t\t\t\t\t<\/div>\n\t\t\t\t<\/div>\n\t\t\t\t<div class=\"elementor-element elementor-element-01292b4 elementor-widget elementor-widget-image\" data-id=\"01292b4\" data-element_type=\"widget\" data-widget_type=\"image.default\">\n\t\t\t\t<div class=\"elementor-widget-container\">\n\t\t\t\t\t\t\t\t\t\t\t\t\t\t\t<img loading=\"lazy\" decoding=\"async\" width=\"800\" height=\"534\" src=\"https:\/\/www.tepo-consulting.ch\/wp-content\/uploads\/2023\/04\/shutterstock_108584891-1024x683.jpg\" class=\"attachment-large size-large wp-image-830\" alt=\"\" srcset=\"https:\/\/www.tepo-consulting.ch\/wp-content\/uploads\/2023\/04\/shutterstock_108584891-1024x683.jpg 1024w, https:\/\/www.tepo-consulting.ch\/wp-content\/uploads\/2023\/04\/shutterstock_108584891-300x200.jpg 300w, https:\/\/www.tepo-consulting.ch\/wp-content\/uploads\/2023\/04\/shutterstock_108584891-768x512.jpg 768w, https:\/\/www.tepo-consulting.ch\/wp-content\/uploads\/2023\/04\/shutterstock_108584891-1536x1024.jpg 1536w, https:\/\/www.tepo-consulting.ch\/wp-content\/uploads\/2023\/04\/shutterstock_108584891-2048x1365.jpg 2048w\" sizes=\"auto, (max-width: 800px) 100vw, 800px\" \/>\t\t\t\t\t\t\t\t\t\t\t\t\t\t\t<\/div>\n\t\t\t\t<\/div>\n\t\t\t\t<\/div>\n\t\t<div class=\"elementor-element elementor-element-89477d7 e-con-full e-flex e-con\" data-id=\"89477d7\" data-element_type=\"container\" data-settings=\"{&quot;content_width&quot;:&quot;full&quot;}\">\n\t\t\t\t<div class=\"elementor-element elementor-element-53f179a elementor-widget elementor-widget-text-editor\" data-id=\"53f179a\" data-element_type=\"widget\" data-mh=\"text\" data-widget_type=\"text-editor.default\">\n\t\t\t\t<div class=\"elementor-widget-container\">\n\t\t\t\t\t\t\t<p>F\u00fcr <strong>Schreibwaren und B\u00fcromaterialien<\/strong> zeigen KPIs, dass Schulen, die sowohl ihren Schreibwareneinkauf zentralisiert haben als auch die Auswahl der Artikel f\u00fcr das Personal auf eine vorverhandelte Schul-Liste begrenzt haben, die beste Kontrolle und die geringsten Ausgaben aufweisen.<\/p><p>Nicht alle Schulen haben die personellen Ressourcen, um den Einkauf zu zentralisieren, aber wir haben mit 2 Partnern (1 Schweiz &amp; 1 UK) zusammengearbeitet, um eine &#8222;Kernliste&#8220; der wichtigsten und am h\u00e4ufigsten gekauften Artikel zu erstellen. Das Ziel dieser Kernliste ist ein gutes Preis-Leistungs-Verh\u00e4ltnis.<\/p>\t\t\t\t\t\t<\/div>\n\t\t\t\t<\/div>\n\t\t\t\t<div class=\"elementor-element elementor-element-91bc4f2 elementor-widget elementor-widget-image\" data-id=\"91bc4f2\" data-element_type=\"widget\" data-widget_type=\"image.default\">\n\t\t\t\t<div class=\"elementor-widget-container\">\n\t\t\t\t\t\t\t\t\t\t\t\t\t\t\t<img loading=\"lazy\" decoding=\"async\" width=\"800\" height=\"600\" src=\"https:\/\/www.tepo-consulting.ch\/wp-content\/uploads\/2023\/04\/shutterstock_712744699-1024x768.jpg\" class=\"attachment-large size-large wp-image-831\" alt=\"\" srcset=\"https:\/\/www.tepo-consulting.ch\/wp-content\/uploads\/2023\/04\/shutterstock_712744699-1024x768.jpg 1024w, https:\/\/www.tepo-consulting.ch\/wp-content\/uploads\/2023\/04\/shutterstock_712744699-300x225.jpg 300w, https:\/\/www.tepo-consulting.ch\/wp-content\/uploads\/2023\/04\/shutterstock_712744699-768x576.jpg 768w, https:\/\/www.tepo-consulting.ch\/wp-content\/uploads\/2023\/04\/shutterstock_712744699-1536x1152.jpg 1536w, https:\/\/www.tepo-consulting.ch\/wp-content\/uploads\/2023\/04\/shutterstock_712744699-2048x1536.jpg 2048w\" sizes=\"auto, (max-width: 800px) 100vw, 800px\" \/>\t\t\t\t\t\t\t\t\t\t\t\t\t\t\t<\/div>\n\t\t\t\t<\/div>\n\t\t\t\t<div class=\"elementor-element elementor-element-eb96e68 elementor-widget elementor-widget-text-editor\" data-id=\"eb96e68\" data-element_type=\"widget\" data-widget_type=\"text-editor.default\">\n\t\t\t\t<div class=\"elementor-widget-container\">\n\t\t\t\t\t\t\t<p>Bitte nehmen Sie Kontakt mit Tepo auf, wenn Sie dies erkunden und Kontaktdetails erhalten m\u00f6chten.<\/p>\t\t\t\t\t\t<\/div>\n\t\t\t\t<\/div>\n\t\t\t\t<\/div>\n\t\t\t\t\t<\/div>\n\t\t\t\t<\/div>\n\t\t\t\t\t\t\t<\/div>\n\t\t","protected":false},"excerpt":{"rendered":"<p>Lehrmaterial und B\u00fcrobedarf Vor nicht allzu vielen Jahren bestand das TLM lediglich aus Lehrpl\u00e4nen und Bibliotheksb\u00fcchern, unterst\u00fctzt von einer Tafel und Kreide! Die Zeiten haben sich ge\u00e4ndert, und das Spektrum der Produkte und Dienstleistungen ist zusammen mit den Kosten erheblich gewachsen: Je umfangreicher der Lehrplan, desto h\u00f6her die durchschnittlichen Kosten pro Sch\u00fcler. In Anbetracht der [&hellip;]<\/p>\n","protected":false},"author":6,"featured_media":0,"parent":7018,"menu_order":100,"comment_status":"closed","ping_status":"closed","template":"","meta":{"footnotes":""},"class_list":["post-7168","page","type-page","status-publish","hentry"],"acf":[],"yoast_head":"<!-- This site is optimized with the Yoast SEO plugin v21.9.1 - https:\/\/yoast.com\/wordpress\/plugins\/seo\/ -->\n<title>Lehrmaterial und B\u00fcrobedarf - Tepo consulting<\/title>\n<meta name=\"robots\" content=\"index, follow, max-snippet:-1, max-image-preview:large, max-video-preview:-1\" \/>\n<link rel=\"canonical\" href=\"https:\/\/www.tepo-consulting.ch\/de\/services\/tepo-vertrauenswuerdige-partner\/lehrmaterial-und-buerobedarf\/\" \/>\n<meta property=\"og:locale\" content=\"de_DE\" \/>\n<meta property=\"og:type\" content=\"article\" \/>\n<meta property=\"og:title\" content=\"Lehrmaterial und B\u00fcrobedarf - Tepo consulting\" \/>\n<meta property=\"og:description\" content=\"Lehrmaterial und B\u00fcrobedarf Vor nicht allzu vielen Jahren bestand das TLM lediglich aus Lehrpl\u00e4nen und Bibliotheksb\u00fcchern, unterst\u00fctzt von einer Tafel und Kreide! Die Zeiten haben sich ge\u00e4ndert, und das Spektrum der Produkte und Dienstleistungen ist zusammen mit den Kosten erheblich gewachsen: Je umfangreicher der Lehrplan, desto h\u00f6her die durchschnittlichen Kosten pro Sch\u00fcler. In Anbetracht der [&hellip;]\" \/>\n<meta property=\"og:url\" content=\"https:\/\/www.tepo-consulting.ch\/de\/services\/tepo-vertrauenswuerdige-partner\/lehrmaterial-und-buerobedarf\/\" \/>\n<meta property=\"og:site_name\" content=\"Tepo consulting\" \/>\n<meta property=\"article:modified_time\" content=\"2023-06-13T07:39:41+00:00\" \/>\n<meta property=\"og:image\" content=\"https:\/\/www.tepo-consulting.ch\/wp-content\/uploads\/2023\/03\/Groupe-161.svg\" \/>\n<meta name=\"twitter:card\" content=\"summary_large_image\" \/>\n<meta name=\"twitter:label1\" content=\"Gesch\u00e4tzte Lesezeit\" \/>\n\t<meta name=\"twitter:data1\" content=\"2\u00a0Minuten\" \/>\n<script type=\"application\/ld+json\" class=\"yoast-schema-graph\">{\"@context\":\"https:\/\/schema.org\",\"@graph\":[{\"@type\":\"WebPage\",\"@id\":\"https:\/\/www.tepo-consulting.ch\/de\/services\/tepo-vertrauenswuerdige-partner\/lehrmaterial-und-buerobedarf\/\",\"url\":\"https:\/\/www.tepo-consulting.ch\/de\/services\/tepo-vertrauenswuerdige-partner\/lehrmaterial-und-buerobedarf\/\",\"name\":\"Lehrmaterial und B\u00fcrobedarf - Tepo consulting\",\"isPartOf\":{\"@id\":\"https:\/\/www.tepo-consulting.ch\/#website\"},\"datePublished\":\"2023-04-11T11:12:38+00:00\",\"dateModified\":\"2023-06-13T07:39:41+00:00\",\"breadcrumb\":{\"@id\":\"https:\/\/www.tepo-consulting.ch\/de\/services\/tepo-vertrauenswuerdige-partner\/lehrmaterial-und-buerobedarf\/#breadcrumb\"},\"inLanguage\":\"de\",\"potentialAction\":[{\"@type\":\"ReadAction\",\"target\":[\"https:\/\/www.tepo-consulting.ch\/de\/services\/tepo-vertrauenswuerdige-partner\/lehrmaterial-und-buerobedarf\/\"]}]},{\"@type\":\"BreadcrumbList\",\"@id\":\"https:\/\/www.tepo-consulting.ch\/de\/services\/tepo-vertrauenswuerdige-partner\/lehrmaterial-und-buerobedarf\/#breadcrumb\",\"itemListElement\":[{\"@type\":\"ListItem\",\"position\":1,\"name\":\"Home\",\"item\":\"https:\/\/www.tepo-consulting.ch\/de\/home\/\"},{\"@type\":\"ListItem\",\"position\":2,\"name\":\"Dienstleistungen\",\"item\":\"https:\/\/www.tepo-consulting.ch\/de\/services\/\"},{\"@type\":\"ListItem\",\"position\":3,\"name\":\"Tepo-vertrauensw\u00fcrdige Partner\",\"item\":\"https:\/\/www.tepo-consulting.ch\/de\/services\/tepo-vertrauenswuerdige-partner\/\"},{\"@type\":\"ListItem\",\"position\":4,\"name\":\"Lehrmaterial und B\u00fcrobedarf\"}]},{\"@type\":\"WebSite\",\"@id\":\"https:\/\/www.tepo-consulting.ch\/#website\",\"url\":\"https:\/\/www.tepo-consulting.ch\/\",\"name\":\"Tepo consulting\",\"description\":\"\",\"publisher\":{\"@id\":\"https:\/\/www.tepo-consulting.ch\/#organization\"},\"potentialAction\":[{\"@type\":\"SearchAction\",\"target\":{\"@type\":\"EntryPoint\",\"urlTemplate\":\"https:\/\/www.tepo-consulting.ch\/?s={search_term_string}\"},\"query-input\":\"required name=search_term_string\"}],\"inLanguage\":\"de\"},{\"@type\":\"Organization\",\"@id\":\"https:\/\/www.tepo-consulting.ch\/#organization\",\"name\":\"Tepo consulting\",\"url\":\"https:\/\/www.tepo-consulting.ch\/\",\"logo\":{\"@type\":\"ImageObject\",\"inLanguage\":\"de\",\"@id\":\"https:\/\/www.tepo-consulting.ch\/#\/schema\/logo\/image\/\",\"url\":\"https:\/\/www.tepo-consulting.ch\/wp-content\/uploads\/2023\/03\/white-Logo.svg\",\"contentUrl\":\"https:\/\/www.tepo-consulting.ch\/wp-content\/uploads\/2023\/03\/white-Logo.svg\",\"width\":226,\"height\":92,\"caption\":\"Tepo consulting\"},\"image\":{\"@id\":\"https:\/\/www.tepo-consulting.ch\/#\/schema\/logo\/image\/\"}}]}<\/script>\n<!-- \/ Yoast SEO plugin. -->","yoast_head_json":{"title":"Lehrmaterial und B\u00fcrobedarf - Tepo consulting","robots":{"index":"index","follow":"follow","max-snippet":"max-snippet:-1","max-image-preview":"max-image-preview:large","max-video-preview":"max-video-preview:-1"},"canonical":"https:\/\/www.tepo-consulting.ch\/de\/services\/tepo-vertrauenswuerdige-partner\/lehrmaterial-und-buerobedarf\/","og_locale":"de_DE","og_type":"article","og_title":"Lehrmaterial und B\u00fcrobedarf - Tepo consulting","og_description":"Lehrmaterial und B\u00fcrobedarf Vor nicht allzu vielen Jahren bestand das TLM lediglich aus Lehrpl\u00e4nen und Bibliotheksb\u00fcchern, unterst\u00fctzt von einer Tafel und Kreide! Die Zeiten haben sich ge\u00e4ndert, und das Spektrum der Produkte und Dienstleistungen ist zusammen mit den Kosten erheblich gewachsen: Je umfangreicher der Lehrplan, desto h\u00f6her die durchschnittlichen Kosten pro Sch\u00fcler. In Anbetracht der [&hellip;]","og_url":"https:\/\/www.tepo-consulting.ch\/de\/services\/tepo-vertrauenswuerdige-partner\/lehrmaterial-und-buerobedarf\/","og_site_name":"Tepo consulting","article_modified_time":"2023-06-13T07:39:41+00:00","og_image":[{"url":"https:\/\/www.tepo-consulting.ch\/wp-content\/uploads\/2023\/03\/Groupe-161.svg"}],"twitter_card":"summary_large_image","twitter_misc":{"Gesch\u00e4tzte Lesezeit":"2\u00a0Minuten"},"schema":{"@context":"https:\/\/schema.org","@graph":[{"@type":"WebPage","@id":"https:\/\/www.tepo-consulting.ch\/de\/services\/tepo-vertrauenswuerdige-partner\/lehrmaterial-und-buerobedarf\/","url":"https:\/\/www.tepo-consulting.ch\/de\/services\/tepo-vertrauenswuerdige-partner\/lehrmaterial-und-buerobedarf\/","name":"Lehrmaterial und B\u00fcrobedarf - Tepo consulting","isPartOf":{"@id":"https:\/\/www.tepo-consulting.ch\/#website"},"datePublished":"2023-04-11T11:12:38+00:00","dateModified":"2023-06-13T07:39:41+00:00","breadcrumb":{"@id":"https:\/\/www.tepo-consulting.ch\/de\/services\/tepo-vertrauenswuerdige-partner\/lehrmaterial-und-buerobedarf\/#breadcrumb"},"inLanguage":"de","potentialAction":[{"@type":"ReadAction","target":["https:\/\/www.tepo-consulting.ch\/de\/services\/tepo-vertrauenswuerdige-partner\/lehrmaterial-und-buerobedarf\/"]}]},{"@type":"BreadcrumbList","@id":"https:\/\/www.tepo-consulting.ch\/de\/services\/tepo-vertrauenswuerdige-partner\/lehrmaterial-und-buerobedarf\/#breadcrumb","itemListElement":[{"@type":"ListItem","position":1,"name":"Home","item":"https:\/\/www.tepo-consulting.ch\/de\/home\/"},{"@type":"ListItem","position":2,"name":"Dienstleistungen","item":"https:\/\/www.tepo-consulting.ch\/de\/services\/"},{"@type":"ListItem","position":3,"name":"Tepo-vertrauensw\u00fcrdige Partner","item":"https:\/\/www.tepo-consulting.ch\/de\/services\/tepo-vertrauenswuerdige-partner\/"},{"@type":"ListItem","position":4,"name":"Lehrmaterial und B\u00fcrobedarf"}]},{"@type":"WebSite","@id":"https:\/\/www.tepo-consulting.ch\/#website","url":"https:\/\/www.tepo-consulting.ch\/","name":"Tepo consulting","description":"","publisher":{"@id":"https:\/\/www.tepo-consulting.ch\/#organization"},"potentialAction":[{"@type":"SearchAction","target":{"@type":"EntryPoint","urlTemplate":"https:\/\/www.tepo-consulting.ch\/?s={search_term_string}"},"query-input":"required name=search_term_string"}],"inLanguage":"de"},{"@type":"Organization","@id":"https:\/\/www.tepo-consulting.ch\/#organization","name":"Tepo consulting","url":"https:\/\/www.tepo-consulting.ch\/","logo":{"@type":"ImageObject","inLanguage":"de","@id":"https:\/\/www.tepo-consulting.ch\/#\/schema\/logo\/image\/","url":"https:\/\/www.tepo-consulting.ch\/wp-content\/uploads\/2023\/03\/white-Logo.svg","contentUrl":"https:\/\/www.tepo-consulting.ch\/wp-content\/uploads\/2023\/03\/white-Logo.svg","width":226,"height":92,"caption":"Tepo consulting"},"image":{"@id":"https:\/\/www.tepo-consulting.ch\/#\/schema\/logo\/image\/"}}]}},"_links":{"self":[{"href":"https:\/\/www.tepo-consulting.ch\/de\/wp-json\/wp\/v2\/pages\/7168","targetHints":{"allow":["GET"]}}],"collection":[{"href":"https:\/\/www.tepo-consulting.ch\/de\/wp-json\/wp\/v2\/pages"}],"about":[{"href":"https:\/\/www.tepo-consulting.ch\/de\/wp-json\/wp\/v2\/types\/page"}],"author":[{"embeddable":true,"href":"https:\/\/www.tepo-consulting.ch\/de\/wp-json\/wp\/v2\/users\/6"}],"replies":[{"embeddable":true,"href":"https:\/\/www.tepo-consulting.ch\/de\/wp-json\/wp\/v2\/comments?post=7168"}],"version-history":[{"count":7,"href":"https:\/\/www.tepo-consulting.ch\/de\/wp-json\/wp\/v2\/pages\/7168\/revisions"}],"predecessor-version":[{"id":7176,"href":"https:\/\/www.tepo-consulting.ch\/de\/wp-json\/wp\/v2\/pages\/7168\/revisions\/7176"}],"up":[{"embeddable":true,"href":"https:\/\/www.tepo-consulting.ch\/de\/wp-json\/wp\/v2\/pages\/7018"}],"wp:attachment":[{"href":"https:\/\/www.tepo-consulting.ch\/de\/wp-json\/wp\/v2\/media?parent=7168"}],"curies":[{"name":"wp","href":"https:\/\/api.w.org\/{rel}","templated":true}]}}