{"id":6578,"date":"2023-04-14T11:00:15","date_gmt":"2023-04-14T09:00:15","guid":{"rendered":"https:\/\/www.tepo-consulting.ch\/?page_id=6578"},"modified":"2024-02-03T14:21:50","modified_gmt":"2024-02-03T13:21:50","slug":"services","status":"publish","type":"page","link":"https:\/\/www.tepo-consulting.ch\/fr\/services\/","title":{"rendered":"Services"},"content":{"rendered":"\t\t<div data-elementor-type=\"wp-page\" data-elementor-id=\"6578\" class=\"elementor elementor-6578 elementor-887\">\n\t\t\t\t\t\t\t<div class=\"elementor-element elementor-element-615055e e-con-boxed e-flex e-con\" data-id=\"615055e\" data-element_type=\"container\" data-settings=\"{&quot;background_background&quot;:&quot;gradient&quot;,&quot;content_width&quot;:&quot;boxed&quot;}\">\n\t\t\t\t\t<div class=\"e-con-inner\">\n\t\t\t\t<div class=\"elementor-element elementor-element-29eca61 elementor-widget elementor-widget-heading\" data-id=\"29eca61\" data-element_type=\"widget\" data-widget_type=\"heading.default\">\n\t\t\t\t<div class=\"elementor-widget-container\">\n\t\t\t<style>\/*! elementor - v3.13.3 - 28-05-2023 *\/\n.elementor-heading-title{padding:0;margin:0;line-height:1}.elementor-widget-heading .elementor-heading-title[class*=elementor-size-]>a{color:inherit;font-size:inherit;line-height:inherit}.elementor-widget-heading .elementor-heading-title.elementor-size-small{font-size:15px}.elementor-widget-heading .elementor-heading-title.elementor-size-medium{font-size:19px}.elementor-widget-heading .elementor-heading-title.elementor-size-large{font-size:29px}.elementor-widget-heading .elementor-heading-title.elementor-size-xl{font-size:39px}.elementor-widget-heading .elementor-heading-title.elementor-size-xxl{font-size:59px}<\/style><h1 class=\"elementor-heading-title elementor-size-default\">Services<\/h1>\t\t<\/div>\n\t\t\t\t<\/div>\n\t\t<div class=\"elementor-element elementor-element-586cc82 e-con-full e-flex e-con\" data-id=\"586cc82\" data-element_type=\"container\" data-settings=\"{&quot;content_width&quot;:&quot;full&quot;}\">\n\t\t<div class=\"elementor-element elementor-element-7fd5221 e-con-full e-flex e-con\" data-id=\"7fd5221\" data-element_type=\"container\" data-settings=\"{&quot;background_background&quot;:&quot;classic&quot;,&quot;content_width&quot;:&quot;full&quot;}\">\n\t\t\t\t<div class=\"elementor-element elementor-element-8294494 elementor-widget elementor-widget-image\" data-id=\"8294494\" data-element_type=\"widget\" data-widget_type=\"image.default\">\n\t\t\t\t<div class=\"elementor-widget-container\">\n\t\t\t<style>\/*! elementor - v3.13.3 - 28-05-2023 *\/\n.elementor-widget-image{text-align:center}.elementor-widget-image a{display:inline-block}.elementor-widget-image a img[src$=\".svg\"]{width:48px}.elementor-widget-image img{vertical-align:middle;display:inline-block}<\/style>\t\t\t\t\t\t\t\t\t\t\t\t\t<a href=\"https:\/\/www.tepo-consulting.ch\/services\/operational-consulting\/\">\n\t\t\t\t\t\t\t<img loading=\"lazy\" decoding=\"async\" width=\"800\" height=\"534\" src=\"https:\/\/www.tepo-consulting.ch\/wp-content\/uploads\/2023\/03\/pexels-shvets-production-7176295-1024x683.jpg\" class=\"attachment-large size-large wp-image-236\" alt=\"\" srcset=\"https:\/\/www.tepo-consulting.ch\/wp-content\/uploads\/2023\/03\/pexels-shvets-production-7176295-1024x683.jpg 1024w, https:\/\/www.tepo-consulting.ch\/wp-content\/uploads\/2023\/03\/pexels-shvets-production-7176295-300x200.jpg 300w, https:\/\/www.tepo-consulting.ch\/wp-content\/uploads\/2023\/03\/pexels-shvets-production-7176295-768x512.jpg 768w, https:\/\/www.tepo-consulting.ch\/wp-content\/uploads\/2023\/03\/pexels-shvets-production-7176295-1536x1024.jpg 1536w, https:\/\/www.tepo-consulting.ch\/wp-content\/uploads\/2023\/03\/pexels-shvets-production-7176295-2048x1365.jpg 2048w\" sizes=\"auto, (max-width: 800px) 100vw, 800px\" \/>\t\t\t\t\t\t\t\t<\/a>\n\t\t\t\t\t\t\t\t\t\t\t\t\t\t\t<\/div>\n\t\t\t\t<\/div>\n\t\t\t\t<div class=\"elementor-element elementor-element-7f5f6d0 elementor-widget elementor-widget-heading\" data-id=\"7f5f6d0\" data-element_type=\"widget\" data-mh=\"section-title\" data-widget_type=\"heading.default\">\n\t\t\t\t<div class=\"elementor-widget-container\">\n\t\t\t<h2 class=\"elementor-heading-title elementor-size-default\"><a href=\"https:\/\/www.tepo-consulting.ch\/services\/operational-consulting\/\">Conseil<br>Op\u00e9rationnel<\/a><\/h2>\t\t<\/div>\n\t\t\t\t<\/div>\n\t\t\t\t<div class=\"elementor-element elementor-element-c779527 elementor-widget elementor-widget-text-editor\" data-id=\"c779527\" data-element_type=\"widget\" data-mh=\"section-text\" data-widget_type=\"text-editor.default\">\n\t\t\t\t<div class=\"elementor-widget-container\">\n\t\t\t<style>\/*! elementor - v3.13.3 - 28-05-2023 *\/\n.elementor-widget-text-editor.elementor-drop-cap-view-stacked .elementor-drop-cap{background-color:#69727d;color:#fff}.elementor-widget-text-editor.elementor-drop-cap-view-framed .elementor-drop-cap{color:#69727d;border:3px solid;background-color:transparent}.elementor-widget-text-editor:not(.elementor-drop-cap-view-default) .elementor-drop-cap{margin-top:8px}.elementor-widget-text-editor:not(.elementor-drop-cap-view-default) .elementor-drop-cap-letter{width:1em;height:1em}.elementor-widget-text-editor .elementor-drop-cap{float:left;text-align:center;line-height:1;font-size:50px}.elementor-widget-text-editor .elementor-drop-cap-letter{display:inline-block}<\/style>\t\t\t\t<p>Audit de vos op\u00e9rations, avec jusqu&rsquo;\u00e0 30 indicateurs de performance et des recommandations d&rsquo;\u00e9conomie de co\u00fbts.<\/p><p>Nous aidons \u00e0 r\u00e9duire les co\u00fbts scolaires et \u00e0 am\u00e9liorer la qualit\u00e9 et la valeur.<\/p>\t\t\t\t\t\t<\/div>\n\t\t\t\t<\/div>\n\t\t<div class=\"elementor-element elementor-element-4985ede e-con-boxed e-flex e-con\" data-id=\"4985ede\" data-element_type=\"container\" data-settings=\"{&quot;background_background&quot;:&quot;classic&quot;,&quot;content_width&quot;:&quot;boxed&quot;}\">\n\t\t\t\t\t<div class=\"e-con-inner\">\n\t\t\t\t<div class=\"elementor-element elementor-element-52d27db elementor-widget elementor-widget-button\" data-id=\"52d27db\" data-element_type=\"widget\" data-widget_type=\"button.default\">\n\t\t\t\t<div class=\"elementor-widget-container\">\n\t\t\t\t\t<div class=\"elementor-button-wrapper\">\n\t\t\t<a href=\"https:\/\/www.tepo-consulting.ch\/services\/operational-consulting\/\" class=\"elementor-button-link elementor-button elementor-size-sm\" role=\"button\">\n\t\t\t\t\t\t<span class=\"elementor-button-content-wrapper\">\n\t\t\t\t\t\t\t<span class=\"elementor-button-icon elementor-align-icon-right\">\n\t\t\t\t<i aria-hidden=\"true\" class=\"fas fa-plus-circle\"><\/i>\t\t\t<\/span>\n\t\t\t\t\t\t<span class=\"elementor-button-text\">Voir plus<\/span>\n\t\t<\/span>\n\t\t\t\t\t<\/a>\n\t\t<\/div>\n\t\t\t\t<\/div>\n\t\t\t\t<\/div>\n\t\t\t\t\t<\/div>\n\t\t\t\t<\/div>\n\t\t\t\t<\/div>\n\t\t<div class=\"elementor-element elementor-element-47a4a0b e-con-full e-flex e-con\" data-id=\"47a4a0b\" data-element_type=\"container\" data-settings=\"{&quot;background_background&quot;:&quot;classic&quot;,&quot;content_width&quot;:&quot;full&quot;}\">\n\t\t\t\t<div class=\"elementor-element elementor-element-a3b7516 elementor-widget elementor-widget-image\" data-id=\"a3b7516\" data-element_type=\"widget\" data-widget_type=\"image.default\">\n\t\t\t\t<div class=\"elementor-widget-container\">\n\t\t\t\t\t\t\t\t\t\t\t\t\t\t\t\t<a href=\"https:\/\/www.tepo-consulting.ch\/services\/school-business-directory\/\">\n\t\t\t\t\t\t\t<img loading=\"lazy\" decoding=\"async\" width=\"800\" height=\"534\" src=\"https:\/\/www.tepo-consulting.ch\/wp-content\/uploads\/2023\/04\/pexels-yan-krukau-8617629-1024x683.jpg\" class=\"attachment-large size-large wp-image-895\" alt=\"\" srcset=\"https:\/\/www.tepo-consulting.ch\/wp-content\/uploads\/2023\/04\/pexels-yan-krukau-8617629-1024x683.jpg 1024w, https:\/\/www.tepo-consulting.ch\/wp-content\/uploads\/2023\/04\/pexels-yan-krukau-8617629-300x200.jpg 300w, https:\/\/www.tepo-consulting.ch\/wp-content\/uploads\/2023\/04\/pexels-yan-krukau-8617629-768x512.jpg 768w, https:\/\/www.tepo-consulting.ch\/wp-content\/uploads\/2023\/04\/pexels-yan-krukau-8617629-1536x1024.jpg 1536w, https:\/\/www.tepo-consulting.ch\/wp-content\/uploads\/2023\/04\/pexels-yan-krukau-8617629-2048x1365.jpg 2048w\" sizes=\"auto, (max-width: 800px) 100vw, 800px\" \/>\t\t\t\t\t\t\t\t<\/a>\n\t\t\t\t\t\t\t\t\t\t\t\t\t\t\t<\/div>\n\t\t\t\t<\/div>\n\t\t\t\t<div class=\"elementor-element elementor-element-6cda6f1 elementor-widget elementor-widget-heading\" data-id=\"6cda6f1\" data-element_type=\"widget\" data-mh=\"section-title\" data-widget_type=\"heading.default\">\n\t\t\t\t<div class=\"elementor-widget-container\">\n\t\t\t<h2 class=\"elementor-heading-title elementor-size-default\"><a href=\"https:\/\/www.tepo-consulting.ch\/services\/school-business-directory\/\">Annuaire d' entreprises sp\u00e9cialis\u00e9es<\/a><\/h2>\t\t<\/div>\n\t\t\t\t<\/div>\n\t\t\t\t<div class=\"elementor-element elementor-element-f6d5ca7 elementor-widget elementor-widget-text-editor\" data-id=\"f6d5ca7\" data-element_type=\"widget\" data-mh=\"section-text\" data-widget_type=\"text-editor.default\">\n\t\t\t\t<div class=\"elementor-widget-container\">\n\t\t\t\t\t\t\t<p>Fournisseurs de produits et de services de qualit\u00e9 pour les \u00e9coles ind\u00e9pendantes en Suisse.<\/p><p>Un choix de prestataires sp\u00e9cialis\u00e9s pour r\u00e9pondre \u00e0 vos besoins op\u00e9rationnels.<\/p>\t\t\t\t\t\t<\/div>\n\t\t\t\t<\/div>\n\t\t<div class=\"elementor-element elementor-element-a60db87 e-con-boxed e-flex e-con\" data-id=\"a60db87\" data-element_type=\"container\" data-settings=\"{&quot;background_background&quot;:&quot;classic&quot;,&quot;content_width&quot;:&quot;boxed&quot;}\">\n\t\t\t\t\t<div class=\"e-con-inner\">\n\t\t\t\t<div class=\"elementor-element elementor-element-ea627d7 elementor-widget elementor-widget-button\" data-id=\"ea627d7\" data-element_type=\"widget\" data-widget_type=\"button.default\">\n\t\t\t\t<div class=\"elementor-widget-container\">\n\t\t\t\t\t<div class=\"elementor-button-wrapper\">\n\t\t\t<a href=\"https:\/\/www.tepo-consulting.ch\/services\/school-business-directory\/\" class=\"elementor-button-link elementor-button elementor-size-sm\" role=\"button\">\n\t\t\t\t\t\t<span class=\"elementor-button-content-wrapper\">\n\t\t\t\t\t\t\t<span class=\"elementor-button-icon elementor-align-icon-right\">\n\t\t\t\t<i aria-hidden=\"true\" class=\"fas fa-plus-circle\"><\/i>\t\t\t<\/span>\n\t\t\t\t\t\t<span class=\"elementor-button-text\">Voir plus<\/span>\n\t\t<\/span>\n\t\t\t\t\t<\/a>\n\t\t<\/div>\n\t\t\t\t<\/div>\n\t\t\t\t<\/div>\n\t\t\t\t\t<\/div>\n\t\t\t\t<\/div>\n\t\t\t\t<\/div>\n\t\t<div class=\"elementor-element elementor-element-958e1bb e-con-full e-flex e-con\" data-id=\"958e1bb\" data-element_type=\"container\" data-settings=\"{&quot;background_background&quot;:&quot;classic&quot;,&quot;content_width&quot;:&quot;full&quot;}\">\n\t\t\t\t<div class=\"elementor-element elementor-element-3500809 elementor-widget elementor-widget-image\" data-id=\"3500809\" data-element_type=\"widget\" data-widget_type=\"image.default\">\n\t\t\t\t<div class=\"elementor-widget-container\">\n\t\t\t\t\t\t\t\t\t\t\t\t\t\t\t\t<a href=\"https:\/\/www.tepo-consulting.ch\/services\/tepo-trusted-partners\/\">\n\t\t\t\t\t\t\t<img loading=\"lazy\" decoding=\"async\" width=\"800\" height=\"534\" src=\"https:\/\/www.tepo-consulting.ch\/wp-content\/uploads\/2023\/04\/pexels-kampus-production-6248953-1024x684.jpg\" class=\"attachment-large size-large wp-image-896\" alt=\"\" srcset=\"https:\/\/www.tepo-consulting.ch\/wp-content\/uploads\/2023\/04\/pexels-kampus-production-6248953-1024x684.jpg 1024w, https:\/\/www.tepo-consulting.ch\/wp-content\/uploads\/2023\/04\/pexels-kampus-production-6248953-300x200.jpg 300w, https:\/\/www.tepo-consulting.ch\/wp-content\/uploads\/2023\/04\/pexels-kampus-production-6248953-768x513.jpg 768w, https:\/\/www.tepo-consulting.ch\/wp-content\/uploads\/2023\/04\/pexels-kampus-production-6248953-1536x1025.jpg 1536w, https:\/\/www.tepo-consulting.ch\/wp-content\/uploads\/2023\/04\/pexels-kampus-production-6248953-2048x1367.jpg 2048w\" sizes=\"auto, (max-width: 800px) 100vw, 800px\" \/>\t\t\t\t\t\t\t\t<\/a>\n\t\t\t\t\t\t\t\t\t\t\t\t\t\t\t<\/div>\n\t\t\t\t<\/div>\n\t\t\t\t<div class=\"elementor-element elementor-element-01cba14 elementor-widget elementor-widget-heading\" data-id=\"01cba14\" data-element_type=\"widget\" data-mh=\"section-title\" data-widget_type=\"heading.default\">\n\t\t\t\t<div class=\"elementor-widget-container\">\n\t\t\t<h2 class=\"elementor-heading-title elementor-size-default\"><a href=\"https:\/\/www.tepo-consulting.ch\/services\/tepo-trusted-partners\/\">Les partenaires de confiance de Tepo<\/a><\/h2>\t\t<\/div>\n\t\t\t\t<\/div>\n\t\t\t\t<div class=\"elementor-element elementor-element-797d509 elementor-widget elementor-widget-text-editor\" data-id=\"797d509\" data-element_type=\"widget\" data-mh=\"section-text\" data-widget_type=\"text-editor.default\">\n\t\t\t\t<div class=\"elementor-widget-container\">\n\t\t\t\t\t\t\t<p>Des sp\u00e9cialistes de qualit\u00e9 qui apportent leur expertise au b\u00e9n\u00e9fice de votre \u00e9cole.<\/p>\n<p>12 consultants offrant des services uniques aux \u00e9coles ind\u00e9pendantes en Suisse.<\/p>\t\t\t\t\t\t<\/div>\n\t\t\t\t<\/div>\n\t\t<div class=\"elementor-element elementor-element-a72e01b e-con-boxed e-flex e-con\" data-id=\"a72e01b\" data-element_type=\"container\" data-settings=\"{&quot;background_background&quot;:&quot;classic&quot;,&quot;content_width&quot;:&quot;boxed&quot;}\">\n\t\t\t\t\t<div class=\"e-con-inner\">\n\t\t\t\t<div class=\"elementor-element elementor-element-d380101 elementor-widget elementor-widget-button\" data-id=\"d380101\" data-element_type=\"widget\" data-widget_type=\"button.default\">\n\t\t\t\t<div class=\"elementor-widget-container\">\n\t\t\t\t\t<div class=\"elementor-button-wrapper\">\n\t\t\t<a href=\"https:\/\/www.tepo-consulting.ch\/services\/tepo-trusted-partners\/\" class=\"elementor-button-link elementor-button elementor-size-sm\" role=\"button\">\n\t\t\t\t\t\t<span class=\"elementor-button-content-wrapper\">\n\t\t\t\t\t\t\t<span class=\"elementor-button-icon elementor-align-icon-right\">\n\t\t\t\t<i aria-hidden=\"true\" class=\"fas fa-plus-circle\"><\/i>\t\t\t<\/span>\n\t\t\t\t\t\t<span class=\"elementor-button-text\">Voir plus<\/span>\n\t\t<\/span>\n\t\t\t\t\t<\/a>\n\t\t<\/div>\n\t\t\t\t<\/div>\n\t\t\t\t<\/div>\n\t\t\t\t\t<\/div>\n\t\t\t\t<\/div>\n\t\t\t\t<\/div>\n\t\t\t\t<\/div>\n\t\t\t\t\t<\/div>\n\t\t\t\t<\/div>\n\t\t\t\t\t\t\t<\/div>\n\t\t","protected":false},"excerpt":{"rendered":"<p>Services ConseilOp\u00e9rationnel Audit de vos op\u00e9rations, avec jusqu&rsquo;\u00e0 30 indicateurs de performance et des recommandations d&rsquo;\u00e9conomie de co\u00fbts. Nous aidons \u00e0 r\u00e9duire les co\u00fbts scolaires et \u00e0 am\u00e9liorer la qualit\u00e9 et la valeur. Voir plus Annuaire d&rsquo; entreprises sp\u00e9cialis\u00e9es Fournisseurs de produits et de services de qualit\u00e9 pour les \u00e9coles ind\u00e9pendantes en Suisse. Un choix [&hellip;]<\/p>\n","protected":false},"author":6,"featured_media":0,"parent":0,"menu_order":30,"comment_status":"closed","ping_status":"closed","template":"","meta":{"footnotes":""},"class_list":["post-6578","page","type-page","status-publish","hentry"],"acf":[],"yoast_head":"<!-- This site is optimized with the Yoast SEO plugin v21.9.1 - https:\/\/yoast.com\/wordpress\/plugins\/seo\/ -->\n<title>Services - Tepo consulting<\/title>\n<meta name=\"robots\" content=\"index, follow, max-snippet:-1, max-image-preview:large, max-video-preview:-1\" \/>\n<link rel=\"canonical\" href=\"https:\/\/www.tepo-consulting.ch\/fr\/services\/\" \/>\n<meta property=\"og:locale\" content=\"fr_FR\" \/>\n<meta property=\"og:type\" content=\"article\" \/>\n<meta property=\"og:title\" content=\"Services - Tepo consulting\" \/>\n<meta property=\"og:description\" content=\"Services ConseilOp\u00e9rationnel Audit de vos op\u00e9rations, avec jusqu&rsquo;\u00e0 30 indicateurs de performance et des recommandations d&rsquo;\u00e9conomie de co\u00fbts. Nous aidons \u00e0 r\u00e9duire les co\u00fbts scolaires et \u00e0 am\u00e9liorer la qualit\u00e9 et la valeur. Voir plus Annuaire d&rsquo; entreprises sp\u00e9cialis\u00e9es Fournisseurs de produits et de services de qualit\u00e9 pour les \u00e9coles ind\u00e9pendantes en Suisse. Un choix [&hellip;]\" \/>\n<meta property=\"og:url\" content=\"https:\/\/www.tepo-consulting.ch\/fr\/services\/\" \/>\n<meta property=\"og:site_name\" content=\"Tepo consulting\" \/>\n<meta property=\"article:modified_time\" content=\"2024-02-03T13:21:50+00:00\" \/>\n<meta property=\"og:image\" content=\"https:\/\/www.tepo-consulting.ch\/wp-content\/uploads\/2023\/03\/pexels-shvets-production-7176295-1024x683.jpg\" \/>\n<meta name=\"twitter:card\" content=\"summary_large_image\" \/>\n<meta name=\"twitter:label1\" content=\"Dur\u00e9e de lecture estim\u00e9e\" \/>\n\t<meta name=\"twitter:data1\" content=\"1 minute\" \/>\n<script type=\"application\/ld+json\" class=\"yoast-schema-graph\">{\"@context\":\"https:\/\/schema.org\",\"@graph\":[{\"@type\":\"WebPage\",\"@id\":\"https:\/\/www.tepo-consulting.ch\/fr\/services\/\",\"url\":\"https:\/\/www.tepo-consulting.ch\/fr\/services\/\",\"name\":\"Services - Tepo consulting\",\"isPartOf\":{\"@id\":\"https:\/\/www.tepo-consulting.ch\/#website\"},\"datePublished\":\"2023-04-14T09:00:15+00:00\",\"dateModified\":\"2024-02-03T13:21:50+00:00\",\"breadcrumb\":{\"@id\":\"https:\/\/www.tepo-consulting.ch\/fr\/services\/#breadcrumb\"},\"inLanguage\":\"fr-FR\",\"potentialAction\":[{\"@type\":\"ReadAction\",\"target\":[\"https:\/\/www.tepo-consulting.ch\/fr\/services\/\"]}]},{\"@type\":\"BreadcrumbList\",\"@id\":\"https:\/\/www.tepo-consulting.ch\/fr\/services\/#breadcrumb\",\"itemListElement\":[{\"@type\":\"ListItem\",\"position\":1,\"name\":\"Home\",\"item\":\"https:\/\/www.tepo-consulting.ch\/fr\/accueil\/\"},{\"@type\":\"ListItem\",\"position\":2,\"name\":\"Services\"}]},{\"@type\":\"WebSite\",\"@id\":\"https:\/\/www.tepo-consulting.ch\/#website\",\"url\":\"https:\/\/www.tepo-consulting.ch\/\",\"name\":\"Tepo consulting\",\"description\":\"\",\"publisher\":{\"@id\":\"https:\/\/www.tepo-consulting.ch\/#organization\"},\"potentialAction\":[{\"@type\":\"SearchAction\",\"target\":{\"@type\":\"EntryPoint\",\"urlTemplate\":\"https:\/\/www.tepo-consulting.ch\/?s={search_term_string}\"},\"query-input\":\"required name=search_term_string\"}],\"inLanguage\":\"fr-FR\"},{\"@type\":\"Organization\",\"@id\":\"https:\/\/www.tepo-consulting.ch\/#organization\",\"name\":\"Tepo consulting\",\"url\":\"https:\/\/www.tepo-consulting.ch\/\",\"logo\":{\"@type\":\"ImageObject\",\"inLanguage\":\"fr-FR\",\"@id\":\"https:\/\/www.tepo-consulting.ch\/#\/schema\/logo\/image\/\",\"url\":\"https:\/\/www.tepo-consulting.ch\/wp-content\/uploads\/2023\/03\/white-Logo.svg\",\"contentUrl\":\"https:\/\/www.tepo-consulting.ch\/wp-content\/uploads\/2023\/03\/white-Logo.svg\",\"width\":226,\"height\":92,\"caption\":\"Tepo consulting\"},\"image\":{\"@id\":\"https:\/\/www.tepo-consulting.ch\/#\/schema\/logo\/image\/\"}}]}<\/script>\n<!-- \/ Yoast SEO plugin. -->","yoast_head_json":{"title":"Services - Tepo consulting","robots":{"index":"index","follow":"follow","max-snippet":"max-snippet:-1","max-image-preview":"max-image-preview:large","max-video-preview":"max-video-preview:-1"},"canonical":"https:\/\/www.tepo-consulting.ch\/fr\/services\/","og_locale":"fr_FR","og_type":"article","og_title":"Services - Tepo consulting","og_description":"Services ConseilOp\u00e9rationnel Audit de vos op\u00e9rations, avec jusqu&rsquo;\u00e0 30 indicateurs de performance et des recommandations d&rsquo;\u00e9conomie de co\u00fbts. Nous aidons \u00e0 r\u00e9duire les co\u00fbts scolaires et \u00e0 am\u00e9liorer la qualit\u00e9 et la valeur. Voir plus Annuaire d&rsquo; entreprises sp\u00e9cialis\u00e9es Fournisseurs de produits et de services de qualit\u00e9 pour les \u00e9coles ind\u00e9pendantes en Suisse. Un choix [&hellip;]","og_url":"https:\/\/www.tepo-consulting.ch\/fr\/services\/","og_site_name":"Tepo consulting","article_modified_time":"2024-02-03T13:21:50+00:00","og_image":[{"url":"https:\/\/www.tepo-consulting.ch\/wp-content\/uploads\/2023\/03\/pexels-shvets-production-7176295-1024x683.jpg"}],"twitter_card":"summary_large_image","twitter_misc":{"Dur\u00e9e de lecture estim\u00e9e":"1 minute"},"schema":{"@context":"https:\/\/schema.org","@graph":[{"@type":"WebPage","@id":"https:\/\/www.tepo-consulting.ch\/fr\/services\/","url":"https:\/\/www.tepo-consulting.ch\/fr\/services\/","name":"Services - Tepo consulting","isPartOf":{"@id":"https:\/\/www.tepo-consulting.ch\/#website"},"datePublished":"2023-04-14T09:00:15+00:00","dateModified":"2024-02-03T13:21:50+00:00","breadcrumb":{"@id":"https:\/\/www.tepo-consulting.ch\/fr\/services\/#breadcrumb"},"inLanguage":"fr-FR","potentialAction":[{"@type":"ReadAction","target":["https:\/\/www.tepo-consulting.ch\/fr\/services\/"]}]},{"@type":"BreadcrumbList","@id":"https:\/\/www.tepo-consulting.ch\/fr\/services\/#breadcrumb","itemListElement":[{"@type":"ListItem","position":1,"name":"Home","item":"https:\/\/www.tepo-consulting.ch\/fr\/accueil\/"},{"@type":"ListItem","position":2,"name":"Services"}]},{"@type":"WebSite","@id":"https:\/\/www.tepo-consulting.ch\/#website","url":"https:\/\/www.tepo-consulting.ch\/","name":"Tepo consulting","description":"","publisher":{"@id":"https:\/\/www.tepo-consulting.ch\/#organization"},"potentialAction":[{"@type":"SearchAction","target":{"@type":"EntryPoint","urlTemplate":"https:\/\/www.tepo-consulting.ch\/?s={search_term_string}"},"query-input":"required name=search_term_string"}],"inLanguage":"fr-FR"},{"@type":"Organization","@id":"https:\/\/www.tepo-consulting.ch\/#organization","name":"Tepo consulting","url":"https:\/\/www.tepo-consulting.ch\/","logo":{"@type":"ImageObject","inLanguage":"fr-FR","@id":"https:\/\/www.tepo-consulting.ch\/#\/schema\/logo\/image\/","url":"https:\/\/www.tepo-consulting.ch\/wp-content\/uploads\/2023\/03\/white-Logo.svg","contentUrl":"https:\/\/www.tepo-consulting.ch\/wp-content\/uploads\/2023\/03\/white-Logo.svg","width":226,"height":92,"caption":"Tepo consulting"},"image":{"@id":"https:\/\/www.tepo-consulting.ch\/#\/schema\/logo\/image\/"}}]}},"_links":{"self":[{"href":"https:\/\/www.tepo-consulting.ch\/fr\/wp-json\/wp\/v2\/pages\/6578","targetHints":{"allow":["GET"]}}],"collection":[{"href":"https:\/\/www.tepo-consulting.ch\/fr\/wp-json\/wp\/v2\/pages"}],"about":[{"href":"https:\/\/www.tepo-consulting.ch\/fr\/wp-json\/wp\/v2\/types\/page"}],"author":[{"embeddable":true,"href":"https:\/\/www.tepo-consulting.ch\/fr\/wp-json\/wp\/v2\/users\/6"}],"replies":[{"embeddable":true,"href":"https:\/\/www.tepo-consulting.ch\/fr\/wp-json\/wp\/v2\/comments?post=6578"}],"version-history":[{"count":25,"href":"https:\/\/www.tepo-consulting.ch\/fr\/wp-json\/wp\/v2\/pages\/6578\/revisions"}],"predecessor-version":[{"id":7588,"href":"https:\/\/www.tepo-consulting.ch\/fr\/wp-json\/wp\/v2\/pages\/6578\/revisions\/7588"}],"wp:attachment":[{"href":"https:\/\/www.tepo-consulting.ch\/fr\/wp-json\/wp\/v2\/media?parent=6578"}],"curies":[{"name":"wp","href":"https:\/\/api.w.org\/{rel}","templated":true}]}}