{"id":6670,"date":"2023-04-19T09:56:20","date_gmt":"2023-04-19T07:56:20","guid":{"rendered":"https:\/\/www.tepo-consulting.ch\/?page_id=6670"},"modified":"2023-07-02T19:19:33","modified_gmt":"2023-07-02T17:19:33","slug":"sustainability","status":"publish","type":"page","link":"https:\/\/www.tepo-consulting.ch\/fr\/services\/tepo-trusted-partners\/sustainability\/","title":{"rendered":"Durabilit\u00e9"},"content":{"rendered":"\t\t<div data-elementor-type=\"wp-page\" data-elementor-id=\"6670\" class=\"elementor elementor-6670 elementor-4017\">\n\t\t\t\t\t\t\t<div class=\"elementor-element elementor-element-d33fb8e e-con-full e-flex e-con\" data-id=\"d33fb8e\" data-element_type=\"container\" data-settings=\"{&quot;content_width&quot;:&quot;full&quot;}\">\n\t\t<div class=\"elementor-element elementor-element-d07458c e-con-full e-flex e-con\" data-id=\"d07458c\" data-element_type=\"container\" data-settings=\"{&quot;content_width&quot;:&quot;full&quot;}\">\n\t\t\t\t<div class=\"elementor-element elementor-element-eaee9bd elementor-widget-divider--view-line elementor-widget elementor-widget-divider\" data-id=\"eaee9bd\" data-element_type=\"widget\" data-widget_type=\"divider.default\">\n\t\t\t\t<div class=\"elementor-widget-container\">\n\t\t\t<style>\/*! elementor - v3.13.3 - 28-05-2023 *\/\n.elementor-widget-divider{--divider-border-style:none;--divider-border-width:1px;--divider-color:#0c0d0e;--divider-icon-size:20px;--divider-element-spacing:10px;--divider-pattern-height:24px;--divider-pattern-size:20px;--divider-pattern-url:none;--divider-pattern-repeat:repeat-x}.elementor-widget-divider .elementor-divider{display:flex}.elementor-widget-divider .elementor-divider__text{font-size:15px;line-height:1;max-width:95%}.elementor-widget-divider .elementor-divider__element{margin:0 var(--divider-element-spacing);flex-shrink:0}.elementor-widget-divider .elementor-icon{font-size:var(--divider-icon-size)}.elementor-widget-divider .elementor-divider-separator{display:flex;margin:0;direction:ltr}.elementor-widget-divider--view-line_icon .elementor-divider-separator,.elementor-widget-divider--view-line_text .elementor-divider-separator{align-items:center}.elementor-widget-divider--view-line_icon .elementor-divider-separator:after,.elementor-widget-divider--view-line_icon .elementor-divider-separator:before,.elementor-widget-divider--view-line_text .elementor-divider-separator:after,.elementor-widget-divider--view-line_text .elementor-divider-separator:before{display:block;content:\"\";border-bottom:0;flex-grow:1;border-top:var(--divider-border-width) var(--divider-border-style) var(--divider-color)}.elementor-widget-divider--element-align-left .elementor-divider .elementor-divider-separator>.elementor-divider__svg:first-of-type{flex-grow:0;flex-shrink:100}.elementor-widget-divider--element-align-left .elementor-divider-separator:before{content:none}.elementor-widget-divider--element-align-left .elementor-divider__element{margin-left:0}.elementor-widget-divider--element-align-right .elementor-divider .elementor-divider-separator>.elementor-divider__svg:last-of-type{flex-grow:0;flex-shrink:100}.elementor-widget-divider--element-align-right .elementor-divider-separator:after{content:none}.elementor-widget-divider--element-align-right .elementor-divider__element{margin-right:0}.elementor-widget-divider:not(.elementor-widget-divider--view-line_text):not(.elementor-widget-divider--view-line_icon) .elementor-divider-separator{border-top:var(--divider-border-width) var(--divider-border-style) var(--divider-color)}.elementor-widget-divider--separator-type-pattern{--divider-border-style:none}.elementor-widget-divider--separator-type-pattern.elementor-widget-divider--view-line .elementor-divider-separator,.elementor-widget-divider--separator-type-pattern:not(.elementor-widget-divider--view-line) .elementor-divider-separator:after,.elementor-widget-divider--separator-type-pattern:not(.elementor-widget-divider--view-line) .elementor-divider-separator:before,.elementor-widget-divider--separator-type-pattern:not([class*=elementor-widget-divider--view]) .elementor-divider-separator{width:100%;min-height:var(--divider-pattern-height);-webkit-mask-size:var(--divider-pattern-size) 100%;mask-size:var(--divider-pattern-size) 100%;-webkit-mask-repeat:var(--divider-pattern-repeat);mask-repeat:var(--divider-pattern-repeat);background-color:var(--divider-color);-webkit-mask-image:var(--divider-pattern-url);mask-image:var(--divider-pattern-url)}.elementor-widget-divider--no-spacing{--divider-pattern-size:auto}.elementor-widget-divider--bg-round{--divider-pattern-repeat:round}.rtl .elementor-widget-divider .elementor-divider__text{direction:rtl}.e-con-inner>.elementor-widget-divider,.e-con>.elementor-widget-divider{width:var(--container-widget-width,100%);--flex-grow:var(--container-widget-flex-grow)}<\/style>\t\t<div class=\"elementor-divider\">\n\t\t\t<span class=\"elementor-divider-separator\">\n\t\t\t\t\t\t<\/span>\n\t\t<\/div>\n\t\t\t\t<\/div>\n\t\t\t\t<\/div>\n\t\t\t\t<div class=\"elementor-element elementor-element-e218b3b elementor-widget elementor-widget-heading\" data-id=\"e218b3b\" data-element_type=\"widget\" data-widget_type=\"heading.default\">\n\t\t\t\t<div class=\"elementor-widget-container\">\n\t\t\t<style>\/*! elementor - v3.13.3 - 28-05-2023 *\/\n.elementor-heading-title{padding:0;margin:0;line-height:1}.elementor-widget-heading .elementor-heading-title[class*=elementor-size-]>a{color:inherit;font-size:inherit;line-height:inherit}.elementor-widget-heading .elementor-heading-title.elementor-size-small{font-size:15px}.elementor-widget-heading .elementor-heading-title.elementor-size-medium{font-size:19px}.elementor-widget-heading .elementor-heading-title.elementor-size-large{font-size:29px}.elementor-widget-heading .elementor-heading-title.elementor-size-xl{font-size:39px}.elementor-widget-heading .elementor-heading-title.elementor-size-xxl{font-size:59px}<\/style><h1 class=\"elementor-heading-title elementor-size-default\">Durabilit\u00e9<\/h1>\t\t<\/div>\n\t\t\t\t<\/div>\n\t\t\t\t<div class=\"elementor-element elementor-element-c542259 elementor-widget elementor-widget-text-editor\" data-id=\"c542259\" data-element_type=\"widget\" data-widget_type=\"text-editor.default\">\n\t\t\t\t<div class=\"elementor-widget-container\">\n\t\t\t<style>\/*! elementor - v3.13.3 - 28-05-2023 *\/\n.elementor-widget-text-editor.elementor-drop-cap-view-stacked .elementor-drop-cap{background-color:#69727d;color:#fff}.elementor-widget-text-editor.elementor-drop-cap-view-framed .elementor-drop-cap{color:#69727d;border:3px solid;background-color:transparent}.elementor-widget-text-editor:not(.elementor-drop-cap-view-default) .elementor-drop-cap{margin-top:8px}.elementor-widget-text-editor:not(.elementor-drop-cap-view-default) .elementor-drop-cap-letter{width:1em;height:1em}.elementor-widget-text-editor .elementor-drop-cap{float:left;text-align:center;line-height:1;font-size:50px}.elementor-widget-text-editor .elementor-drop-cap-letter{display:inline-block}<\/style>\t\t\t\t<p>La durabilit\u00e9 sous toutes ses formes est devenue \u00e0 juste titre un sujet de plus en plus important dans l&rsquo;\u00e9ducation et en particulier pour les \u00e9tudiants. D&rsquo;innombrables \u00e9tudes sugg\u00e8rent que la durabilit\u00e9 est maintenant une question s\u00e9rieuse pour les \u00e9tudiants de la g\u00e9n\u00e9ration Z (1995-2010) et de la g\u00e9n\u00e9ration Alpha (2010-2025).<\/p><p>Le changement climatique est g\u00e9n\u00e9ralement list\u00e9 dans les 5 principales pr\u00e9occupations des adolescents et le nombre de ceux cherchant des formations et des carri\u00e8res en rapport avec l&rsquo;environnement et la durabilit\u00e9 ne cesse d&rsquo;augmenter. La bonne nouvelle est que de nombreuses \u00e9coles en Suisse sont en t\u00eate du monde et remportent des prix pour leurs initiatives environnementales novatrices.<\/p><p>Celles-ci comprennent, entre autres, l&rsquo;int\u00e9gration de la durabilit\u00e9 dans le programme d&rsquo;\u00e9tude, la r\u00e9duction des d\u00e9chets, la promotion de la conservation de l&rsquo;\u00e9nergie, des modes de transport durables et des pratiques durables mesurables.<\/p><p>De nombreuses \u00e9coles reconnaissent l&rsquo;importance de communiquer sur leurs pratiques environnementales et sociales pour attirer et fid\u00e9liser les \u00e9tudiants et les enseignants. Elles se diff\u00e9rencient et am\u00e9liorent leur r\u00e9putation en obtenant des accr\u00e9ditations et des certifications, en mesurant ce qu&rsquo;elles font et en communiquant sur ce sujet.<\/p><p>Les pratiques durables efficaces doivent s&rsquo;inscrire dans le temps avec des objectifs concrets. Elles doivent faire partie \u00e0 part enti\u00e8re des indicateurs cl\u00e9s de performance de toutes les \u00e9coles.<\/p>\t\t\t\t\t\t<\/div>\n\t\t\t\t<\/div>\n\t\t\t\t<\/div>\n\t\t<div class=\"elementor-element elementor-element-5d1e48f e-con-full e-flex e-con\" data-id=\"5d1e48f\" data-element_type=\"container\" data-settings=\"{&quot;content_width&quot;:&quot;full&quot;}\">\n\t\t\t\t<\/div>\n\t\t\t\t<\/div>\n\t\t<div class=\"elementor-element elementor-element-d80174a e-con-boxed e-flex e-con\" data-id=\"d80174a\" data-element_type=\"container\" data-settings=\"{&quot;background_background&quot;:&quot;classic&quot;,&quot;content_width&quot;:&quot;boxed&quot;}\">\n\t\t\t\t\t<div class=\"e-con-inner\">\n\t\t\t\t<div class=\"elementor-element elementor-element-d28ec03 elementor-widget elementor-widget-image\" data-id=\"d28ec03\" data-element_type=\"widget\" data-widget_type=\"image.default\">\n\t\t\t\t<div class=\"elementor-widget-container\">\n\t\t\t<style>\/*! elementor - v3.13.3 - 28-05-2023 *\/\n.elementor-widget-image{text-align:center}.elementor-widget-image a{display:inline-block}.elementor-widget-image a img[src$=\".svg\"]{width:48px}.elementor-widget-image img{vertical-align:middle;display:inline-block}<\/style>\t\t\t\t\t\t\t\t\t\t\t\t<img loading=\"lazy\" decoding=\"async\" width=\"96\" height=\"96\" src=\"https:\/\/www.tepo-consulting.ch\/wp-content\/uploads\/2023\/03\/Groupe-161.svg\" class=\"attachment-large size-large wp-image-531\" alt=\"\" \/>\t\t\t\t\t\t\t\t\t\t\t\t\t\t\t<\/div>\n\t\t\t\t<\/div>\n\t\t\t\t<div class=\"elementor-element elementor-element-0dd0680 elementor-widget elementor-widget-heading\" data-id=\"0dd0680\" data-element_type=\"widget\" data-widget_type=\"heading.default\">\n\t\t\t\t<div class=\"elementor-widget-container\">\n\t\t\t<h2 class=\"elementor-heading-title elementor-size-default\">Alors, comment Tepo Consulting <br>peut-il aider ?<\/h2>\t\t<\/div>\n\t\t\t\t<\/div>\n\t\t\t\t\t<\/div>\n\t\t\t\t<\/div>\n\t\t<div class=\"elementor-element elementor-element-42b45c0 e-con-boxed e-flex e-con\" data-id=\"42b45c0\" data-element_type=\"container\" data-settings=\"{&quot;background_background&quot;:&quot;classic&quot;,&quot;content_width&quot;:&quot;boxed&quot;}\">\n\t\t\t\t\t<div class=\"e-con-inner\">\n\t\t<div class=\"elementor-element elementor-element-f0097ce e-con-full e-flex e-con\" data-id=\"f0097ce\" data-element_type=\"container\" data-settings=\"{&quot;content_width&quot;:&quot;full&quot;}\">\n\t\t\t\t<div class=\"elementor-element elementor-element-1a15690 elementor-widget elementor-widget-text-editor\" data-id=\"1a15690\" data-element_type=\"widget\" data-mh=\"text\" data-widget_type=\"text-editor.default\">\n\t\t\t\t<div class=\"elementor-widget-container\">\n\t\t\t\t\t\t\t<p>En plus d&rsquo;identifier les indicateurs de performance cl\u00e9s classiques pour la conservation de l&rsquo;\u00e9nergie et la r\u00e9duction des d\u00e9chets, Tepo dispose d&rsquo;une liste de contr\u00f4le des indicateurs environnementaux et sociaux qui permettront d&rsquo;identifier, \u00e0 un niveau \u00e9lev\u00e9, les axes d&rsquo;am\u00e9lioration potentiels de votre \u00e9cole.<\/p><p>Les indicateurs sociaux et p\u00e9dagogiques sont \u00e9galement des consid\u00e9rations importantes et Tepo inclura des \u00e9l\u00e9ments tels que les taux de rotation du personnel, la diversit\u00e9 et l&rsquo;inclusion ainsi que les efforts de participation communautaire dans les indicateurs cl\u00e9s de durabilit\u00e9 sociale.<\/p>\t\t\t\t\t\t<\/div>\n\t\t\t\t<\/div>\n\t\t\t\t<div class=\"elementor-element elementor-element-01292b4 elementor-widget elementor-widget-image\" data-id=\"01292b4\" data-element_type=\"widget\" data-widget_type=\"image.default\">\n\t\t\t\t<div class=\"elementor-widget-container\">\n\t\t\t\t\t\t\t\t\t\t\t\t\t\t\t<img loading=\"lazy\" decoding=\"async\" width=\"800\" height=\"534\" src=\"https:\/\/www.tepo-consulting.ch\/wp-content\/uploads\/2023\/04\/shutterstock_1293471346-1024x683.jpg\" class=\"attachment-large size-large wp-image-4023\" alt=\"\" srcset=\"https:\/\/www.tepo-consulting.ch\/wp-content\/uploads\/2023\/04\/shutterstock_1293471346-1024x683.jpg 1024w, https:\/\/www.tepo-consulting.ch\/wp-content\/uploads\/2023\/04\/shutterstock_1293471346-300x200.jpg 300w, https:\/\/www.tepo-consulting.ch\/wp-content\/uploads\/2023\/04\/shutterstock_1293471346-768x512.jpg 768w, https:\/\/www.tepo-consulting.ch\/wp-content\/uploads\/2023\/04\/shutterstock_1293471346-1536x1024.jpg 1536w, https:\/\/www.tepo-consulting.ch\/wp-content\/uploads\/2023\/04\/shutterstock_1293471346-2048x1365.jpg 2048w\" sizes=\"auto, (max-width: 800px) 100vw, 800px\" \/>\t\t\t\t\t\t\t\t\t\t\t\t\t\t\t<\/div>\n\t\t\t\t<\/div>\n\t\t\t\t<\/div>\n\t\t<div class=\"elementor-element elementor-element-89477d7 e-con-full e-flex e-con\" data-id=\"89477d7\" data-element_type=\"container\" data-settings=\"{&quot;content_width&quot;:&quot;full&quot;}\">\n\t\t\t\t<div class=\"elementor-element elementor-element-a58b82d elementor-widget elementor-widget-text-editor\" data-id=\"a58b82d\" data-element_type=\"widget\" data-mh=\"text\" data-widget_type=\"text-editor.default\">\n\t\t\t\t<div class=\"elementor-widget-container\">\n\t\t\t\t\t\t\t<p>Tepo comprend qu&rsquo;ind\u00e9pendamment de la taille de l&rsquo;\u00e9cole, une activit\u00e9 durable n\u00e9cessite souvent un investissement en temps et en ressources. Toutefois, le r\u00e9sultat d&rsquo;une telle activit\u00e9 permettra de r\u00e9aliser des \u00e9conomies (dans les secteurs tels que l&rsquo;\u00e9conomie d&rsquo;\u00e9nergie et la r\u00e9duction des d\u00e9chets) et \u00e9galement une am\u00e9lioration des revenus en attirant des enseignants de qualit\u00e9 et des \u00e9tudiants engag\u00e9s.<\/p><p>Pour vous aider \u00e0 augmenter vos efforts de durabilit\u00e9, Tepo s&rsquo;est associ\u00e9 \u00e0 l&rsquo;un des principaux consultants en durabilit\u00e9 de Suisse. <strong>Annabell Cox<\/strong>, de Leadwise, a une exp\u00e9rience \u00e0 la fois du monde des affaires et des \u00e9coles en les aidant \u00e0 concevoir et mettre en \u0153uvre des strat\u00e9gies environnementales et des pratiques durables.<\/p>\t\t\t\t\t\t<\/div>\n\t\t\t\t<\/div>\n\t\t\t\t<div class=\"elementor-element elementor-element-a5e5ab1 elementor-widget elementor-widget-image\" data-id=\"a5e5ab1\" data-element_type=\"widget\" data-widget_type=\"image.default\">\n\t\t\t\t<div class=\"elementor-widget-container\">\n\t\t\t\t\t\t\t\t\t\t\t\t\t\t\t<img loading=\"lazy\" decoding=\"async\" width=\"800\" height=\"541\" src=\"https:\/\/www.tepo-consulting.ch\/wp-content\/uploads\/2023\/04\/shutterstock_604290230-1024x693.jpg\" class=\"attachment-large size-large wp-image-4024\" alt=\"\" srcset=\"https:\/\/www.tepo-consulting.ch\/wp-content\/uploads\/2023\/04\/shutterstock_604290230-1024x693.jpg 1024w, https:\/\/www.tepo-consulting.ch\/wp-content\/uploads\/2023\/04\/shutterstock_604290230-300x203.jpg 300w, https:\/\/www.tepo-consulting.ch\/wp-content\/uploads\/2023\/04\/shutterstock_604290230-768x520.jpg 768w, https:\/\/www.tepo-consulting.ch\/wp-content\/uploads\/2023\/04\/shutterstock_604290230-1536x1039.jpg 1536w, https:\/\/www.tepo-consulting.ch\/wp-content\/uploads\/2023\/04\/shutterstock_604290230-2048x1386.jpg 2048w\" sizes=\"auto, (max-width: 800px) 100vw, 800px\" \/>\t\t\t\t\t\t\t\t\t\t\t\t\t\t\t<\/div>\n\t\t\t\t<\/div>\n\t\t\t\t<div class=\"elementor-element elementor-element-eb96e68 elementor-widget elementor-widget-text-editor\" data-id=\"eb96e68\" data-element_type=\"widget\" data-widget_type=\"text-editor.default\">\n\t\t\t\t<div class=\"elementor-widget-container\">\n\t\t\t\t\t\t\t<p>Veuillez contacter Tepo si vous souhaitez en savoir plus et obtenir les coordonn\u00e9es de contact.<\/p>\t\t\t\t\t\t<\/div>\n\t\t\t\t<\/div>\n\t\t\t\t<\/div>\n\t\t\t\t\t<\/div>\n\t\t\t\t<\/div>\n\t\t\t\t\t\t\t<\/div>\n\t\t","protected":false},"excerpt":{"rendered":"<p>Durabilit\u00e9 La durabilit\u00e9 sous toutes ses formes est devenue \u00e0 juste titre un sujet de plus en plus important dans l&rsquo;\u00e9ducation et en particulier pour les \u00e9tudiants. D&rsquo;innombrables \u00e9tudes sugg\u00e8rent que la durabilit\u00e9 est maintenant une question s\u00e9rieuse pour les \u00e9tudiants de la g\u00e9n\u00e9ration Z (1995-2010) et de la g\u00e9n\u00e9ration Alpha (2010-2025). Le changement climatique [&hellip;]<\/p>\n","protected":false},"author":6,"featured_media":0,"parent":6623,"menu_order":10,"comment_status":"closed","ping_status":"closed","template":"","meta":{"footnotes":""},"class_list":["post-6670","page","type-page","status-publish","hentry"],"acf":[],"yoast_head":"<!-- This site is optimized with the Yoast SEO plugin v21.9.1 - https:\/\/yoast.com\/wordpress\/plugins\/seo\/ -->\n<title>Durabilit\u00e9 - Tepo consulting<\/title>\n<meta name=\"robots\" content=\"index, follow, max-snippet:-1, max-image-preview:large, max-video-preview:-1\" \/>\n<link rel=\"canonical\" href=\"https:\/\/www.tepo-consulting.ch\/fr\/services\/tepo-trusted-partners\/sustainability\/\" \/>\n<meta property=\"og:locale\" content=\"fr_FR\" \/>\n<meta property=\"og:type\" content=\"article\" \/>\n<meta property=\"og:title\" content=\"Durabilit\u00e9 - Tepo consulting\" \/>\n<meta property=\"og:description\" content=\"Durabilit\u00e9 La durabilit\u00e9 sous toutes ses formes est devenue \u00e0 juste titre un sujet de plus en plus important dans l&rsquo;\u00e9ducation et en particulier pour les \u00e9tudiants. D&rsquo;innombrables \u00e9tudes sugg\u00e8rent que la durabilit\u00e9 est maintenant une question s\u00e9rieuse pour les \u00e9tudiants de la g\u00e9n\u00e9ration Z (1995-2010) et de la g\u00e9n\u00e9ration Alpha (2010-2025). Le changement climatique [&hellip;]\" \/>\n<meta property=\"og:url\" content=\"https:\/\/www.tepo-consulting.ch\/fr\/services\/tepo-trusted-partners\/sustainability\/\" \/>\n<meta property=\"og:site_name\" content=\"Tepo consulting\" \/>\n<meta property=\"article:modified_time\" content=\"2023-07-02T17:19:33+00:00\" \/>\n<meta property=\"og:image\" content=\"https:\/\/www.tepo-consulting.ch\/wp-content\/uploads\/2023\/03\/Groupe-161.svg\" \/>\n<meta name=\"twitter:card\" content=\"summary_large_image\" \/>\n<meta name=\"twitter:label1\" content=\"Dur\u00e9e de lecture estim\u00e9e\" \/>\n\t<meta name=\"twitter:data1\" content=\"2 minutes\" \/>\n<script type=\"application\/ld+json\" class=\"yoast-schema-graph\">{\"@context\":\"https:\/\/schema.org\",\"@graph\":[{\"@type\":\"WebPage\",\"@id\":\"https:\/\/www.tepo-consulting.ch\/fr\/services\/tepo-trusted-partners\/sustainability\/\",\"url\":\"https:\/\/www.tepo-consulting.ch\/fr\/services\/tepo-trusted-partners\/sustainability\/\",\"name\":\"Durabilit\u00e9 - Tepo consulting\",\"isPartOf\":{\"@id\":\"https:\/\/www.tepo-consulting.ch\/#website\"},\"datePublished\":\"2023-04-19T07:56:20+00:00\",\"dateModified\":\"2023-07-02T17:19:33+00:00\",\"breadcrumb\":{\"@id\":\"https:\/\/www.tepo-consulting.ch\/fr\/services\/tepo-trusted-partners\/sustainability\/#breadcrumb\"},\"inLanguage\":\"fr-FR\",\"potentialAction\":[{\"@type\":\"ReadAction\",\"target\":[\"https:\/\/www.tepo-consulting.ch\/fr\/services\/tepo-trusted-partners\/sustainability\/\"]}]},{\"@type\":\"BreadcrumbList\",\"@id\":\"https:\/\/www.tepo-consulting.ch\/fr\/services\/tepo-trusted-partners\/sustainability\/#breadcrumb\",\"itemListElement\":[{\"@type\":\"ListItem\",\"position\":1,\"name\":\"Home\",\"item\":\"https:\/\/www.tepo-consulting.ch\/fr\/accueil\/\"},{\"@type\":\"ListItem\",\"position\":2,\"name\":\"Services\",\"item\":\"https:\/\/www.tepo-consulting.ch\/fr\/services\/\"},{\"@type\":\"ListItem\",\"position\":3,\"name\":\"Partenaires de Confiance Tepo\",\"item\":\"https:\/\/www.tepo-consulting.ch\/fr\/services\/tepo-trusted-partners\/\"},{\"@type\":\"ListItem\",\"position\":4,\"name\":\"Durabilit\u00e9\"}]},{\"@type\":\"WebSite\",\"@id\":\"https:\/\/www.tepo-consulting.ch\/#website\",\"url\":\"https:\/\/www.tepo-consulting.ch\/\",\"name\":\"Tepo consulting\",\"description\":\"\",\"publisher\":{\"@id\":\"https:\/\/www.tepo-consulting.ch\/#organization\"},\"potentialAction\":[{\"@type\":\"SearchAction\",\"target\":{\"@type\":\"EntryPoint\",\"urlTemplate\":\"https:\/\/www.tepo-consulting.ch\/?s={search_term_string}\"},\"query-input\":\"required name=search_term_string\"}],\"inLanguage\":\"fr-FR\"},{\"@type\":\"Organization\",\"@id\":\"https:\/\/www.tepo-consulting.ch\/#organization\",\"name\":\"Tepo consulting\",\"url\":\"https:\/\/www.tepo-consulting.ch\/\",\"logo\":{\"@type\":\"ImageObject\",\"inLanguage\":\"fr-FR\",\"@id\":\"https:\/\/www.tepo-consulting.ch\/#\/schema\/logo\/image\/\",\"url\":\"https:\/\/www.tepo-consulting.ch\/wp-content\/uploads\/2023\/03\/white-Logo.svg\",\"contentUrl\":\"https:\/\/www.tepo-consulting.ch\/wp-content\/uploads\/2023\/03\/white-Logo.svg\",\"width\":226,\"height\":92,\"caption\":\"Tepo consulting\"},\"image\":{\"@id\":\"https:\/\/www.tepo-consulting.ch\/#\/schema\/logo\/image\/\"}}]}<\/script>\n<!-- \/ Yoast SEO plugin. -->","yoast_head_json":{"title":"Durabilit\u00e9 - Tepo consulting","robots":{"index":"index","follow":"follow","max-snippet":"max-snippet:-1","max-image-preview":"max-image-preview:large","max-video-preview":"max-video-preview:-1"},"canonical":"https:\/\/www.tepo-consulting.ch\/fr\/services\/tepo-trusted-partners\/sustainability\/","og_locale":"fr_FR","og_type":"article","og_title":"Durabilit\u00e9 - Tepo consulting","og_description":"Durabilit\u00e9 La durabilit\u00e9 sous toutes ses formes est devenue \u00e0 juste titre un sujet de plus en plus important dans l&rsquo;\u00e9ducation et en particulier pour les \u00e9tudiants. D&rsquo;innombrables \u00e9tudes sugg\u00e8rent que la durabilit\u00e9 est maintenant une question s\u00e9rieuse pour les \u00e9tudiants de la g\u00e9n\u00e9ration Z (1995-2010) et de la g\u00e9n\u00e9ration Alpha (2010-2025). Le changement climatique [&hellip;]","og_url":"https:\/\/www.tepo-consulting.ch\/fr\/services\/tepo-trusted-partners\/sustainability\/","og_site_name":"Tepo consulting","article_modified_time":"2023-07-02T17:19:33+00:00","og_image":[{"url":"https:\/\/www.tepo-consulting.ch\/wp-content\/uploads\/2023\/03\/Groupe-161.svg"}],"twitter_card":"summary_large_image","twitter_misc":{"Dur\u00e9e de lecture estim\u00e9e":"2 minutes"},"schema":{"@context":"https:\/\/schema.org","@graph":[{"@type":"WebPage","@id":"https:\/\/www.tepo-consulting.ch\/fr\/services\/tepo-trusted-partners\/sustainability\/","url":"https:\/\/www.tepo-consulting.ch\/fr\/services\/tepo-trusted-partners\/sustainability\/","name":"Durabilit\u00e9 - Tepo consulting","isPartOf":{"@id":"https:\/\/www.tepo-consulting.ch\/#website"},"datePublished":"2023-04-19T07:56:20+00:00","dateModified":"2023-07-02T17:19:33+00:00","breadcrumb":{"@id":"https:\/\/www.tepo-consulting.ch\/fr\/services\/tepo-trusted-partners\/sustainability\/#breadcrumb"},"inLanguage":"fr-FR","potentialAction":[{"@type":"ReadAction","target":["https:\/\/www.tepo-consulting.ch\/fr\/services\/tepo-trusted-partners\/sustainability\/"]}]},{"@type":"BreadcrumbList","@id":"https:\/\/www.tepo-consulting.ch\/fr\/services\/tepo-trusted-partners\/sustainability\/#breadcrumb","itemListElement":[{"@type":"ListItem","position":1,"name":"Home","item":"https:\/\/www.tepo-consulting.ch\/fr\/accueil\/"},{"@type":"ListItem","position":2,"name":"Services","item":"https:\/\/www.tepo-consulting.ch\/fr\/services\/"},{"@type":"ListItem","position":3,"name":"Partenaires de Confiance Tepo","item":"https:\/\/www.tepo-consulting.ch\/fr\/services\/tepo-trusted-partners\/"},{"@type":"ListItem","position":4,"name":"Durabilit\u00e9"}]},{"@type":"WebSite","@id":"https:\/\/www.tepo-consulting.ch\/#website","url":"https:\/\/www.tepo-consulting.ch\/","name":"Tepo consulting","description":"","publisher":{"@id":"https:\/\/www.tepo-consulting.ch\/#organization"},"potentialAction":[{"@type":"SearchAction","target":{"@type":"EntryPoint","urlTemplate":"https:\/\/www.tepo-consulting.ch\/?s={search_term_string}"},"query-input":"required name=search_term_string"}],"inLanguage":"fr-FR"},{"@type":"Organization","@id":"https:\/\/www.tepo-consulting.ch\/#organization","name":"Tepo consulting","url":"https:\/\/www.tepo-consulting.ch\/","logo":{"@type":"ImageObject","inLanguage":"fr-FR","@id":"https:\/\/www.tepo-consulting.ch\/#\/schema\/logo\/image\/","url":"https:\/\/www.tepo-consulting.ch\/wp-content\/uploads\/2023\/03\/white-Logo.svg","contentUrl":"https:\/\/www.tepo-consulting.ch\/wp-content\/uploads\/2023\/03\/white-Logo.svg","width":226,"height":92,"caption":"Tepo consulting"},"image":{"@id":"https:\/\/www.tepo-consulting.ch\/#\/schema\/logo\/image\/"}}]}},"_links":{"self":[{"href":"https:\/\/www.tepo-consulting.ch\/fr\/wp-json\/wp\/v2\/pages\/6670","targetHints":{"allow":["GET"]}}],"collection":[{"href":"https:\/\/www.tepo-consulting.ch\/fr\/wp-json\/wp\/v2\/pages"}],"about":[{"href":"https:\/\/www.tepo-consulting.ch\/fr\/wp-json\/wp\/v2\/types\/page"}],"author":[{"embeddable":true,"href":"https:\/\/www.tepo-consulting.ch\/fr\/wp-json\/wp\/v2\/users\/6"}],"replies":[{"embeddable":true,"href":"https:\/\/www.tepo-consulting.ch\/fr\/wp-json\/wp\/v2\/comments?post=6670"}],"version-history":[{"count":22,"href":"https:\/\/www.tepo-consulting.ch\/fr\/wp-json\/wp\/v2\/pages\/6670\/revisions"}],"predecessor-version":[{"id":7435,"href":"https:\/\/www.tepo-consulting.ch\/fr\/wp-json\/wp\/v2\/pages\/6670\/revisions\/7435"}],"up":[{"embeddable":true,"href":"https:\/\/www.tepo-consulting.ch\/fr\/wp-json\/wp\/v2\/pages\/6623"}],"wp:attachment":[{"href":"https:\/\/www.tepo-consulting.ch\/fr\/wp-json\/wp\/v2\/media?parent=6670"}],"curies":[{"name":"wp","href":"https:\/\/api.w.org\/{rel}","templated":true}]}}