{"id":6693,"date":"2023-03-30T11:22:05","date_gmt":"2023-03-30T09:22:05","guid":{"rendered":"https:\/\/www.tepo-consulting.ch\/?page_id=6693"},"modified":"2023-07-20T18:45:41","modified_gmt":"2023-07-20T16:45:41","slug":"catering-food","status":"publish","type":"page","link":"https:\/\/www.tepo-consulting.ch\/fr\/services\/tepo-trusted-partners\/catering-food\/","title":{"rendered":"Restauration &#038; alimentation"},"content":{"rendered":"\t\t<div data-elementor-type=\"wp-page\" data-elementor-id=\"6693\" class=\"elementor elementor-6693 elementor-561\">\n\t\t\t\t\t\t\t<div class=\"elementor-element elementor-element-d1e23c9 e-con-full e-flex e-con\" data-id=\"d1e23c9\" data-element_type=\"container\" data-settings=\"{&quot;content_width&quot;:&quot;full&quot;}\">\n\t\t<div class=\"elementor-element elementor-element-068e53e e-con-full e-flex e-con\" data-id=\"068e53e\" data-element_type=\"container\" data-settings=\"{&quot;content_width&quot;:&quot;full&quot;}\">\n\t\t\t\t<div class=\"elementor-element elementor-element-b9e31ad elementor-widget-divider--view-line elementor-widget elementor-widget-divider\" data-id=\"b9e31ad\" data-element_type=\"widget\" data-widget_type=\"divider.default\">\n\t\t\t\t<div class=\"elementor-widget-container\">\n\t\t\t<style>\/*! elementor - v3.13.3 - 28-05-2023 *\/\n.elementor-widget-divider{--divider-border-style:none;--divider-border-width:1px;--divider-color:#0c0d0e;--divider-icon-size:20px;--divider-element-spacing:10px;--divider-pattern-height:24px;--divider-pattern-size:20px;--divider-pattern-url:none;--divider-pattern-repeat:repeat-x}.elementor-widget-divider .elementor-divider{display:flex}.elementor-widget-divider .elementor-divider__text{font-size:15px;line-height:1;max-width:95%}.elementor-widget-divider .elementor-divider__element{margin:0 var(--divider-element-spacing);flex-shrink:0}.elementor-widget-divider .elementor-icon{font-size:var(--divider-icon-size)}.elementor-widget-divider .elementor-divider-separator{display:flex;margin:0;direction:ltr}.elementor-widget-divider--view-line_icon .elementor-divider-separator,.elementor-widget-divider--view-line_text .elementor-divider-separator{align-items:center}.elementor-widget-divider--view-line_icon .elementor-divider-separator:after,.elementor-widget-divider--view-line_icon .elementor-divider-separator:before,.elementor-widget-divider--view-line_text .elementor-divider-separator:after,.elementor-widget-divider--view-line_text .elementor-divider-separator:before{display:block;content:\"\";border-bottom:0;flex-grow:1;border-top:var(--divider-border-width) var(--divider-border-style) var(--divider-color)}.elementor-widget-divider--element-align-left .elementor-divider .elementor-divider-separator>.elementor-divider__svg:first-of-type{flex-grow:0;flex-shrink:100}.elementor-widget-divider--element-align-left .elementor-divider-separator:before{content:none}.elementor-widget-divider--element-align-left .elementor-divider__element{margin-left:0}.elementor-widget-divider--element-align-right .elementor-divider .elementor-divider-separator>.elementor-divider__svg:last-of-type{flex-grow:0;flex-shrink:100}.elementor-widget-divider--element-align-right .elementor-divider-separator:after{content:none}.elementor-widget-divider--element-align-right .elementor-divider__element{margin-right:0}.elementor-widget-divider:not(.elementor-widget-divider--view-line_text):not(.elementor-widget-divider--view-line_icon) .elementor-divider-separator{border-top:var(--divider-border-width) var(--divider-border-style) var(--divider-color)}.elementor-widget-divider--separator-type-pattern{--divider-border-style:none}.elementor-widget-divider--separator-type-pattern.elementor-widget-divider--view-line .elementor-divider-separator,.elementor-widget-divider--separator-type-pattern:not(.elementor-widget-divider--view-line) .elementor-divider-separator:after,.elementor-widget-divider--separator-type-pattern:not(.elementor-widget-divider--view-line) .elementor-divider-separator:before,.elementor-widget-divider--separator-type-pattern:not([class*=elementor-widget-divider--view]) .elementor-divider-separator{width:100%;min-height:var(--divider-pattern-height);-webkit-mask-size:var(--divider-pattern-size) 100%;mask-size:var(--divider-pattern-size) 100%;-webkit-mask-repeat:var(--divider-pattern-repeat);mask-repeat:var(--divider-pattern-repeat);background-color:var(--divider-color);-webkit-mask-image:var(--divider-pattern-url);mask-image:var(--divider-pattern-url)}.elementor-widget-divider--no-spacing{--divider-pattern-size:auto}.elementor-widget-divider--bg-round{--divider-pattern-repeat:round}.rtl .elementor-widget-divider .elementor-divider__text{direction:rtl}.e-con-inner>.elementor-widget-divider,.e-con>.elementor-widget-divider{width:var(--container-widget-width,100%);--flex-grow:var(--container-widget-flex-grow)}<\/style>\t\t<div class=\"elementor-divider\">\n\t\t\t<span class=\"elementor-divider-separator\">\n\t\t\t\t\t\t<\/span>\n\t\t<\/div>\n\t\t\t\t<\/div>\n\t\t\t\t<\/div>\n\t\t\t\t<div class=\"elementor-element elementor-element-8e8fcc6 elementor-widget elementor-widget-heading\" data-id=\"8e8fcc6\" data-element_type=\"widget\" data-widget_type=\"heading.default\">\n\t\t\t\t<div class=\"elementor-widget-container\">\n\t\t\t<style>\/*! elementor - v3.13.3 - 28-05-2023 *\/\n.elementor-heading-title{padding:0;margin:0;line-height:1}.elementor-widget-heading .elementor-heading-title[class*=elementor-size-]>a{color:inherit;font-size:inherit;line-height:inherit}.elementor-widget-heading .elementor-heading-title.elementor-size-small{font-size:15px}.elementor-widget-heading .elementor-heading-title.elementor-size-medium{font-size:19px}.elementor-widget-heading .elementor-heading-title.elementor-size-large{font-size:29px}.elementor-widget-heading .elementor-heading-title.elementor-size-xl{font-size:39px}.elementor-widget-heading .elementor-heading-title.elementor-size-xxl{font-size:59px}<\/style><h1 class=\"elementor-heading-title elementor-size-default\">Restauration & alimentation<\/h1>\t\t<\/div>\n\t\t\t\t<\/div>\n\t\t\t\t<div class=\"elementor-element elementor-element-6a173ab elementor-widget elementor-widget-text-editor\" data-id=\"6a173ab\" data-element_type=\"widget\" data-widget_type=\"text-editor.default\">\n\t\t\t\t<div class=\"elementor-widget-container\">\n\t\t\t<style>\/*! elementor - v3.13.3 - 28-05-2023 *\/\n.elementor-widget-text-editor.elementor-drop-cap-view-stacked .elementor-drop-cap{background-color:#69727d;color:#fff}.elementor-widget-text-editor.elementor-drop-cap-view-framed .elementor-drop-cap{color:#69727d;border:3px solid;background-color:transparent}.elementor-widget-text-editor:not(.elementor-drop-cap-view-default) .elementor-drop-cap{margin-top:8px}.elementor-widget-text-editor:not(.elementor-drop-cap-view-default) .elementor-drop-cap-letter{width:1em;height:1em}.elementor-widget-text-editor .elementor-drop-cap{float:left;text-align:center;line-height:1;font-size:50px}.elementor-widget-text-editor .elementor-drop-cap-letter{display:inline-block}<\/style>\t\t\t\t<p><\/p>\n<p>Les co\u00fbts de restauration dans de nombreuses \u00e9coles sont souvent la premi\u00e8re cat\u00e9gorie de d\u00e9penses, en excluant les salaires du personnel. De plus, le montant d\u00e9pens\u00e9 pour la restauration varie consid\u00e9rablement en fonction de la taille et du type d&rsquo;\u00e9cole (par exemple, internat ou non) et de la fa\u00e7on dont la restauration est g\u00e9r\u00e9e (en interne ou externalis\u00e9e). Le contenu et la qualit\u00e9 alimentaire, ainsi qu&rsquo;un menu \u00e9quilibr\u00e9 et vari\u00e9, sont \u00e9galement des \u00e9l\u00e9ments essentiels pour le succ\u00e8s de la restauration scolaire.<\/p>\n<p>Trois indicateurs cl\u00e9s de performance (KPI) \u00e9tablis aident \u00e0 guider l&rsquo;efficacit\u00e9 des d\u00e9penses et la valeur obtenue pour l&rsquo;argent d\u00e9pens\u00e9 :<\/p>\n<ol>\n<li>Co\u00fbt de la nourriture par \u00e9l\u00e8ve par an<\/li>\n<li>Co\u00fbt de la nourriture par repas<\/li>\n<li>Co\u00fbt de fonctionnement de la cuisine par an (c&rsquo;est-\u00e0-dire main-d&rsquo;\u0153uvre, frais g\u00e9n\u00e9raux, charges de gestion, etc.).<\/li>\n<\/ol>\n<p>Il existe de nombreux autres KPI qui peuvent aider \u00e0 am\u00e9liorer la fa\u00e7on dont votre argent est d\u00e9pens\u00e9 et la qualit\u00e9 du service fourni. Par exemple, combien du budget de restauration est r\u00e9ellement d\u00e9pens\u00e9 pour la nourriture des \u00e9l\u00e8ves par rapport \u00e0 celui d\u00e9pens\u00e9 pour le fonctionnement de la cuisine. Une r\u00e9partition \u00e9quitable de 50\/50 serait une attente raisonnable, mais il est surprenant de constater combien d&rsquo;\u00e9coles d\u00e9pensent plus en frais g\u00e9n\u00e9raux qu&rsquo;en nourriture r\u00e9elle !<\/p>\n<p>Les KPI de qualit\u00e9 tels que le taux de fr\u00e9quentation et les r\u00e9sultats des enqu\u00eates de satisfaction donnent des indicateurs de qualit\u00e9. Une gestion efficace et de qualit\u00e9 de la restauration scolaire implique la gestion de nombreux facteurs, mais une bonne gouvernance n\u00e9cessite le suivi de quelques KPI, que le service soit externalis\u00e9 ou g\u00e9r\u00e9 en interne.<\/p>\n<p><\/p>\n<p><\/p>\t\t\t\t\t\t<\/div>\n\t\t\t\t<\/div>\n\t\t\t\t<\/div>\n\t\t<div class=\"elementor-element elementor-element-5c052d7 e-con-full e-flex e-con\" data-id=\"5c052d7\" data-element_type=\"container\" data-settings=\"{&quot;content_width&quot;:&quot;full&quot;}\">\n\t\t\t\t<\/div>\n\t\t\t\t<\/div>\n\t\t<div class=\"elementor-element elementor-element-dbd105f e-con-boxed e-flex e-con\" data-id=\"dbd105f\" data-element_type=\"container\" data-settings=\"{&quot;background_background&quot;:&quot;classic&quot;,&quot;content_width&quot;:&quot;boxed&quot;}\">\n\t\t\t\t\t<div class=\"e-con-inner\">\n\t\t\t\t<div class=\"elementor-element elementor-element-73d59cf elementor-widget elementor-widget-image\" data-id=\"73d59cf\" data-element_type=\"widget\" data-widget_type=\"image.default\">\n\t\t\t\t<div class=\"elementor-widget-container\">\n\t\t\t<style>\/*! elementor - v3.13.3 - 28-05-2023 *\/\n.elementor-widget-image{text-align:center}.elementor-widget-image a{display:inline-block}.elementor-widget-image a img[src$=\".svg\"]{width:48px}.elementor-widget-image img{vertical-align:middle;display:inline-block}<\/style>\t\t\t\t\t\t\t\t\t\t\t\t<img loading=\"lazy\" decoding=\"async\" width=\"96\" height=\"96\" src=\"https:\/\/www.tepo-consulting.ch\/wp-content\/uploads\/2023\/03\/Groupe-161.svg\" class=\"attachment-large size-large wp-image-531\" alt=\"\" \/>\t\t\t\t\t\t\t\t\t\t\t\t\t\t\t<\/div>\n\t\t\t\t<\/div>\n\t\t\t\t<div class=\"elementor-element elementor-element-2f07790 elementor-widget elementor-widget-heading\" data-id=\"2f07790\" data-element_type=\"widget\" data-widget_type=\"heading.default\">\n\t\t\t\t<div class=\"elementor-widget-container\">\n\t\t\t<h2 class=\"elementor-heading-title elementor-size-default\">Alors, comment Tepo Consulting <br>peut-il aider ?<\/h2>\t\t<\/div>\n\t\t\t\t<\/div>\n\t\t\t\t\t<\/div>\n\t\t\t\t<\/div>\n\t\t<div class=\"elementor-element elementor-element-42b45c0 e-con-full e-flex e-con\" data-id=\"42b45c0\" data-element_type=\"container\" data-settings=\"{&quot;content_width&quot;:&quot;full&quot;,&quot;background_background&quot;:&quot;classic&quot;}\">\n\t\t<div class=\"elementor-element elementor-element-f0097ce e-con-full e-flex e-con\" data-id=\"f0097ce\" data-element_type=\"container\" data-settings=\"{&quot;content_width&quot;:&quot;full&quot;}\">\n\t\t\t\t<div class=\"elementor-element elementor-element-1a15690 elementor-widget elementor-widget-text-editor\" data-id=\"1a15690\" data-element_type=\"widget\" data-widget_type=\"text-editor.default\">\n\t\t\t\t<div class=\"elementor-widget-container\">\n\t\t\t\t\t\t\t<p>Les raisons d&rsquo;une performance apparemment m\u00e9diocre en mati\u00e8re de restauration peuvent avoir de nombreuses causes et n\u00e9cessiter des connaissances sp\u00e9cialis\u00e9es pour les identifier.<\/p>\n<p>C&rsquo;est pourquoi nous avons \u00e9tabli un partenariat avec PHAR, des consultants en gestion des co\u00fbts de restauration et d&rsquo;h\u00f4tellerie, qui poss\u00e8dent une riche exp\u00e9rience aupr\u00e8s des \u00e9coles et des h\u00f4tels en Suisse depuis 2006.<\/p>\n<p>L&rsquo;\u00e9quipe de PHAR r\u00e9alisera une \u00e9valuation ind\u00e9pendante et personnalis\u00e9e de la prestation de restauration pour votre \u00e9cole. Le champ d&rsquo;application de cette \u00e9valuation est de passer en revue un certain nombre de domaines fonctionnels cl\u00e9s qui sont suffisants pour identifier les points \u00e0 am\u00e9liorer. Par exemple :<\/p>\n<ol>\n<li>Ad\u00e9quation des allocations alimentaires (planification des menus)<\/li>\n<li>Examen des co\u00fbts alimentaires non essentiels (collations lors des matchs, salles communes, hospitalit\u00e9)<\/li>\n<li>Prix d&rsquo;achat obtenus (aliments et articles non alimentaires)<\/li>\n<li>Achats divers (par exemple, produits chimiques, articles jetables, nettoyages approfondis)<\/li>\n<li>Comparaison des frais de gestion et des remises sur les achats par rapport aux normes du secteur<\/li>\n<\/ol>\n<p>Cette \u00e9valuation n\u00e9cessite g\u00e9n\u00e9ralement 1 journ\u00e9e sur place (y compris des entretiens avec les parties prenantes cl\u00e9s), 2 jours d&rsquo;\u00e9criture de rapport \u00e0 distance et une pr\u00e9sentation finale des r\u00e9sultats.<\/p>\n<p>Si vous souhaitez en savoir plus ou si vous souhaitez r\u00e9server une \u00e9valuation, veuillez prendre contact avec Tepo Consulting ou contacter info@phar.swiss ou via le site Web de PHAR : <a href=\"https:\/\/phar.swiss\/en\/home-page\/\" target=\"_new\">https:\/\/phar.swiss\/en\/home-page\/<\/a><\/p>\t\t\t\t\t\t<\/div>\n\t\t\t\t<\/div>\n\t\t\t\t<\/div>\n\t\t<div class=\"elementor-element elementor-element-89477d7 e-con-full e-flex e-con\" data-id=\"89477d7\" data-element_type=\"container\" data-settings=\"{&quot;content_width&quot;:&quot;full&quot;}\">\n\t\t\t\t<div class=\"elementor-element elementor-element-a5e5ab1 elementor-widget elementor-widget-image\" data-id=\"a5e5ab1\" data-element_type=\"widget\" data-widget_type=\"image.default\">\n\t\t\t\t<div class=\"elementor-widget-container\">\n\t\t\t\t\t\t\t\t\t\t\t\t\t\t\t<img loading=\"lazy\" decoding=\"async\" width=\"800\" height=\"534\" src=\"https:\/\/www.tepo-consulting.ch\/wp-content\/uploads\/2023\/03\/shutterstock_282096881-1024x683.jpg\" class=\"attachment-large size-large wp-image-584\" alt=\"\" srcset=\"https:\/\/www.tepo-consulting.ch\/wp-content\/uploads\/2023\/03\/shutterstock_282096881-1024x683.jpg 1024w, https:\/\/www.tepo-consulting.ch\/wp-content\/uploads\/2023\/03\/shutterstock_282096881-300x200.jpg 300w, https:\/\/www.tepo-consulting.ch\/wp-content\/uploads\/2023\/03\/shutterstock_282096881-768x512.jpg 768w, https:\/\/www.tepo-consulting.ch\/wp-content\/uploads\/2023\/03\/shutterstock_282096881-1536x1024.jpg 1536w, https:\/\/www.tepo-consulting.ch\/wp-content\/uploads\/2023\/03\/shutterstock_282096881-2048x1366.jpg 2048w\" sizes=\"auto, (max-width: 800px) 100vw, 800px\" \/>\t\t\t\t\t\t\t\t\t\t\t\t\t\t\t<\/div>\n\t\t\t\t<\/div>\n\t\t\t\t<div class=\"elementor-element elementor-element-41f57be elementor-widget elementor-widget-image\" data-id=\"41f57be\" data-element_type=\"widget\" data-widget_type=\"image.default\">\n\t\t\t\t<div class=\"elementor-widget-container\">\n\t\t\t\t\t\t\t\t\t\t\t\t\t\t\t<img loading=\"lazy\" decoding=\"async\" width=\"800\" height=\"534\" src=\"https:\/\/www.tepo-consulting.ch\/wp-content\/uploads\/2023\/03\/shutterstock_2127480059-1024x683.jpg\" class=\"attachment-large size-large wp-image-585\" alt=\"\" srcset=\"https:\/\/www.tepo-consulting.ch\/wp-content\/uploads\/2023\/03\/shutterstock_2127480059-1024x683.jpg 1024w, https:\/\/www.tepo-consulting.ch\/wp-content\/uploads\/2023\/03\/shutterstock_2127480059-300x200.jpg 300w, https:\/\/www.tepo-consulting.ch\/wp-content\/uploads\/2023\/03\/shutterstock_2127480059-768x512.jpg 768w, https:\/\/www.tepo-consulting.ch\/wp-content\/uploads\/2023\/03\/shutterstock_2127480059-1536x1025.jpg 1536w, https:\/\/www.tepo-consulting.ch\/wp-content\/uploads\/2023\/03\/shutterstock_2127480059-2048x1366.jpg 2048w\" sizes=\"auto, (max-width: 800px) 100vw, 800px\" \/>\t\t\t\t\t\t\t\t\t\t\t\t\t\t\t<\/div>\n\t\t\t\t<\/div>\n\t\t\t\t<\/div>\n\t\t\t\t<\/div>\n\t\t\t\t\t\t\t<\/div>\n\t\t","protected":false},"excerpt":{"rendered":"<p>Restauration &#038; alimentation Les co\u00fbts de restauration dans de nombreuses \u00e9coles sont souvent la premi\u00e8re cat\u00e9gorie de d\u00e9penses, en excluant les salaires du personnel. De plus, le montant d\u00e9pens\u00e9 pour la restauration varie consid\u00e9rablement en fonction de la taille et du type d&rsquo;\u00e9cole (par exemple, internat ou non) et de la fa\u00e7on dont la restauration [&hellip;]<\/p>\n","protected":false},"author":6,"featured_media":0,"parent":6623,"menu_order":30,"comment_status":"closed","ping_status":"closed","template":"","meta":{"footnotes":""},"class_list":["post-6693","page","type-page","status-publish","hentry"],"acf":[],"yoast_head":"<!-- This site is optimized with the Yoast SEO plugin v21.9.1 - https:\/\/yoast.com\/wordpress\/plugins\/seo\/ -->\n<title>Restauration &amp; alimentation - Tepo consulting<\/title>\n<meta name=\"robots\" content=\"index, follow, max-snippet:-1, max-image-preview:large, max-video-preview:-1\" \/>\n<link rel=\"canonical\" href=\"https:\/\/www.tepo-consulting.ch\/fr\/services\/tepo-trusted-partners\/catering-food\/\" \/>\n<meta property=\"og:locale\" content=\"fr_FR\" \/>\n<meta property=\"og:type\" content=\"article\" \/>\n<meta property=\"og:title\" content=\"Restauration &amp; alimentation - Tepo consulting\" \/>\n<meta property=\"og:description\" content=\"Restauration &#038; alimentation Les co\u00fbts de restauration dans de nombreuses \u00e9coles sont souvent la premi\u00e8re cat\u00e9gorie de d\u00e9penses, en excluant les salaires du personnel. De plus, le montant d\u00e9pens\u00e9 pour la restauration varie consid\u00e9rablement en fonction de la taille et du type d&rsquo;\u00e9cole (par exemple, internat ou non) et de la fa\u00e7on dont la restauration [&hellip;]\" \/>\n<meta property=\"og:url\" content=\"https:\/\/www.tepo-consulting.ch\/fr\/services\/tepo-trusted-partners\/catering-food\/\" \/>\n<meta property=\"og:site_name\" content=\"Tepo consulting\" \/>\n<meta property=\"article:modified_time\" content=\"2023-07-20T16:45:41+00:00\" \/>\n<meta property=\"og:image\" content=\"https:\/\/www.tepo-consulting.ch\/wp-content\/uploads\/2023\/03\/Groupe-161.svg\" \/>\n<meta name=\"twitter:card\" content=\"summary_large_image\" \/>\n<meta name=\"twitter:label1\" content=\"Dur\u00e9e de lecture estim\u00e9e\" \/>\n\t<meta name=\"twitter:data1\" content=\"3 minutes\" \/>\n<script type=\"application\/ld+json\" class=\"yoast-schema-graph\">{\"@context\":\"https:\/\/schema.org\",\"@graph\":[{\"@type\":\"WebPage\",\"@id\":\"https:\/\/www.tepo-consulting.ch\/fr\/services\/tepo-trusted-partners\/catering-food\/\",\"url\":\"https:\/\/www.tepo-consulting.ch\/fr\/services\/tepo-trusted-partners\/catering-food\/\",\"name\":\"Restauration & alimentation - Tepo consulting\",\"isPartOf\":{\"@id\":\"https:\/\/www.tepo-consulting.ch\/#website\"},\"datePublished\":\"2023-03-30T09:22:05+00:00\",\"dateModified\":\"2023-07-20T16:45:41+00:00\",\"breadcrumb\":{\"@id\":\"https:\/\/www.tepo-consulting.ch\/fr\/services\/tepo-trusted-partners\/catering-food\/#breadcrumb\"},\"inLanguage\":\"fr-FR\",\"potentialAction\":[{\"@type\":\"ReadAction\",\"target\":[\"https:\/\/www.tepo-consulting.ch\/fr\/services\/tepo-trusted-partners\/catering-food\/\"]}]},{\"@type\":\"BreadcrumbList\",\"@id\":\"https:\/\/www.tepo-consulting.ch\/fr\/services\/tepo-trusted-partners\/catering-food\/#breadcrumb\",\"itemListElement\":[{\"@type\":\"ListItem\",\"position\":1,\"name\":\"Home\",\"item\":\"https:\/\/www.tepo-consulting.ch\/fr\/accueil\/\"},{\"@type\":\"ListItem\",\"position\":2,\"name\":\"Services\",\"item\":\"https:\/\/www.tepo-consulting.ch\/fr\/services\/\"},{\"@type\":\"ListItem\",\"position\":3,\"name\":\"Partenaires de Confiance Tepo\",\"item\":\"https:\/\/www.tepo-consulting.ch\/fr\/services\/tepo-trusted-partners\/\"},{\"@type\":\"ListItem\",\"position\":4,\"name\":\"Restauration &#038; alimentation\"}]},{\"@type\":\"WebSite\",\"@id\":\"https:\/\/www.tepo-consulting.ch\/#website\",\"url\":\"https:\/\/www.tepo-consulting.ch\/\",\"name\":\"Tepo consulting\",\"description\":\"\",\"publisher\":{\"@id\":\"https:\/\/www.tepo-consulting.ch\/#organization\"},\"potentialAction\":[{\"@type\":\"SearchAction\",\"target\":{\"@type\":\"EntryPoint\",\"urlTemplate\":\"https:\/\/www.tepo-consulting.ch\/?s={search_term_string}\"},\"query-input\":\"required name=search_term_string\"}],\"inLanguage\":\"fr-FR\"},{\"@type\":\"Organization\",\"@id\":\"https:\/\/www.tepo-consulting.ch\/#organization\",\"name\":\"Tepo consulting\",\"url\":\"https:\/\/www.tepo-consulting.ch\/\",\"logo\":{\"@type\":\"ImageObject\",\"inLanguage\":\"fr-FR\",\"@id\":\"https:\/\/www.tepo-consulting.ch\/#\/schema\/logo\/image\/\",\"url\":\"https:\/\/www.tepo-consulting.ch\/wp-content\/uploads\/2023\/03\/white-Logo.svg\",\"contentUrl\":\"https:\/\/www.tepo-consulting.ch\/wp-content\/uploads\/2023\/03\/white-Logo.svg\",\"width\":226,\"height\":92,\"caption\":\"Tepo consulting\"},\"image\":{\"@id\":\"https:\/\/www.tepo-consulting.ch\/#\/schema\/logo\/image\/\"}}]}<\/script>\n<!-- \/ Yoast SEO plugin. -->","yoast_head_json":{"title":"Restauration & alimentation - Tepo consulting","robots":{"index":"index","follow":"follow","max-snippet":"max-snippet:-1","max-image-preview":"max-image-preview:large","max-video-preview":"max-video-preview:-1"},"canonical":"https:\/\/www.tepo-consulting.ch\/fr\/services\/tepo-trusted-partners\/catering-food\/","og_locale":"fr_FR","og_type":"article","og_title":"Restauration & alimentation - Tepo consulting","og_description":"Restauration &#038; alimentation Les co\u00fbts de restauration dans de nombreuses \u00e9coles sont souvent la premi\u00e8re cat\u00e9gorie de d\u00e9penses, en excluant les salaires du personnel. De plus, le montant d\u00e9pens\u00e9 pour la restauration varie consid\u00e9rablement en fonction de la taille et du type d&rsquo;\u00e9cole (par exemple, internat ou non) et de la fa\u00e7on dont la restauration [&hellip;]","og_url":"https:\/\/www.tepo-consulting.ch\/fr\/services\/tepo-trusted-partners\/catering-food\/","og_site_name":"Tepo consulting","article_modified_time":"2023-07-20T16:45:41+00:00","og_image":[{"url":"https:\/\/www.tepo-consulting.ch\/wp-content\/uploads\/2023\/03\/Groupe-161.svg"}],"twitter_card":"summary_large_image","twitter_misc":{"Dur\u00e9e de lecture estim\u00e9e":"3 minutes"},"schema":{"@context":"https:\/\/schema.org","@graph":[{"@type":"WebPage","@id":"https:\/\/www.tepo-consulting.ch\/fr\/services\/tepo-trusted-partners\/catering-food\/","url":"https:\/\/www.tepo-consulting.ch\/fr\/services\/tepo-trusted-partners\/catering-food\/","name":"Restauration & alimentation - Tepo consulting","isPartOf":{"@id":"https:\/\/www.tepo-consulting.ch\/#website"},"datePublished":"2023-03-30T09:22:05+00:00","dateModified":"2023-07-20T16:45:41+00:00","breadcrumb":{"@id":"https:\/\/www.tepo-consulting.ch\/fr\/services\/tepo-trusted-partners\/catering-food\/#breadcrumb"},"inLanguage":"fr-FR","potentialAction":[{"@type":"ReadAction","target":["https:\/\/www.tepo-consulting.ch\/fr\/services\/tepo-trusted-partners\/catering-food\/"]}]},{"@type":"BreadcrumbList","@id":"https:\/\/www.tepo-consulting.ch\/fr\/services\/tepo-trusted-partners\/catering-food\/#breadcrumb","itemListElement":[{"@type":"ListItem","position":1,"name":"Home","item":"https:\/\/www.tepo-consulting.ch\/fr\/accueil\/"},{"@type":"ListItem","position":2,"name":"Services","item":"https:\/\/www.tepo-consulting.ch\/fr\/services\/"},{"@type":"ListItem","position":3,"name":"Partenaires de Confiance Tepo","item":"https:\/\/www.tepo-consulting.ch\/fr\/services\/tepo-trusted-partners\/"},{"@type":"ListItem","position":4,"name":"Restauration &#038; alimentation"}]},{"@type":"WebSite","@id":"https:\/\/www.tepo-consulting.ch\/#website","url":"https:\/\/www.tepo-consulting.ch\/","name":"Tepo consulting","description":"","publisher":{"@id":"https:\/\/www.tepo-consulting.ch\/#organization"},"potentialAction":[{"@type":"SearchAction","target":{"@type":"EntryPoint","urlTemplate":"https:\/\/www.tepo-consulting.ch\/?s={search_term_string}"},"query-input":"required name=search_term_string"}],"inLanguage":"fr-FR"},{"@type":"Organization","@id":"https:\/\/www.tepo-consulting.ch\/#organization","name":"Tepo consulting","url":"https:\/\/www.tepo-consulting.ch\/","logo":{"@type":"ImageObject","inLanguage":"fr-FR","@id":"https:\/\/www.tepo-consulting.ch\/#\/schema\/logo\/image\/","url":"https:\/\/www.tepo-consulting.ch\/wp-content\/uploads\/2023\/03\/white-Logo.svg","contentUrl":"https:\/\/www.tepo-consulting.ch\/wp-content\/uploads\/2023\/03\/white-Logo.svg","width":226,"height":92,"caption":"Tepo consulting"},"image":{"@id":"https:\/\/www.tepo-consulting.ch\/#\/schema\/logo\/image\/"}}]}},"_links":{"self":[{"href":"https:\/\/www.tepo-consulting.ch\/fr\/wp-json\/wp\/v2\/pages\/6693","targetHints":{"allow":["GET"]}}],"collection":[{"href":"https:\/\/www.tepo-consulting.ch\/fr\/wp-json\/wp\/v2\/pages"}],"about":[{"href":"https:\/\/www.tepo-consulting.ch\/fr\/wp-json\/wp\/v2\/types\/page"}],"author":[{"embeddable":true,"href":"https:\/\/www.tepo-consulting.ch\/fr\/wp-json\/wp\/v2\/users\/6"}],"replies":[{"embeddable":true,"href":"https:\/\/www.tepo-consulting.ch\/fr\/wp-json\/wp\/v2\/comments?post=6693"}],"version-history":[{"count":22,"href":"https:\/\/www.tepo-consulting.ch\/fr\/wp-json\/wp\/v2\/pages\/6693\/revisions"}],"predecessor-version":[{"id":7511,"href":"https:\/\/www.tepo-consulting.ch\/fr\/wp-json\/wp\/v2\/pages\/6693\/revisions\/7511"}],"up":[{"embeddable":true,"href":"https:\/\/www.tepo-consulting.ch\/fr\/wp-json\/wp\/v2\/pages\/6623"}],"wp:attachment":[{"href":"https:\/\/www.tepo-consulting.ch\/fr\/wp-json\/wp\/v2\/media?parent=6693"}],"curies":[{"name":"wp","href":"https:\/\/api.w.org\/{rel}","templated":true}]}}